
{"id":597,"date":"2020-09-23T07:21:10","date_gmt":"2020-09-23T05:21:10","guid":{"rendered":"http:\/\/autolineelumia.com\/?page_id=597"},"modified":"2020-09-23T07:21:11","modified_gmt":"2020-09-23T05:21:11","slug":"informations-de-confidentialite-pour-la-navigation-sur-le-site-web","status":"publish","type":"page","link":"https:\/\/autolineelumia.com\/index.php\/fr\/informations-de-confidentialite-pour-la-navigation-sur-le-site-web\/","title":{"rendered":"Informations de confidentialit\u00e9 pour la navigation sur le site Web"},"content":{"rendered":"\n<p style=\"font-size:28px\">Informations sur le traitement des donn\u00e9es personnelles conform\u00e9ment \u00e0 l&#8217;article 13 du r\u00e8glement europ\u00e9en 2016\/679 pour la navigation sur le site.<\/p>\n\n\n\n<p>Cher navigateur,<br>Salvatore Lumia srl, en la personne de son repr\u00e9sentant l\u00e9gal pro tempore, e-mail: info@autolineelumia.it, en tant que responsable du traitement, souhaite vous informer que le r\u00e8glement europ\u00e9en 2016\/679 \u00abR\u00e8glement g\u00e9n\u00e9ral sur la protection des donn\u00e9es\u00bb &#8211; RGPD (qui remplace en partie le pr\u00e9c\u00e9dent d\u00e9cret l\u00e9gislatif 196\/03 &#8220;Code de la vie priv\u00e9e&#8221;) pr\u00e9voit la protection des personnes physiques \u00e0 l&#8217;\u00e9gard du traitement des donn\u00e9es personnelles. Conform\u00e9ment aux dispositions des articles 13 et 14 du r\u00e8glement UE 2016\/679, nous vous fournissons donc ces informations.<br>Finalit\u00e9 du traitement des donn\u00e9es sur le site<br>Les donn\u00e9es personnelles fournies par l&#8217;utilisateur via le formulaire appropri\u00e9 sont utilis\u00e9es dans le seul but de r\u00e9pondre \u00e0 la demande d&#8217;informations et pour des activit\u00e9s strictement li\u00e9es et instrumentales.<br>M\u00e9thodes de traitement des donn\u00e9es<br>Les donn\u00e9es collect\u00e9es sont trait\u00e9es avec des outils informatiques et uniquement de mani\u00e8re r\u00e9siduelle avec des m\u00e9thodes papier, dans le respect des obligations de s\u00e9curit\u00e9 prescrites par la l\u00e9gislation en vigueur pour \u00e9viter la perte de donn\u00e9es, l&#8217;utilisation illicite ou incorrecte et l&#8217;acc\u00e8s non autoris\u00e9.<br>Communication et diffusion<br>Les donn\u00e9es collect\u00e9es ne seront pas divulgu\u00e9es, vendues ou \u00e9chang\u00e9es avec des tiers sans le consentement expr\u00e8s de l&#8217;int\u00e9ress\u00e9, sauf dans les cas o\u00f9 une communication \u00e0 des tiers (soci\u00e9t\u00e9s de fourniture et d&#8217;assistance informatique, consultants en communication) est n\u00e9cessaire. pour remplir les obligations l\u00e9gales ou pour traiter les demandes formul\u00e9es par l&#8217;int\u00e9ress\u00e9.<br>L&#8217;int\u00e9ress\u00e9 peut demander la liste des parties externes qui exercent leurs activit\u00e9s en tant que responsables de la confidentialit\u00e9, nomination de droit sp\u00e9cifiquement conf\u00e9r\u00e9e par le responsable du traitement conform\u00e9ment \u00e0 l&#8217;art. 28 du r\u00e8glement UE 2016\/679.<br>Nature de la disposition<br>La fourniture de donn\u00e9es est facultative. Tout refus emp\u00eache le propri\u00e9taire de r\u00e9pondre aux demandes formul\u00e9es par l&#8217;int\u00e9ress\u00e9.<br>M\u00e9thodes de traitement, stockage des donn\u00e9es et mesures de s\u00e9curit\u00e9<br>Les donn\u00e9es seront trait\u00e9es \u00e0 l&#8217;aide de moyens \u00e9lectroniques ou automatis\u00e9s, conserv\u00e9es pendant le temps strictement n\u00e9cessaire pour traiter les demandes de l&#8217;int\u00e9ress\u00e9 et en tout cas dans le respect des termes de la loi, principalement sur des serveurs situ\u00e9s au si\u00e8ge de Salvatore Lumia srl.<br>Exercice des droits<br>\u00c0 tout moment, vous pouvez exercer vos droits envers le contr\u00f4leur de donn\u00e9es, e-mail: info@autolineelumia.it, (droit de demander au contr\u00f4leur de donn\u00e9es d&#8217;acc\u00e9der aux donn\u00e9es personnelles et de les corriger ou de les supprimer ou traitement le concernant ou de s&#8217;opposer \u00e0 leur traitement, droit \u00e0 la portabilit\u00e9 des donn\u00e9es) sp\u00e9cifiquement pr\u00e9vu par le chapitre III du r\u00e8glement europ\u00e9en 2016\/679.<br>Si vous constatez une violation de vos droits, vous pouvez contacter l&#8217;autorit\u00e9 de contr\u00f4le comp\u00e9tente, l&#8217;Autorit\u00e9 de protection des donn\u00e9es, conform\u00e9ment \u00e0 l&#8217;art. 77 du r\u00e8glement UE 679\/2016.<br>Salvatore Lumia srl \u200b\u200ba nomm\u00e9 un DPO en charge de la protection des donn\u00e9es (RPD) qui peut \u00eatre contact\u00e9 via l&#8217;adresse e-mail: privacy@ergon.palermo.it &#8211; \u200b\u200bergon.serviziodpo@pec.it.<\/p>\n","protected":false},"excerpt":{"rendered":"<div class=\"slide-text-bg2\"><span>Informations sur le traitement des donn\u00e9es personnelles conform\u00e9ment \u00e0 l&#8217;article 13 du r\u00e8glement europ\u00e9en 2016\/679 pour la navigation sur le sit<\/span><\/div>\n<div class=\"slide-btn-area-sm\"><a href=\"https:\/\/autolineelumia.com\/index.php\/fr\/informations-de-confidentialite-pour-la-navigation-sur-le-site-web\/\" class=\"slide-btn-sm\">Leggi tutto<\/a><\/div>\n","protected":false},"author":1,"featured_media":0,"parent":0,"menu_order":0,"comment_status":"closed","ping_status":"closed","template":"","meta":{"footnotes":""},"class_list":["post-597","page","type-page","status-publish","hentry"],"yoast_head":"<!-- This site is optimized with the Yoast SEO plugin v26.9 - https:\/\/yoast.com\/product\/yoast-seo-wordpress\/ -->\n<title>Informations de confidentialit\u00e9 pour la navigation sur le site Web &#8212; Autolinee Salvatore Lumia<\/title>\n<meta name=\"robots\" content=\"index, follow, max-snippet:-1, max-image-preview:large, max-video-preview:-1\" \/>\n<link rel=\"canonical\" href=\"https:\/\/autolineelumia.com\/index.php\/fr\/informations-de-confidentialite-pour-la-navigation-sur-le-site-web\/\" \/>\n<meta property=\"og:locale\" content=\"it_IT\" \/>\n<meta property=\"og:type\" content=\"article\" \/>\n<meta property=\"og:title\" content=\"Informations de confidentialit\u00e9 pour la navigation sur le site Web &#8212; Autolinee Salvatore Lumia\" \/>\n<meta property=\"og:description\" content=\"Informations sur le traitement des donn\u00e9es personnelles conform\u00e9ment \u00e0 l&#8217;article 13 du r\u00e8glement europ\u00e9en 2016\/679 pour la navigation sur le sitLeggi tutto\" \/>\n<meta property=\"og:url\" content=\"https:\/\/autolineelumia.com\/index.php\/fr\/informations-de-confidentialite-pour-la-navigation-sur-le-site-web\/\" \/>\n<meta property=\"og:site_name\" content=\"Autolinee Salvatore Lumia\" \/>\n<meta property=\"article:modified_time\" content=\"2020-09-23T05:21:11+00:00\" \/>\n<meta name=\"twitter:card\" content=\"summary_large_image\" \/>\n<meta name=\"twitter:label1\" content=\"Tempo di lettura stimato\" \/>\n\t<meta name=\"twitter:data1\" content=\"3 minuti\" \/>\n<script type=\"application\/ld+json\" class=\"yoast-schema-graph\">{\"@context\":\"https:\/\/schema.org\",\"@graph\":[{\"@type\":\"WebPage\",\"@id\":\"https:\/\/autolineelumia.com\/index.php\/fr\/informations-de-confidentialite-pour-la-navigation-sur-le-site-web\/\",\"url\":\"https:\/\/autolineelumia.com\/index.php\/fr\/informations-de-confidentialite-pour-la-navigation-sur-le-site-web\/\",\"name\":\"Informations de confidentialit\u00e9 pour la navigation sur le site Web &#8212; Autolinee Salvatore Lumia\",\"isPartOf\":{\"@id\":\"https:\/\/autolineelumia.com\/#website\"},\"datePublished\":\"2020-09-23T05:21:10+00:00\",\"dateModified\":\"2020-09-23T05:21:11+00:00\",\"breadcrumb\":{\"@id\":\"https:\/\/autolineelumia.com\/index.php\/fr\/informations-de-confidentialite-pour-la-navigation-sur-le-site-web\/#breadcrumb\"},\"inLanguage\":\"it-IT\",\"potentialAction\":[{\"@type\":\"ReadAction\",\"target\":[\"https:\/\/autolineelumia.com\/index.php\/fr\/informations-de-confidentialite-pour-la-navigation-sur-le-site-web\/\"]}]},{\"@type\":\"BreadcrumbList\",\"@id\":\"https:\/\/autolineelumia.com\/index.php\/fr\/informations-de-confidentialite-pour-la-navigation-sur-le-site-web\/#breadcrumb\",\"itemListElement\":[{\"@type\":\"ListItem\",\"position\":1,\"name\":\"Home\",\"item\":\"https:\/\/autolineelumia.com\/\"},{\"@type\":\"ListItem\",\"position\":2,\"name\":\"Informations de confidentialit\u00e9 pour la navigation sur le site Web\"}]},{\"@type\":\"WebSite\",\"@id\":\"https:\/\/autolineelumia.com\/#website\",\"url\":\"https:\/\/autolineelumia.com\/\",\"name\":\"Autolinee Salvatore Lumia\",\"description\":\"\",\"publisher\":{\"@id\":\"https:\/\/autolineelumia.com\/#organization\"},\"potentialAction\":[{\"@type\":\"SearchAction\",\"target\":{\"@type\":\"EntryPoint\",\"urlTemplate\":\"https:\/\/autolineelumia.com\/?s={search_term_string}\"},\"query-input\":{\"@type\":\"PropertyValueSpecification\",\"valueRequired\":true,\"valueName\":\"search_term_string\"}}],\"inLanguage\":\"it-IT\"},{\"@type\":\"Organization\",\"@id\":\"https:\/\/autolineelumia.com\/#organization\",\"name\":\"Salvatore Lumia Autolinee\",\"url\":\"https:\/\/autolineelumia.com\/\",\"logo\":{\"@type\":\"ImageObject\",\"inLanguage\":\"it-IT\",\"@id\":\"https:\/\/autolineelumia.com\/#\/schema\/logo\/image\/\",\"url\":\"https:\/\/autolineelumia.com\/wp-content\/uploads\/2018\/06\/r2_c4.gif\",\"contentUrl\":\"https:\/\/autolineelumia.com\/wp-content\/uploads\/2018\/06\/r2_c4.gif\",\"width\":193,\"height\":70,\"caption\":\"Salvatore Lumia Autolinee\"},\"image\":{\"@id\":\"https:\/\/autolineelumia.com\/#\/schema\/logo\/image\/\"}}]}<\/script>\n<!-- \/ Yoast SEO plugin. -->","yoast_head_json":{"title":"Informations de confidentialit\u00e9 pour la navigation sur le site Web &#8212; Autolinee Salvatore Lumia","robots":{"index":"index","follow":"follow","max-snippet":"max-snippet:-1","max-image-preview":"max-image-preview:large","max-video-preview":"max-video-preview:-1"},"canonical":"https:\/\/autolineelumia.com\/index.php\/fr\/informations-de-confidentialite-pour-la-navigation-sur-le-site-web\/","og_locale":"it_IT","og_type":"article","og_title":"Informations de confidentialit\u00e9 pour la navigation sur le site Web &#8212; Autolinee Salvatore Lumia","og_description":"Informations sur le traitement des donn\u00e9es personnelles conform\u00e9ment \u00e0 l&#8217;article 13 du r\u00e8glement europ\u00e9en 2016\/679 pour la navigation sur le sitLeggi tutto","og_url":"https:\/\/autolineelumia.com\/index.php\/fr\/informations-de-confidentialite-pour-la-navigation-sur-le-site-web\/","og_site_name":"Autolinee Salvatore Lumia","article_modified_time":"2020-09-23T05:21:11+00:00","twitter_card":"summary_large_image","twitter_misc":{"Tempo di lettura stimato":"3 minuti"},"schema":{"@context":"https:\/\/schema.org","@graph":[{"@type":"WebPage","@id":"https:\/\/autolineelumia.com\/index.php\/fr\/informations-de-confidentialite-pour-la-navigation-sur-le-site-web\/","url":"https:\/\/autolineelumia.com\/index.php\/fr\/informations-de-confidentialite-pour-la-navigation-sur-le-site-web\/","name":"Informations de confidentialit\u00e9 pour la navigation sur le site Web &#8212; Autolinee Salvatore Lumia","isPartOf":{"@id":"https:\/\/autolineelumia.com\/#website"},"datePublished":"2020-09-23T05:21:10+00:00","dateModified":"2020-09-23T05:21:11+00:00","breadcrumb":{"@id":"https:\/\/autolineelumia.com\/index.php\/fr\/informations-de-confidentialite-pour-la-navigation-sur-le-site-web\/#breadcrumb"},"inLanguage":"it-IT","potentialAction":[{"@type":"ReadAction","target":["https:\/\/autolineelumia.com\/index.php\/fr\/informations-de-confidentialite-pour-la-navigation-sur-le-site-web\/"]}]},{"@type":"BreadcrumbList","@id":"https:\/\/autolineelumia.com\/index.php\/fr\/informations-de-confidentialite-pour-la-navigation-sur-le-site-web\/#breadcrumb","itemListElement":[{"@type":"ListItem","position":1,"name":"Home","item":"https:\/\/autolineelumia.com\/"},{"@type":"ListItem","position":2,"name":"Informations de confidentialit\u00e9 pour la navigation sur le site Web"}]},{"@type":"WebSite","@id":"https:\/\/autolineelumia.com\/#website","url":"https:\/\/autolineelumia.com\/","name":"Autolinee Salvatore Lumia","description":"","publisher":{"@id":"https:\/\/autolineelumia.com\/#organization"},"potentialAction":[{"@type":"SearchAction","target":{"@type":"EntryPoint","urlTemplate":"https:\/\/autolineelumia.com\/?s={search_term_string}"},"query-input":{"@type":"PropertyValueSpecification","valueRequired":true,"valueName":"search_term_string"}}],"inLanguage":"it-IT"},{"@type":"Organization","@id":"https:\/\/autolineelumia.com\/#organization","name":"Salvatore Lumia Autolinee","url":"https:\/\/autolineelumia.com\/","logo":{"@type":"ImageObject","inLanguage":"it-IT","@id":"https:\/\/autolineelumia.com\/#\/schema\/logo\/image\/","url":"https:\/\/autolineelumia.com\/wp-content\/uploads\/2018\/06\/r2_c4.gif","contentUrl":"https:\/\/autolineelumia.com\/wp-content\/uploads\/2018\/06\/r2_c4.gif","width":193,"height":70,"caption":"Salvatore Lumia Autolinee"},"image":{"@id":"https:\/\/autolineelumia.com\/#\/schema\/logo\/image\/"}}]}},"_links":{"self":[{"href":"https:\/\/autolineelumia.com\/index.php\/wp-json\/wp\/v2\/pages\/597","targetHints":{"allow":["GET"]}}],"collection":[{"href":"https:\/\/autolineelumia.com\/index.php\/wp-json\/wp\/v2\/pages"}],"about":[{"href":"https:\/\/autolineelumia.com\/index.php\/wp-json\/wp\/v2\/types\/page"}],"author":[{"embeddable":true,"href":"https:\/\/autolineelumia.com\/index.php\/wp-json\/wp\/v2\/users\/1"}],"replies":[{"embeddable":true,"href":"https:\/\/autolineelumia.com\/index.php\/wp-json\/wp\/v2\/comments?post=597"}],"version-history":[{"count":1,"href":"https:\/\/autolineelumia.com\/index.php\/wp-json\/wp\/v2\/pages\/597\/revisions"}],"predecessor-version":[{"id":598,"href":"https:\/\/autolineelumia.com\/index.php\/wp-json\/wp\/v2\/pages\/597\/revisions\/598"}],"wp:attachment":[{"href":"https:\/\/autolineelumia.com\/index.php\/wp-json\/wp\/v2\/media?parent=597"}],"curies":[{"name":"wp","href":"https:\/\/api.w.org\/{rel}","templated":true}]}}