
{"id":595,"date":"2020-09-23T07:20:00","date_gmt":"2020-09-23T05:20:00","guid":{"rendered":"http:\/\/autolineelumia.com\/?page_id=595"},"modified":"2020-09-23T07:20:00","modified_gmt":"2020-09-23T05:20:00","slug":"datenschutzinformationen-zum-surfen-auf-der-website","status":"publish","type":"page","link":"https:\/\/autolineelumia.com\/index.php\/de\/datenschutzinformationen-zum-surfen-auf-der-website\/","title":{"rendered":"Datenschutzinformationen zum Surfen auf der Website"},"content":{"rendered":"\n<p style=\"font-size:28px\">Informationen zur Verarbeitung personenbezogener Daten gem\u00e4\u00df Artikel 13 der Europ\u00e4ischen Verordnung 2016\/679 zum Surfen auf der Website.<\/p>\n\n\n\n<p><\/p>\n\n\n\n<p>Lieber Navigator,<br>Salvatore Lumia srl, in der Person seines vor\u00fcbergehenden gesetzlichen Vertreters, E-Mail: info@autolineelumia.it, als Datenverantwortlicher, m\u00f6chte Sie dar\u00fcber informieren, dass die Europ\u00e4ische Verordnung 2016\/679 &#8220;Allgemeine Datenschutzverordnung&#8221; &#8211; DSGVO (der das bisherige &#8220;Privacy Code&#8221; -Gesetzesdekret 196\/03 teilweise ersetzt) \u200b\u200bsieht den Schutz von Personen bei der Verarbeitung personenbezogener Daten vor. In \u00dcbereinstimmung mit den Bestimmungen der Artikel 13 und 14 der EU-Verordnung 2016\/679 stellen wir Ihnen daher diese Informationen zur Verf\u00fcgung.<br>Zweck der Datenverarbeitung auf der Website<br>Die vom Benutzer \u00fcber das entsprechende Formular bereitgestellten personenbezogenen Daten werden ausschlie\u00dflich zum Zwecke der Beantwortung der Informationsanfrage und f\u00fcr Aktivit\u00e4ten verwendet, die eng miteinander verbunden und instrumentell sind.<br>Methoden zur Datenverarbeitung<br>Die gesammelten Daten werden mit IT-Tools und nur in Restform mit Papiermethoden verarbeitet, wobei die in den geltenden Gesetzen vorgeschriebenen Sicherheitsverpflichtungen zur Verhinderung von Datenverlust, illegaler oder falscher Verwendung und unbefugtem Zugriff eingehalten werden.<br>Kommunikation und Verbreitung<br>Die erhobenen Daten werden ohne ausdr\u00fcckliche Zustimmung des Interessenten nicht an Dritte weitergegeben, verkauft oder ausgetauscht, es sei denn, eine Kommunikation mit Dritten (Unternehmen, die IT-Liefer- und Unterst\u00fctzungsdienste anbieten, Kommunikationsberater) ist erforderlich. gesetzliche Verpflichtungen zu erf\u00fcllen oder Anfragen des Interessenten zu bearbeiten.<br>Die interessierte Partei kann die Liste der externen Parteien anfordern, die ihre T\u00e4tigkeiten als Datenschutzmanager aus\u00fcben, und die vom Datenverantwortlichen gem\u00e4\u00df Art. 28 der EU-Verordnung 2016\/679.<br>Art der Bestimmung<br>Die Bereitstellung von Daten ist optional. Eine Ablehnung macht es dem Eigent\u00fcmer unm\u00f6glich, auf die Anfragen des Interessenten zu antworten.<br>Methoden der Verarbeitung, Datenspeicherung und Sicherheitsma\u00dfnahmen<br>Die Daten werden mit Hilfe elektronischer oder automatisierter Mittel verarbeitet, so lange aufbewahrt, wie es f\u00fcr die Bearbeitung der Anfragen des Interessenten unbedingt erforderlich ist, und in jedem Fall in \u00dcbereinstimmung mit den gesetzlichen Bestimmungen, haupts\u00e4chlich auf Servern am Hauptsitz von Salvatore Lumia srl.<br>Aus\u00fcbung von Rechten<br>Sie k\u00f6nnen jederzeit Ihre Rechte gegen\u00fcber dem Datenverantwortlichen aus\u00fcben, E-Mail: info@autolineelumia.it (Recht, den Datenverantwortlichen aufzufordern, auf personenbezogene Daten zuzugreifen und diese zu korrigieren oder zu l\u00f6schen oder die Daten einzuschr\u00e4nken Behandlung, die ihn betrifft oder deren Behandlung ablehnt, Recht auf Daten\u00fcbertragbarkeit), die speziell in Kapitel III der Europ\u00e4ischen Verordnung 2016\/679 vorgesehen ist.<br>Wenn Sie eine Verletzung Ihrer Rechte feststellen, k\u00f6nnen Sie sich gem\u00e4\u00df Art. 4 an die zust\u00e4ndige Aufsichtsbeh\u00f6rde, die Datenschutzbeh\u00f6rde, wenden. 77 der EU-Verordnung 679\/2016.<br>Salvatore Lumia srl \u200b\u200bhat einen Datenschutzbeauftragten (RPD) ernannt, der \u00fcber die E-Mail-Adresse privacy@ergon.palermo.it &#8211; \u200b\u200bergon.serviziodpo@pec.it kontaktiert werden kann.<\/p>\n","protected":false},"excerpt":{"rendered":"<div class=\"slide-text-bg2\"><span>Informationen zur Verarbeitung personenbezogener Daten gem\u00e4\u00df Artikel 13 der Europ\u00e4ischen Verordnung 2016\/679 zum Surfen auf der Website. Lieber Navigato<\/span><\/div>\n<div class=\"slide-btn-area-sm\"><a href=\"https:\/\/autolineelumia.com\/index.php\/de\/datenschutzinformationen-zum-surfen-auf-der-website\/\" class=\"slide-btn-sm\">Leggi tutto<\/a><\/div>\n","protected":false},"author":1,"featured_media":0,"parent":0,"menu_order":0,"comment_status":"closed","ping_status":"closed","template":"","meta":{"footnotes":""},"class_list":["post-595","page","type-page","status-publish","hentry"],"yoast_head":"<!-- This site is optimized with the Yoast SEO plugin v26.9 - https:\/\/yoast.com\/product\/yoast-seo-wordpress\/ -->\n<title>Datenschutzinformationen zum Surfen auf der Website &#8212; Autolinee Salvatore Lumia<\/title>\n<meta name=\"robots\" content=\"index, follow, max-snippet:-1, max-image-preview:large, max-video-preview:-1\" \/>\n<link rel=\"canonical\" href=\"https:\/\/autolineelumia.com\/index.php\/de\/datenschutzinformationen-zum-surfen-auf-der-website\/\" \/>\n<meta property=\"og:locale\" content=\"it_IT\" \/>\n<meta property=\"og:type\" content=\"article\" \/>\n<meta property=\"og:title\" content=\"Datenschutzinformationen zum Surfen auf der Website &#8212; Autolinee Salvatore Lumia\" \/>\n<meta property=\"og:description\" content=\"Informationen zur Verarbeitung personenbezogener Daten gem\u00e4\u00df Artikel 13 der Europ\u00e4ischen Verordnung 2016\/679 zum Surfen auf der Website. Lieber NavigatoLeggi tutto\" \/>\n<meta property=\"og:url\" content=\"https:\/\/autolineelumia.com\/index.php\/de\/datenschutzinformationen-zum-surfen-auf-der-website\/\" \/>\n<meta property=\"og:site_name\" content=\"Autolinee Salvatore Lumia\" \/>\n<meta name=\"twitter:card\" content=\"summary_large_image\" \/>\n<meta name=\"twitter:label1\" content=\"Tempo di lettura stimato\" \/>\n\t<meta name=\"twitter:data1\" content=\"2 minuti\" \/>\n<script type=\"application\/ld+json\" class=\"yoast-schema-graph\">{\"@context\":\"https:\/\/schema.org\",\"@graph\":[{\"@type\":\"WebPage\",\"@id\":\"https:\/\/autolineelumia.com\/index.php\/de\/datenschutzinformationen-zum-surfen-auf-der-website\/\",\"url\":\"https:\/\/autolineelumia.com\/index.php\/de\/datenschutzinformationen-zum-surfen-auf-der-website\/\",\"name\":\"Datenschutzinformationen zum Surfen auf der Website &#8212; Autolinee Salvatore Lumia\",\"isPartOf\":{\"@id\":\"https:\/\/autolineelumia.com\/#website\"},\"datePublished\":\"2020-09-23T05:20:00+00:00\",\"breadcrumb\":{\"@id\":\"https:\/\/autolineelumia.com\/index.php\/de\/datenschutzinformationen-zum-surfen-auf-der-website\/#breadcrumb\"},\"inLanguage\":\"it-IT\",\"potentialAction\":[{\"@type\":\"ReadAction\",\"target\":[\"https:\/\/autolineelumia.com\/index.php\/de\/datenschutzinformationen-zum-surfen-auf-der-website\/\"]}]},{\"@type\":\"BreadcrumbList\",\"@id\":\"https:\/\/autolineelumia.com\/index.php\/de\/datenschutzinformationen-zum-surfen-auf-der-website\/#breadcrumb\",\"itemListElement\":[{\"@type\":\"ListItem\",\"position\":1,\"name\":\"Home\",\"item\":\"https:\/\/autolineelumia.com\/\"},{\"@type\":\"ListItem\",\"position\":2,\"name\":\"Datenschutzinformationen zum Surfen auf der Website\"}]},{\"@type\":\"WebSite\",\"@id\":\"https:\/\/autolineelumia.com\/#website\",\"url\":\"https:\/\/autolineelumia.com\/\",\"name\":\"Autolinee Salvatore Lumia\",\"description\":\"\",\"publisher\":{\"@id\":\"https:\/\/autolineelumia.com\/#organization\"},\"potentialAction\":[{\"@type\":\"SearchAction\",\"target\":{\"@type\":\"EntryPoint\",\"urlTemplate\":\"https:\/\/autolineelumia.com\/?s={search_term_string}\"},\"query-input\":{\"@type\":\"PropertyValueSpecification\",\"valueRequired\":true,\"valueName\":\"search_term_string\"}}],\"inLanguage\":\"it-IT\"},{\"@type\":\"Organization\",\"@id\":\"https:\/\/autolineelumia.com\/#organization\",\"name\":\"Salvatore Lumia Autolinee\",\"url\":\"https:\/\/autolineelumia.com\/\",\"logo\":{\"@type\":\"ImageObject\",\"inLanguage\":\"it-IT\",\"@id\":\"https:\/\/autolineelumia.com\/#\/schema\/logo\/image\/\",\"url\":\"https:\/\/autolineelumia.com\/wp-content\/uploads\/2018\/06\/r2_c4.gif\",\"contentUrl\":\"https:\/\/autolineelumia.com\/wp-content\/uploads\/2018\/06\/r2_c4.gif\",\"width\":193,\"height\":70,\"caption\":\"Salvatore Lumia Autolinee\"},\"image\":{\"@id\":\"https:\/\/autolineelumia.com\/#\/schema\/logo\/image\/\"}}]}<\/script>\n<!-- \/ Yoast SEO plugin. -->","yoast_head_json":{"title":"Datenschutzinformationen zum Surfen auf der Website &#8212; Autolinee Salvatore Lumia","robots":{"index":"index","follow":"follow","max-snippet":"max-snippet:-1","max-image-preview":"max-image-preview:large","max-video-preview":"max-video-preview:-1"},"canonical":"https:\/\/autolineelumia.com\/index.php\/de\/datenschutzinformationen-zum-surfen-auf-der-website\/","og_locale":"it_IT","og_type":"article","og_title":"Datenschutzinformationen zum Surfen auf der Website &#8212; Autolinee Salvatore Lumia","og_description":"Informationen zur Verarbeitung personenbezogener Daten gem\u00e4\u00df Artikel 13 der Europ\u00e4ischen Verordnung 2016\/679 zum Surfen auf der Website. Lieber NavigatoLeggi tutto","og_url":"https:\/\/autolineelumia.com\/index.php\/de\/datenschutzinformationen-zum-surfen-auf-der-website\/","og_site_name":"Autolinee Salvatore Lumia","twitter_card":"summary_large_image","twitter_misc":{"Tempo di lettura stimato":"2 minuti"},"schema":{"@context":"https:\/\/schema.org","@graph":[{"@type":"WebPage","@id":"https:\/\/autolineelumia.com\/index.php\/de\/datenschutzinformationen-zum-surfen-auf-der-website\/","url":"https:\/\/autolineelumia.com\/index.php\/de\/datenschutzinformationen-zum-surfen-auf-der-website\/","name":"Datenschutzinformationen zum Surfen auf der Website &#8212; Autolinee Salvatore Lumia","isPartOf":{"@id":"https:\/\/autolineelumia.com\/#website"},"datePublished":"2020-09-23T05:20:00+00:00","breadcrumb":{"@id":"https:\/\/autolineelumia.com\/index.php\/de\/datenschutzinformationen-zum-surfen-auf-der-website\/#breadcrumb"},"inLanguage":"it-IT","potentialAction":[{"@type":"ReadAction","target":["https:\/\/autolineelumia.com\/index.php\/de\/datenschutzinformationen-zum-surfen-auf-der-website\/"]}]},{"@type":"BreadcrumbList","@id":"https:\/\/autolineelumia.com\/index.php\/de\/datenschutzinformationen-zum-surfen-auf-der-website\/#breadcrumb","itemListElement":[{"@type":"ListItem","position":1,"name":"Home","item":"https:\/\/autolineelumia.com\/"},{"@type":"ListItem","position":2,"name":"Datenschutzinformationen zum Surfen auf der Website"}]},{"@type":"WebSite","@id":"https:\/\/autolineelumia.com\/#website","url":"https:\/\/autolineelumia.com\/","name":"Autolinee Salvatore Lumia","description":"","publisher":{"@id":"https:\/\/autolineelumia.com\/#organization"},"potentialAction":[{"@type":"SearchAction","target":{"@type":"EntryPoint","urlTemplate":"https:\/\/autolineelumia.com\/?s={search_term_string}"},"query-input":{"@type":"PropertyValueSpecification","valueRequired":true,"valueName":"search_term_string"}}],"inLanguage":"it-IT"},{"@type":"Organization","@id":"https:\/\/autolineelumia.com\/#organization","name":"Salvatore Lumia Autolinee","url":"https:\/\/autolineelumia.com\/","logo":{"@type":"ImageObject","inLanguage":"it-IT","@id":"https:\/\/autolineelumia.com\/#\/schema\/logo\/image\/","url":"https:\/\/autolineelumia.com\/wp-content\/uploads\/2018\/06\/r2_c4.gif","contentUrl":"https:\/\/autolineelumia.com\/wp-content\/uploads\/2018\/06\/r2_c4.gif","width":193,"height":70,"caption":"Salvatore Lumia Autolinee"},"image":{"@id":"https:\/\/autolineelumia.com\/#\/schema\/logo\/image\/"}}]}},"_links":{"self":[{"href":"https:\/\/autolineelumia.com\/index.php\/wp-json\/wp\/v2\/pages\/595","targetHints":{"allow":["GET"]}}],"collection":[{"href":"https:\/\/autolineelumia.com\/index.php\/wp-json\/wp\/v2\/pages"}],"about":[{"href":"https:\/\/autolineelumia.com\/index.php\/wp-json\/wp\/v2\/types\/page"}],"author":[{"embeddable":true,"href":"https:\/\/autolineelumia.com\/index.php\/wp-json\/wp\/v2\/users\/1"}],"replies":[{"embeddable":true,"href":"https:\/\/autolineelumia.com\/index.php\/wp-json\/wp\/v2\/comments?post=595"}],"version-history":[{"count":1,"href":"https:\/\/autolineelumia.com\/index.php\/wp-json\/wp\/v2\/pages\/595\/revisions"}],"predecessor-version":[{"id":596,"href":"https:\/\/autolineelumia.com\/index.php\/wp-json\/wp\/v2\/pages\/595\/revisions\/596"}],"wp:attachment":[{"href":"https:\/\/autolineelumia.com\/index.php\/wp-json\/wp\/v2\/media?parent=595"}],"curies":[{"name":"wp","href":"https:\/\/api.w.org\/{rel}","templated":true}]}}