
{"id":589,"date":"2020-09-23T06:57:36","date_gmt":"2020-09-23T04:57:36","guid":{"rendered":"http:\/\/autolineelumia.com\/?page_id=589"},"modified":"2020-09-23T06:57:37","modified_gmt":"2020-09-23T04:57:37","slug":"politique-de-confidentialite-sur-lutilisation-des-cookies","status":"publish","type":"page","link":"https:\/\/autolineelumia.com\/index.php\/fr\/politique-de-confidentialite-sur-lutilisation-des-cookies\/","title":{"rendered":"Politique de confidentialit\u00e9 sur l&#8217;utilisation des cookies"},"content":{"rendered":"\n<p>Responsable du traitement<\/p>\n\n\n\n<p>L&#8217;installation de cookies et d&#8217;autres syst\u00e8mes de suivi exploit\u00e9s par des tiers \u00e0 travers les services utilis\u00e9s sur ce site ne peut pas \u00eatre techniquement contr\u00f4l\u00e9e par le propri\u00e9taire; pour cette raison, toute r\u00e9f\u00e9rence sp\u00e9cifique aux cookies et aux syst\u00e8mes de suivi install\u00e9s par des tiers doit \u00eatre consid\u00e9r\u00e9e comme indicative. Pour obtenir des informations compl\u00e8tes, l&#8217;utilisateur est invit\u00e9 \u00e0 consulter la politique de confidentialit\u00e9 de tout service tiers r\u00e9pertori\u00e9 dans ce document. Si l&#8217;utilisateur souhaite recevoir des informations suppl\u00e9mentaires et des informations relatives \u00e0 l&#8217;utilisation des cookies via ce site, il est invit\u00e9 \u00e0 contacter le responsable du traitement, e-mail: info@autolineelumia.it.<br>Gr\u00e2ce aux m\u00eames coordonn\u00e9es, l&#8217;utilisateur peut \u00e9galement demander la liste mise \u00e0 jour de tous les sous-traitants d\u00e9sign\u00e9s par le responsable du traitement.<\/p>\n\n\n\n<p>Les informations sont fournies conform\u00e9ment \u00e0 l&#8217;art. 13 du r\u00e8glement UE 2016\/679 \u00e0 tous les utilisateurs qui, en interagissant avec le site, fournissent \u00e0 Salvatore Lumia srl \u200b\u200bleurs donn\u00e9es personnelles, consultent le site: https:\/\/autolineelumia.com.<\/p>\n\n\n\n<p>Le responsable du traitement des donn\u00e9es collect\u00e9es est: Salvatore Lumia srl, email: info@autolineelumia.it.<\/p>\n\n\n\n<p>Donn\u00e9es fournies volontairement<\/p>\n\n\n\n<p>Gr\u00e2ce au site, il est possible d&#8217;envoyer des demandes d&#8217;informations \u00e0 Salvatore Lumia srl \u200b\u200bvia les adresses de contact r\u00e9pertori\u00e9es sur le site lui-m\u00eame. La fourniture de ces donn\u00e9es est n\u00e9cessaire pour r\u00e9pondre aux demandes envoy\u00e9es, ainsi que pour contacter \u00e0 nouveau l&#8217;exp\u00e9diteur pour obtenir des \u00e9claircissements sur ce qui a \u00e9t\u00e9 signal\u00e9.<\/p>\n\n\n\n<p>Type de donn\u00e9es et finalit\u00e9 du traitement<\/p>\n\n\n\n<p>Le traitement des donn\u00e9es li\u00e9 au formulaire de demande d&#8217;informations a lieu au si\u00e8ge de Salvatore Lumia srl, situ\u00e9 Via Pindaro 3-92100 Agrigento et est trait\u00e9, par voie \u00e9lectronique et apr\u00e8s l&#8217;adoption de mesures de s\u00e9curit\u00e9 appropri\u00e9es, par le personnel de service au bureau en charge du traitement.<br>Toutes les donn\u00e9es personnelles fournies via le site seront trait\u00e9es l\u00e9galement et \u00e9quitablement afin de fournir les services demand\u00e9s, ainsi que pour r\u00e9pondre aux communications et aux questions des utilisateurs, toujours dans la poursuite des objectifs de Salvatore Lumia srl.<\/p>\n\n\n\n<p>Donn\u00e9es de navigation<\/p>\n\n\n\n<p>Cette cat\u00e9gorie de donn\u00e9es comprend les adresses IP ou les noms de domaine des ordinateurs utilis\u00e9s par les utilisateurs qui se connectent au site, les adresses dans la notation URI (Uniform Resource Identifier) \u200b\u200bdes ressources demand\u00e9es, l&#8217;heure de la demande, la m\u00e9thode utilis\u00e9e pour soumettre le demande au serveur, la taille du fichier obtenu en r\u00e9ponse, le code num\u00e9rique indiquant l&#8217;\u00e9tat de la r\u00e9ponse donn\u00e9e par le serveur (succ\u00e8s, erreur, etc.) et d&#8217;autres param\u00e8tres relatifs au syst\u00e8me d&#8217;exploitation et \u00e0 l&#8217;environnement informatique de l&#8217;utilisateur. Les donn\u00e9es de navigation sont acquises non dans le but d&#8217;identifier les utilisateurs, mais dans le seul but de collecter, de mani\u00e8re anonyme, des informations statistiques sur l&#8217;utilisation du site et de ses services.<\/p>\n\n\n\n<p>QUE SONT LES COOKIES<\/p>\n\n\n\n<p>Les cookies sont de petites cha\u00eenes de texte que les sites Web envoient au navigateur (Internet Explorer, Chrome, Firefox, Safari, etc.) utilis\u00e9es pour la navigation; ils sont stock\u00e9s avant d&#8217;\u00eatre retransmis par le client (navigateur) vers le site (serveur) lors de la prochaine visite sur le m\u00eame domaine. Les cookies sont destin\u00e9s \u00e0 aider le responsable du traitement des donn\u00e9es \u00e0 fournir des services conform\u00e9ment aux finalit\u00e9s d\u00e9crites. Les cookies envoy\u00e9s au terminal de l&#8217;utilisateur peuvent \u00e9galement provenir de diff\u00e9rents sites Web ou serveurs Web, appel\u00e9s dans ce cas des \u00abtiers\u00bb.<\/p>\n\n\n\n<p>COOKIES DE STATISTIQUES TECHNIQUES ET AGR\u00c9G\u00c9ES<\/p>\n\n\n\n<p>ACTIVIT\u00c9S STRICTEMENT N\u00c9CESSAIRES \u00c0 L&#8217;OP\u00c9RATION<br>Ce site utilise des cookies pour enregistrer la session de l&#8217;utilisateur et pour effectuer d&#8217;autres activit\u00e9s strictement n\u00e9cessaires au fonctionnement de ce site, par exemple en relation avec la distribution du trafic.<\/p>\n\n\n\n<p>ACTIVIT\u00c9S DE SAUVEGARDE DES PR\u00c9F\u00c9RENCES, OPTIMISATION ET STATISTIQUES<br>Ce site utilise des cookies pour enregistrer les pr\u00e9f\u00e9rences de navigation et optimiser l&#8217;exp\u00e9rience de navigation de l&#8217;utilisateur. Ces cookies comprennent, par exemple, ceux pour le param\u00e9trage de la langue et de la devise ou pour la gestion des statistiques par le propri\u00e9taire du site.<\/p>\n\n\n\n<p>AUTRES TYPES DE COOKIES OU OUTILS DE TIERS POUVANT LES INSTALLER<br>Certains des services \u00e9num\u00e9r\u00e9s ci-dessous collectent des statistiques sous forme agr\u00e9g\u00e9e et anonyme et peuvent ne pas n\u00e9cessiter le consentement de l&#8217;utilisateur. Si parmi les outils \u00e9num\u00e9r\u00e9s ci-dessous, il existe des services g\u00e9r\u00e9s par des tiers, ceux-ci pourraient &#8211; en plus de ce qui est sp\u00e9cifi\u00e9 et m\u00eame \u00e0 l&#8217;insu du propri\u00e9taire &#8211; effectuer des activit\u00e9s de suivi des utilisateurs. Pour des informations d\u00e9taill\u00e9es \u00e0 ce sujet, il est conseill\u00e9 de consulter les politiques de confidentialit\u00e9 des services r\u00e9pertori\u00e9s.<\/p>\n\n\n\n<p>GOOGLE ANALYTICS AVEC IP ANONYMIS\u00c9E<br>Google Inc. &#8211; USA &#8211; Politique de confidentialit\u00e9<br>Google Analytics est un service d&#8217;analyse Web fourni par Google Inc. qui utilise les donn\u00e9es personnelles collect\u00e9es dans le but d&#8217;\u00e9valuer l&#8217;utilisation de ce site, de compiler des rapports et de les partager avec d&#8217;autres services d\u00e9velopp\u00e9s par Google.<br>Google peut utiliser des donn\u00e9es personnelles pour contextualiser et personnaliser les publicit\u00e9s de son propre r\u00e9seau publicitaire.<br>Cette int\u00e9gration de Google Analytics rend votre adresse IP anonyme. L&#8217;anonymisation fonctionne en raccourcissant l&#8217;adresse IP des utilisateurs \u00e0 l&#8217;int\u00e9rieur des fronti\u00e8res des \u00c9tats membres de l&#8217;Union europ\u00e9enne ou dans d&#8217;autres pays adh\u00e9rant \u00e0 l&#8217;accord sur l&#8217;Espace \u00e9conomique europ\u00e9en. Uniquement dans des cas exceptionnels, l&#8217;adresse IP sera envoy\u00e9e aux serveurs de Google et raccourcie aux \u00c9tats-Unis.<br>Donn\u00e9es personnelles collect\u00e9es: cookies et donn\u00e9es d&#8217;utilisation.<br>Lieu de traitement: \u00c9tats-Unis.<br>Sujet adh\u00e9rant au Privacy Shield. D\u00e9sactiver: tools.google.com\/dlpage\/gaoptout?hl=it<\/p>\n\n\n\n<p>COMMENT D\u00c9SACTIVER LES COOKIES<br>La plupart des navigateurs acceptent automatiquement les cookies; cependant, l&#8217;utilisateur est libre d&#8217;exprimer ses pr\u00e9f\u00e9rences directement dans son navigateur et d&#8217;emp\u00eacher par exemple des tiers d&#8217;installer des cookies. De plus, il est possible de supprimer les cookies pr\u00e9c\u00e9demment install\u00e9s, y compris le cookie (\u00e9ventuellement enregistr\u00e9 dans le pass\u00e9) qui donne son consentement \u00e0 l&#8217;installation de cookies par ce site. Il est g\u00e9n\u00e9ralement recommand\u00e9 de ne pas d\u00e9sactiver cette fonction, car cela pourrait vous emp\u00eacher de vous d\u00e9placer librement d&#8217;une page \u00e0 l&#8217;autre et de profiter de toutes les particularit\u00e9s du site. Dans tous les cas, l&#8217;utilisateur peut trouver des informations et des instructions utiles concernant la gestion et l&#8217;\u00e9limination des cookies dans les quatre navigateurs les plus courants:<\/p>\n\n\n\n<p>GOOGLE CHROME<br>Instructions: support.google.com\/chrome\/answer\/95647?hl=it<\/p>\n\n\n\n<p>MOZILLA FIREFOX<br>Instructions: support.mozilla.org\/it\/kb\/Attivare%20e%20disattivare%20i%20cookie<\/p>\n\n\n\n<p>MICROSOFT INTERNET EXPLORER<br>Instructions: windows.microsoft.com\/it-it\/internet-explorer\/delete-manage-cookies<\/p>\n\n\n\n<p>SAFARI<br>Instructions: support.apple.com\/kb\/PH19214?locale=it_IT<\/p>\n\n\n\n<p>En ce qui concerne les cookies install\u00e9s par des tiers, l&#8217;utilisateur peut \u00e9galement g\u00e9rer ses param\u00e8tres et retirer son consentement en visitant le lien de d\u00e9sactivation relatif (si disponible), en utilisant les outils d\u00e9crits dans la politique de confidentialit\u00e9 du tiers ou en contactant directement le tiers.<br>Nonobstant ce qui pr\u00e9c\u00e8de, l&#8217;utilisateur peut utiliser les informations fournies par EDAA (UE), Network Advertising Initiative (USA) et Digital Advertising Alliance (USA), DAAC (Canada), DDAI (Japon) ou d&#8217;autres services similaires. Avec ces services, il est possible de g\u00e9rer les pr\u00e9f\u00e9rences de suivi de la plupart des outils publicitaires. Le propri\u00e9taire conseille donc aux utilisateurs d&#8217;utiliser ces ressources en plus des informations fournies dans ce document concernant la gestion, la d\u00e9sactivation ou l&#8217;\u00e9limination des cookies tiers.<\/p>\n","protected":false},"excerpt":{"rendered":"<div class=\"slide-text-bg2\"><span>Responsable du traitement L&#8217;installation de cookies et d&#8217;autres syst\u00e8mes de suivi exploit\u00e9s par des tiers \u00e0 travers les services utilis\u00e9s s<\/span><\/div>\n<div class=\"slide-btn-area-sm\"><a href=\"https:\/\/autolineelumia.com\/index.php\/fr\/politique-de-confidentialite-sur-lutilisation-des-cookies\/\" class=\"slide-btn-sm\">Leggi tutto<\/a><\/div>\n","protected":false},"author":1,"featured_media":0,"parent":0,"menu_order":0,"comment_status":"closed","ping_status":"closed","template":"","meta":{"footnotes":""},"class_list":["post-589","page","type-page","status-publish","hentry"],"yoast_head":"<!-- This site is optimized with the Yoast SEO plugin v26.9 - https:\/\/yoast.com\/product\/yoast-seo-wordpress\/ -->\n<title>Politique de confidentialit\u00e9 sur l&#039;utilisation des cookies &#8212; Autolinee Salvatore Lumia<\/title>\n<meta name=\"robots\" content=\"index, follow, max-snippet:-1, max-image-preview:large, max-video-preview:-1\" \/>\n<link rel=\"canonical\" href=\"https:\/\/autolineelumia.com\/index.php\/fr\/politique-de-confidentialite-sur-lutilisation-des-cookies\/\" \/>\n<meta property=\"og:locale\" content=\"it_IT\" \/>\n<meta property=\"og:type\" content=\"article\" \/>\n<meta property=\"og:title\" content=\"Politique de confidentialit\u00e9 sur l&#039;utilisation des cookies &#8212; Autolinee Salvatore Lumia\" \/>\n<meta property=\"og:description\" content=\"Responsable du traitement L&#8217;installation de cookies et d&#8217;autres syst\u00e8mes de suivi exploit\u00e9s par des tiers \u00e0 travers les services utilis\u00e9s sLeggi tutto\" \/>\n<meta property=\"og:url\" content=\"https:\/\/autolineelumia.com\/index.php\/fr\/politique-de-confidentialite-sur-lutilisation-des-cookies\/\" \/>\n<meta property=\"og:site_name\" content=\"Autolinee Salvatore Lumia\" \/>\n<meta property=\"article:modified_time\" content=\"2020-09-23T04:57:37+00:00\" \/>\n<meta name=\"twitter:card\" content=\"summary_large_image\" \/>\n<meta name=\"twitter:label1\" content=\"Tempo di lettura stimato\" \/>\n\t<meta name=\"twitter:data1\" content=\"6 minuti\" \/>\n<script type=\"application\/ld+json\" class=\"yoast-schema-graph\">{\"@context\":\"https:\/\/schema.org\",\"@graph\":[{\"@type\":\"WebPage\",\"@id\":\"https:\/\/autolineelumia.com\/index.php\/fr\/politique-de-confidentialite-sur-lutilisation-des-cookies\/\",\"url\":\"https:\/\/autolineelumia.com\/index.php\/fr\/politique-de-confidentialite-sur-lutilisation-des-cookies\/\",\"name\":\"Politique de confidentialit\u00e9 sur l'utilisation des cookies &#8212; Autolinee Salvatore Lumia\",\"isPartOf\":{\"@id\":\"https:\/\/autolineelumia.com\/#website\"},\"datePublished\":\"2020-09-23T04:57:36+00:00\",\"dateModified\":\"2020-09-23T04:57:37+00:00\",\"breadcrumb\":{\"@id\":\"https:\/\/autolineelumia.com\/index.php\/fr\/politique-de-confidentialite-sur-lutilisation-des-cookies\/#breadcrumb\"},\"inLanguage\":\"it-IT\",\"potentialAction\":[{\"@type\":\"ReadAction\",\"target\":[\"https:\/\/autolineelumia.com\/index.php\/fr\/politique-de-confidentialite-sur-lutilisation-des-cookies\/\"]}]},{\"@type\":\"BreadcrumbList\",\"@id\":\"https:\/\/autolineelumia.com\/index.php\/fr\/politique-de-confidentialite-sur-lutilisation-des-cookies\/#breadcrumb\",\"itemListElement\":[{\"@type\":\"ListItem\",\"position\":1,\"name\":\"Home\",\"item\":\"https:\/\/autolineelumia.com\/\"},{\"@type\":\"ListItem\",\"position\":2,\"name\":\"Politique de confidentialit\u00e9 sur l&rsquo;utilisation des cookies\"}]},{\"@type\":\"WebSite\",\"@id\":\"https:\/\/autolineelumia.com\/#website\",\"url\":\"https:\/\/autolineelumia.com\/\",\"name\":\"Autolinee Salvatore Lumia\",\"description\":\"\",\"publisher\":{\"@id\":\"https:\/\/autolineelumia.com\/#organization\"},\"potentialAction\":[{\"@type\":\"SearchAction\",\"target\":{\"@type\":\"EntryPoint\",\"urlTemplate\":\"https:\/\/autolineelumia.com\/?s={search_term_string}\"},\"query-input\":{\"@type\":\"PropertyValueSpecification\",\"valueRequired\":true,\"valueName\":\"search_term_string\"}}],\"inLanguage\":\"it-IT\"},{\"@type\":\"Organization\",\"@id\":\"https:\/\/autolineelumia.com\/#organization\",\"name\":\"Salvatore Lumia Autolinee\",\"url\":\"https:\/\/autolineelumia.com\/\",\"logo\":{\"@type\":\"ImageObject\",\"inLanguage\":\"it-IT\",\"@id\":\"https:\/\/autolineelumia.com\/#\/schema\/logo\/image\/\",\"url\":\"https:\/\/autolineelumia.com\/wp-content\/uploads\/2018\/06\/r2_c4.gif\",\"contentUrl\":\"https:\/\/autolineelumia.com\/wp-content\/uploads\/2018\/06\/r2_c4.gif\",\"width\":193,\"height\":70,\"caption\":\"Salvatore Lumia Autolinee\"},\"image\":{\"@id\":\"https:\/\/autolineelumia.com\/#\/schema\/logo\/image\/\"}}]}<\/script>\n<!-- \/ Yoast SEO plugin. -->","yoast_head_json":{"title":"Politique de confidentialit\u00e9 sur l'utilisation des cookies &#8212; Autolinee Salvatore Lumia","robots":{"index":"index","follow":"follow","max-snippet":"max-snippet:-1","max-image-preview":"max-image-preview:large","max-video-preview":"max-video-preview:-1"},"canonical":"https:\/\/autolineelumia.com\/index.php\/fr\/politique-de-confidentialite-sur-lutilisation-des-cookies\/","og_locale":"it_IT","og_type":"article","og_title":"Politique de confidentialit\u00e9 sur l'utilisation des cookies &#8212; Autolinee Salvatore Lumia","og_description":"Responsable du traitement L&#8217;installation de cookies et d&#8217;autres syst\u00e8mes de suivi exploit\u00e9s par des tiers \u00e0 travers les services utilis\u00e9s sLeggi tutto","og_url":"https:\/\/autolineelumia.com\/index.php\/fr\/politique-de-confidentialite-sur-lutilisation-des-cookies\/","og_site_name":"Autolinee Salvatore Lumia","article_modified_time":"2020-09-23T04:57:37+00:00","twitter_card":"summary_large_image","twitter_misc":{"Tempo di lettura stimato":"6 minuti"},"schema":{"@context":"https:\/\/schema.org","@graph":[{"@type":"WebPage","@id":"https:\/\/autolineelumia.com\/index.php\/fr\/politique-de-confidentialite-sur-lutilisation-des-cookies\/","url":"https:\/\/autolineelumia.com\/index.php\/fr\/politique-de-confidentialite-sur-lutilisation-des-cookies\/","name":"Politique de confidentialit\u00e9 sur l'utilisation des cookies &#8212; Autolinee Salvatore Lumia","isPartOf":{"@id":"https:\/\/autolineelumia.com\/#website"},"datePublished":"2020-09-23T04:57:36+00:00","dateModified":"2020-09-23T04:57:37+00:00","breadcrumb":{"@id":"https:\/\/autolineelumia.com\/index.php\/fr\/politique-de-confidentialite-sur-lutilisation-des-cookies\/#breadcrumb"},"inLanguage":"it-IT","potentialAction":[{"@type":"ReadAction","target":["https:\/\/autolineelumia.com\/index.php\/fr\/politique-de-confidentialite-sur-lutilisation-des-cookies\/"]}]},{"@type":"BreadcrumbList","@id":"https:\/\/autolineelumia.com\/index.php\/fr\/politique-de-confidentialite-sur-lutilisation-des-cookies\/#breadcrumb","itemListElement":[{"@type":"ListItem","position":1,"name":"Home","item":"https:\/\/autolineelumia.com\/"},{"@type":"ListItem","position":2,"name":"Politique de confidentialit\u00e9 sur l&rsquo;utilisation des cookies"}]},{"@type":"WebSite","@id":"https:\/\/autolineelumia.com\/#website","url":"https:\/\/autolineelumia.com\/","name":"Autolinee Salvatore Lumia","description":"","publisher":{"@id":"https:\/\/autolineelumia.com\/#organization"},"potentialAction":[{"@type":"SearchAction","target":{"@type":"EntryPoint","urlTemplate":"https:\/\/autolineelumia.com\/?s={search_term_string}"},"query-input":{"@type":"PropertyValueSpecification","valueRequired":true,"valueName":"search_term_string"}}],"inLanguage":"it-IT"},{"@type":"Organization","@id":"https:\/\/autolineelumia.com\/#organization","name":"Salvatore Lumia Autolinee","url":"https:\/\/autolineelumia.com\/","logo":{"@type":"ImageObject","inLanguage":"it-IT","@id":"https:\/\/autolineelumia.com\/#\/schema\/logo\/image\/","url":"https:\/\/autolineelumia.com\/wp-content\/uploads\/2018\/06\/r2_c4.gif","contentUrl":"https:\/\/autolineelumia.com\/wp-content\/uploads\/2018\/06\/r2_c4.gif","width":193,"height":70,"caption":"Salvatore Lumia Autolinee"},"image":{"@id":"https:\/\/autolineelumia.com\/#\/schema\/logo\/image\/"}}]}},"_links":{"self":[{"href":"https:\/\/autolineelumia.com\/index.php\/wp-json\/wp\/v2\/pages\/589","targetHints":{"allow":["GET"]}}],"collection":[{"href":"https:\/\/autolineelumia.com\/index.php\/wp-json\/wp\/v2\/pages"}],"about":[{"href":"https:\/\/autolineelumia.com\/index.php\/wp-json\/wp\/v2\/types\/page"}],"author":[{"embeddable":true,"href":"https:\/\/autolineelumia.com\/index.php\/wp-json\/wp\/v2\/users\/1"}],"replies":[{"embeddable":true,"href":"https:\/\/autolineelumia.com\/index.php\/wp-json\/wp\/v2\/comments?post=589"}],"version-history":[{"count":1,"href":"https:\/\/autolineelumia.com\/index.php\/wp-json\/wp\/v2\/pages\/589\/revisions"}],"predecessor-version":[{"id":591,"href":"https:\/\/autolineelumia.com\/index.php\/wp-json\/wp\/v2\/pages\/589\/revisions\/591"}],"wp:attachment":[{"href":"https:\/\/autolineelumia.com\/index.php\/wp-json\/wp\/v2\/media?parent=589"}],"curies":[{"name":"wp","href":"https:\/\/api.w.org\/{rel}","templated":true}]}}