
{"id":587,"date":"2020-09-23T06:56:27","date_gmt":"2020-09-23T04:56:27","guid":{"rendered":"http:\/\/autolineelumia.com\/?page_id=587"},"modified":"2020-09-23T06:56:29","modified_gmt":"2020-09-23T04:56:29","slug":"datenschutzerklarung-zur-verwendung-von-cookies","status":"publish","type":"page","link":"https:\/\/autolineelumia.com\/index.php\/de\/datenschutzerklarung-zur-verwendung-von-cookies\/","title":{"rendered":"Datenschutzerkl\u00e4rung zur Verwendung von Cookies"},"content":{"rendered":"\n<p>Datencontroller<\/p>\n\n\n\n<p>Die Installation von Cookies und anderen Tracking-Systemen, die von Dritten \u00fcber die auf dieser Website verwendeten Dienste betrieben werden, kann vom Eigent\u00fcmer nicht technisch kontrolliert werden. Aus diesem Grund ist jeder spezifische Verweis auf Cookies und Tracking-Systeme, die von Dritten installiert wurden, als Richtwert anzusehen. Um vollst\u00e4ndige Informationen zu erhalten, wird der Benutzer aufgefordert, die Datenschutzbestimmungen aller in diesem Dokument aufgef\u00fchrten Dienste Dritter zu konsultieren. Wenn der Benutzer \u00fcber diese Website zus\u00e4tzliche Informationen und Erkenntnisse zur Verwendung von Cookies erhalten m\u00f6chte, kann er sich per E-Mail an den f\u00fcr die Datenverarbeitung Verantwortlichen wenden: info@autolineelumia.it.<br>\u00dcber dieselben Kontaktdaten kann der Benutzer auch die aktualisierte Liste aller vom Datenverantwortlichen ernannten Datenprozessoren anfordern.<\/p>\n\n\n\n<p>Die Informationen werden gem\u00e4\u00df Art. 13 der EU-Verordnung 2016\/679 f\u00fcr alle Benutzer, die bei der Interaktion mit der Website Salvatore Lumia srl \u200b\u200bihre pers\u00f6nlichen Daten zur Verf\u00fcgung stellen, finden Sie auf der Website: https:\/\/autolineelumia.com.<\/p>\n\n\n\n<p>Der Datenverantwortliche f\u00fcr die gesammelten Daten ist: Salvatore Lumia srl, E-Mail: info@autolineelumia.it.<\/p>\n\n\n\n<p>Daten freiwillig zur Verf\u00fcgung gestellt<\/p>\n\n\n\n<p>\u00dcber die Website ist es m\u00f6glich, Informationsanfragen \u00fcber die auf der Website selbst angegebenen Kontaktadressen an Salvatore Lumia srl \u200b\u200bzu senden. Die Bereitstellung solcher Daten ist erforderlich, um auf die gesendeten Anfragen zu antworten und den Absender erneut zu kontaktieren, um Klarstellungen in Bezug auf die gemeldeten Daten zu erhalten.<\/p>\n\n\n\n<p>Art der Daten und Zweck der Verarbeitung<\/p>\n\n\n\n<p>Die Verarbeitung der mit dem Informationsanforderungsformular verbundenen Daten erfolgt am Hauptsitz von Salvatore Lumia srl \u200b\u200bin der Via Pindaro 3 &#8211; 92100 Agrigento und erfolgt auf elektronischem Wege und nach Erlass geeigneter Sicherheitsma\u00dfnahmen durch diensthabendes Personal der f\u00fcr die Bearbeitung zust\u00e4ndiges B\u00fcro.<br>Alle auf der Website bereitgestellten personenbezogenen Daten werden rechtm\u00e4\u00dfig und fair verarbeitet, um die angeforderten Dienste bereitzustellen sowie auf Mitteilungen und Benutzerfragen zu antworten, stets im Sinne von Salvatore Lumia srl.<\/p>\n\n\n\n<p>Navigationsdaten<\/p>\n\n\n\n<p>Diese Datenkategorie umfasst die IP-Adressen oder Dom\u00e4nennamen der Computer, die von Benutzern verwendet werden, die eine Verbindung zur Site herstellen, die Adressen in der URI-Notation (Uniform Resource Identifier) \u200b\u200bder angeforderten Ressourcen, den Zeitpunkt der Anforderung und die Methode zum Senden der Anforderung an den Server, Gr\u00f6\u00dfe der als Antwort erhaltenen Datei, numerischer Code, der den Status der vom Server gegebenen Antwort (erfolgreich, Fehler usw.) und andere Parameter in Bezug auf das Betriebssystem und die IT-Umgebung des Benutzers angibt. Die Navigationsdaten werden nicht zum Zweck der Identifizierung von Benutzern erfasst, sondern ausschlie\u00dflich zum Zweck der anonymisierten Erfassung statistischer Informationen \u00fcber die Nutzung der Website und ihrer Dienste.<\/p>\n\n\n\n<p>WAS COOKIES SIND<\/p>\n\n\n\n<p>Cookies sind kleine Textzeichenfolgen, die Websites an den Browser senden (Internet Explorer, Chrome, Firefox, Safari usw.), die f\u00fcr die Navigation verwendet werden. Sie werden gespeichert, bevor sie vom Client (Browser) beim n\u00e4chsten Besuch derselben Domain erneut auf die Website (Server) \u00fcbertragen werden. Cookies sollen den f\u00fcr die Verarbeitung Verantwortlichen bei der Bereitstellung von Diensten gem\u00e4\u00df den beschriebenen Zwecken unterst\u00fctzen. Die an das Terminal des Benutzers gesendeten Cookies k\u00f6nnen auch von verschiedenen Websites oder Webservern stammen, in diesem Fall von &#8220;Dritten&#8221;.<\/p>\n\n\n\n<p>TECHNISCHE UND AGGREGIERTE STATISTIK-COOKIES<\/p>\n\n\n\n<p>AKTIVIT\u00c4TEN, DIE F\u00dcR DEN BETRIEB NOTWENDIG SIND<br>Diese Website verwendet Cookies, um die Sitzung des Benutzers zu speichern und andere Aktivit\u00e4ten auszuf\u00fchren, die f\u00fcr den Betrieb dieser Website unbedingt erforderlich sind, beispielsweise im Zusammenhang mit der Verteilung des Datenverkehrs.<\/p>\n\n\n\n<p>AKTIVIT\u00c4TEN ZUR EINSPARUNG VON PR\u00c4FERENZEN, OPTIMIERUNG UND STATISTIK<br>Diese Website verwendet Cookies, um die Browsing-Einstellungen zu speichern und das Surferlebnis des Benutzers zu optimieren. Zu diesen Cookies geh\u00f6ren beispielsweise solche zum Festlegen der Sprache und W\u00e4hrung oder zum Verwalten von Statistiken durch den Websitebesitzer.<\/p>\n\n\n\n<p>ANDERE ARTEN VON COOKIES ODER WERKZEUGEN VON DRITTANBIETERN, DIE SIE INSTALLIEREN K\u00d6NNTEN<br>Einige der unten aufgef\u00fchrten Dienste erfassen Statistiken in aggregierter und anonymer Form und erfordern m\u00f6glicherweise nicht die Zustimmung des Benutzers. Wenn unter den unten angegebenen Tools Dienste w\u00e4ren, die von Dritten verwaltet werden, k\u00f6nnten diese &#8211; zus\u00e4tzlich zu den angegebenen und sogar ohne Wissen des Eigent\u00fcmers &#8211; Benutzerverfolgungsaktivit\u00e4ten durchf\u00fchren. Ausf\u00fchrliche Informationen hierzu finden Sie in den Datenschutzrichtlinien der aufgef\u00fchrten Dienste.<\/p>\n\n\n\n<p>GOOGLE-ANALYTIK MIT ANONYMISIERTER IP<br>Google Inc. &#8211; USA &#8211; Datenschutzbestimmungen<br>Google Analytics ist ein Webanalysedienst der Google Inc., der die gesammelten personenbezogenen Daten verwendet, um die Nutzung dieser Website zu bewerten, Berichte zu erstellen und diese mit anderen von Google entwickelten Diensten zu teilen.<br>Google kann personenbezogene Daten verwenden, um die Werbung seines eigenen Werbenetzwerks zu kontextualisieren und zu personalisieren.<br>Diese Google Analytics-Integration macht Ihre IP-Adresse anonym. Bei der Anonymisierung wird die IP-Adresse von Nutzern innerhalb der Grenzen der Mitgliedstaaten der Europ\u00e4ischen Union oder in anderen L\u00e4ndern, die sich an das Abkommen \u00fcber den Europ\u00e4ischen Wirtschaftsraum halten, verk\u00fcrzt. Nur in Ausnahmef\u00e4llen wird die IP-Adresse an die Server von Google gesendet und innerhalb der USA gek\u00fcrzt.<br>Erhobene personenbezogene Daten: Cookies und Nutzungsdaten.<br>Verarbeitungsort: Vereinigte Staaten.<br>Betreff, der den Datenschutzschild einh\u00e4lt. Deaktivieren: tools.google.com\/dlpage\/gaoptout?hl=it<\/p>\n\n\n\n<p>So deaktivieren Sie Cookies<br>Die meisten Browser akzeptieren Cookies automatisch. Es steht dem Benutzer jedoch frei, seine Pr\u00e4ferenzen direkt in seinem Browser auszudr\u00fccken und beispielsweise zu verhindern, dass Dritte Cookies installieren. Dar\u00fcber hinaus ist es m\u00f6glich, zuvor installierte Cookies zu l\u00f6schen, einschlie\u00dflich des Cookies (m\u00f6glicherweise in der Vergangenheit gespeichert), das die Zustimmung zur Installation von Cookies auf dieser Website erteilt. Es wird generell empfohlen, diese Funktion nicht zu deaktivieren, da dies dazu f\u00fchren kann, dass Sie nicht frei von einer Seite zur anderen wechseln und alle Besonderheiten der Website genie\u00dfen k\u00f6nnen. In jedem Fall findet der Benutzer n\u00fctzliche Informationen und Anweisungen zur Verwaltung und Beseitigung von Cookies in den vier beliebtesten Browsern:<\/p>\n\n\n\n<p>GOOGLE CHROME<br>Anleitung: support.google.com\/chrome\/answer\/95647?hl=it<\/p>\n\n\n\n<p>MOZILLA FIREFOX<br>Anleitung: support.mozilla.org\/it\/kb\/Attivare%20e%20disattivare%20i%20cookie<\/p>\n\n\n\n<p>MICROSOFT INTERNET EXPLORER<br>Anleitung: windows.microsoft.com\/it-it\/internet-explorer\/delete-manage-cookies<\/p>\n\n\n\n<p>SAFARI<br>Anleitung: support.apple.com\/kb\/PH19214?locale=it_IT<\/p>\n\n\n\n<p>In Bezug auf von Dritten installierte Cookies kann der Benutzer auch seine Einstellungen verwalten und die Zustimmung widerrufen, indem er den entsprechenden Opt-out-Link (falls verf\u00fcgbar) besucht, die in den Datenschutzrichtlinien des Dritten beschriebenen Tools verwendet oder sich direkt an den Dritten wendet.<br>Ungeachtet des Vorstehenden kann der Benutzer die von EDAA (EU), Network Advertising Initiative (USA) und Digital Advertising Alliance (USA), DAAC (Kanada), DDAI (Japan) oder anderen \u00e4hnlichen Diensten bereitgestellten Informationen verwenden. Mit diesen Diensten ist es m\u00f6glich, die Tracking-Einstellungen der meisten Werbetools zu verwalten. Der Eigent\u00fcmer empfiehlt den Benutzern daher, diese Ressourcen zus\u00e4tzlich zu den in diesem Dokument enthaltenen Informationen zur Verwaltung, Deaktivierung oder Beseitigung von Cookies von Drittanbietern zu verwenden.<\/p>\n","protected":false},"excerpt":{"rendered":"<div class=\"slide-text-bg2\"><span>Datencontroller Die Installation von Cookies und anderen Tracking-Systemen, die von Dritten \u00fcber die auf dieser Website verwendeten Dienste betrieben werd<\/span><\/div>\n<div class=\"slide-btn-area-sm\"><a href=\"https:\/\/autolineelumia.com\/index.php\/de\/datenschutzerklarung-zur-verwendung-von-cookies\/\" class=\"slide-btn-sm\">Leggi tutto<\/a><\/div>\n","protected":false},"author":1,"featured_media":0,"parent":0,"menu_order":0,"comment_status":"closed","ping_status":"closed","template":"","meta":{"footnotes":""},"class_list":["post-587","page","type-page","status-publish","hentry"],"yoast_head":"<!-- This site is optimized with the Yoast SEO plugin v26.9 - https:\/\/yoast.com\/product\/yoast-seo-wordpress\/ -->\n<title>Datenschutzerkl\u00e4rung zur Verwendung von Cookies &#8212; Autolinee Salvatore Lumia<\/title>\n<meta name=\"robots\" content=\"index, follow, max-snippet:-1, max-image-preview:large, max-video-preview:-1\" \/>\n<link rel=\"canonical\" href=\"https:\/\/autolineelumia.com\/index.php\/de\/datenschutzerklarung-zur-verwendung-von-cookies\/\" \/>\n<meta property=\"og:locale\" content=\"it_IT\" \/>\n<meta property=\"og:type\" content=\"article\" \/>\n<meta property=\"og:title\" content=\"Datenschutzerkl\u00e4rung zur Verwendung von Cookies &#8212; Autolinee Salvatore Lumia\" \/>\n<meta property=\"og:description\" content=\"Datencontroller Die Installation von Cookies und anderen Tracking-Systemen, die von Dritten \u00fcber die auf dieser Website verwendeten Dienste betrieben werdLeggi tutto\" \/>\n<meta property=\"og:url\" content=\"https:\/\/autolineelumia.com\/index.php\/de\/datenschutzerklarung-zur-verwendung-von-cookies\/\" \/>\n<meta property=\"og:site_name\" content=\"Autolinee Salvatore Lumia\" \/>\n<meta property=\"article:modified_time\" content=\"2020-09-23T04:56:29+00:00\" \/>\n<meta name=\"twitter:card\" content=\"summary_large_image\" \/>\n<meta name=\"twitter:label1\" content=\"Tempo di lettura stimato\" \/>\n\t<meta name=\"twitter:data1\" content=\"6 minuti\" \/>\n<script type=\"application\/ld+json\" class=\"yoast-schema-graph\">{\"@context\":\"https:\/\/schema.org\",\"@graph\":[{\"@type\":\"WebPage\",\"@id\":\"https:\/\/autolineelumia.com\/index.php\/de\/datenschutzerklarung-zur-verwendung-von-cookies\/\",\"url\":\"https:\/\/autolineelumia.com\/index.php\/de\/datenschutzerklarung-zur-verwendung-von-cookies\/\",\"name\":\"Datenschutzerkl\u00e4rung zur Verwendung von Cookies &#8212; Autolinee Salvatore Lumia\",\"isPartOf\":{\"@id\":\"https:\/\/autolineelumia.com\/#website\"},\"datePublished\":\"2020-09-23T04:56:27+00:00\",\"dateModified\":\"2020-09-23T04:56:29+00:00\",\"breadcrumb\":{\"@id\":\"https:\/\/autolineelumia.com\/index.php\/de\/datenschutzerklarung-zur-verwendung-von-cookies\/#breadcrumb\"},\"inLanguage\":\"it-IT\",\"potentialAction\":[{\"@type\":\"ReadAction\",\"target\":[\"https:\/\/autolineelumia.com\/index.php\/de\/datenschutzerklarung-zur-verwendung-von-cookies\/\"]}]},{\"@type\":\"BreadcrumbList\",\"@id\":\"https:\/\/autolineelumia.com\/index.php\/de\/datenschutzerklarung-zur-verwendung-von-cookies\/#breadcrumb\",\"itemListElement\":[{\"@type\":\"ListItem\",\"position\":1,\"name\":\"Home\",\"item\":\"https:\/\/autolineelumia.com\/\"},{\"@type\":\"ListItem\",\"position\":2,\"name\":\"Datenschutzerkl\u00e4rung zur Verwendung von Cookies\"}]},{\"@type\":\"WebSite\",\"@id\":\"https:\/\/autolineelumia.com\/#website\",\"url\":\"https:\/\/autolineelumia.com\/\",\"name\":\"Autolinee Salvatore Lumia\",\"description\":\"\",\"publisher\":{\"@id\":\"https:\/\/autolineelumia.com\/#organization\"},\"potentialAction\":[{\"@type\":\"SearchAction\",\"target\":{\"@type\":\"EntryPoint\",\"urlTemplate\":\"https:\/\/autolineelumia.com\/?s={search_term_string}\"},\"query-input\":{\"@type\":\"PropertyValueSpecification\",\"valueRequired\":true,\"valueName\":\"search_term_string\"}}],\"inLanguage\":\"it-IT\"},{\"@type\":\"Organization\",\"@id\":\"https:\/\/autolineelumia.com\/#organization\",\"name\":\"Salvatore Lumia Autolinee\",\"url\":\"https:\/\/autolineelumia.com\/\",\"logo\":{\"@type\":\"ImageObject\",\"inLanguage\":\"it-IT\",\"@id\":\"https:\/\/autolineelumia.com\/#\/schema\/logo\/image\/\",\"url\":\"https:\/\/autolineelumia.com\/wp-content\/uploads\/2018\/06\/r2_c4.gif\",\"contentUrl\":\"https:\/\/autolineelumia.com\/wp-content\/uploads\/2018\/06\/r2_c4.gif\",\"width\":193,\"height\":70,\"caption\":\"Salvatore Lumia Autolinee\"},\"image\":{\"@id\":\"https:\/\/autolineelumia.com\/#\/schema\/logo\/image\/\"}}]}<\/script>\n<!-- \/ Yoast SEO plugin. -->","yoast_head_json":{"title":"Datenschutzerkl\u00e4rung zur Verwendung von Cookies &#8212; Autolinee Salvatore Lumia","robots":{"index":"index","follow":"follow","max-snippet":"max-snippet:-1","max-image-preview":"max-image-preview:large","max-video-preview":"max-video-preview:-1"},"canonical":"https:\/\/autolineelumia.com\/index.php\/de\/datenschutzerklarung-zur-verwendung-von-cookies\/","og_locale":"it_IT","og_type":"article","og_title":"Datenschutzerkl\u00e4rung zur Verwendung von Cookies &#8212; Autolinee Salvatore Lumia","og_description":"Datencontroller Die Installation von Cookies und anderen Tracking-Systemen, die von Dritten \u00fcber die auf dieser Website verwendeten Dienste betrieben werdLeggi tutto","og_url":"https:\/\/autolineelumia.com\/index.php\/de\/datenschutzerklarung-zur-verwendung-von-cookies\/","og_site_name":"Autolinee Salvatore Lumia","article_modified_time":"2020-09-23T04:56:29+00:00","twitter_card":"summary_large_image","twitter_misc":{"Tempo di lettura stimato":"6 minuti"},"schema":{"@context":"https:\/\/schema.org","@graph":[{"@type":"WebPage","@id":"https:\/\/autolineelumia.com\/index.php\/de\/datenschutzerklarung-zur-verwendung-von-cookies\/","url":"https:\/\/autolineelumia.com\/index.php\/de\/datenschutzerklarung-zur-verwendung-von-cookies\/","name":"Datenschutzerkl\u00e4rung zur Verwendung von Cookies &#8212; Autolinee Salvatore Lumia","isPartOf":{"@id":"https:\/\/autolineelumia.com\/#website"},"datePublished":"2020-09-23T04:56:27+00:00","dateModified":"2020-09-23T04:56:29+00:00","breadcrumb":{"@id":"https:\/\/autolineelumia.com\/index.php\/de\/datenschutzerklarung-zur-verwendung-von-cookies\/#breadcrumb"},"inLanguage":"it-IT","potentialAction":[{"@type":"ReadAction","target":["https:\/\/autolineelumia.com\/index.php\/de\/datenschutzerklarung-zur-verwendung-von-cookies\/"]}]},{"@type":"BreadcrumbList","@id":"https:\/\/autolineelumia.com\/index.php\/de\/datenschutzerklarung-zur-verwendung-von-cookies\/#breadcrumb","itemListElement":[{"@type":"ListItem","position":1,"name":"Home","item":"https:\/\/autolineelumia.com\/"},{"@type":"ListItem","position":2,"name":"Datenschutzerkl\u00e4rung zur Verwendung von Cookies"}]},{"@type":"WebSite","@id":"https:\/\/autolineelumia.com\/#website","url":"https:\/\/autolineelumia.com\/","name":"Autolinee Salvatore Lumia","description":"","publisher":{"@id":"https:\/\/autolineelumia.com\/#organization"},"potentialAction":[{"@type":"SearchAction","target":{"@type":"EntryPoint","urlTemplate":"https:\/\/autolineelumia.com\/?s={search_term_string}"},"query-input":{"@type":"PropertyValueSpecification","valueRequired":true,"valueName":"search_term_string"}}],"inLanguage":"it-IT"},{"@type":"Organization","@id":"https:\/\/autolineelumia.com\/#organization","name":"Salvatore Lumia Autolinee","url":"https:\/\/autolineelumia.com\/","logo":{"@type":"ImageObject","inLanguage":"it-IT","@id":"https:\/\/autolineelumia.com\/#\/schema\/logo\/image\/","url":"https:\/\/autolineelumia.com\/wp-content\/uploads\/2018\/06\/r2_c4.gif","contentUrl":"https:\/\/autolineelumia.com\/wp-content\/uploads\/2018\/06\/r2_c4.gif","width":193,"height":70,"caption":"Salvatore Lumia Autolinee"},"image":{"@id":"https:\/\/autolineelumia.com\/#\/schema\/logo\/image\/"}}]}},"_links":{"self":[{"href":"https:\/\/autolineelumia.com\/index.php\/wp-json\/wp\/v2\/pages\/587","targetHints":{"allow":["GET"]}}],"collection":[{"href":"https:\/\/autolineelumia.com\/index.php\/wp-json\/wp\/v2\/pages"}],"about":[{"href":"https:\/\/autolineelumia.com\/index.php\/wp-json\/wp\/v2\/types\/page"}],"author":[{"embeddable":true,"href":"https:\/\/autolineelumia.com\/index.php\/wp-json\/wp\/v2\/users\/1"}],"replies":[{"embeddable":true,"href":"https:\/\/autolineelumia.com\/index.php\/wp-json\/wp\/v2\/comments?post=587"}],"version-history":[{"count":1,"href":"https:\/\/autolineelumia.com\/index.php\/wp-json\/wp\/v2\/pages\/587\/revisions"}],"predecessor-version":[{"id":588,"href":"https:\/\/autolineelumia.com\/index.php\/wp-json\/wp\/v2\/pages\/587\/revisions\/588"}],"wp:attachment":[{"href":"https:\/\/autolineelumia.com\/index.php\/wp-json\/wp\/v2\/media?parent=587"}],"curies":[{"name":"wp","href":"https:\/\/api.w.org\/{rel}","templated":true}]}}