
{"id":561,"date":"2020-09-22T17:08:02","date_gmt":"2020-09-22T15:08:02","guid":{"rendered":"http:\/\/autolineelumia.com\/?page_id=561"},"modified":"2020-09-22T17:08:03","modified_gmt":"2020-09-22T15:08:03","slug":"reglement-de-voyage","status":"publish","type":"page","link":"https:\/\/autolineelumia.com\/index.php\/fr\/reglement-de-voyage\/","title":{"rendered":"R\u00e8glement de voyage"},"content":{"rendered":"\n<p>LE REGLEMENT DES VOYAGES<\/p>\n\n\n\n<p>\u00bbArticle 1 &#8211; Objet du r\u00e8glement.<br>\u00bbArticle 2 &#8211; Le titre de transport.<br>\u00bbArticle 3 &#8211; Tarifs.<br>\u00bbArticle 4 &#8211; Horaires.<br>\u00bbArticle 5 &#8211; Bagages.<br>\u00bbArticle 6 &#8211; Transport d&#8217;animaux.<br>\u00bbArticle 7 &#8211; Annulation, retard, interruption du voyage. Remboursements.<br>\u00bbArticle 8 &#8211; R\u00e8gles de conduite et responsabilit\u00e9s des passagers.<br>\u00bbArticle 9 &#8211; Droit de transport et conditions particuli\u00e8res.<br>\u00bbArticle 10 &#8211; Comp\u00e9tence. Norme de fermeture.<\/p>\n\n\n\n<p>ART.1 &#8211; Objet du r\u00e8glement<\/p>\n\n\n\n<ol class=\"wp-block-list\"><li>Les services r\u00e9guliers des lignes de bus r\u00e9gionales exploit\u00e9es sur le territoire de la r\u00e9gion de Sicile par SALVATORE LUMIA Srl, bas\u00e9e \u00e0 Agrigente, Via Pindaro 3 \/ C sont r\u00e9gis par les r\u00e8gles de ce r\u00e8glement de voyage auquel le terme \u00abr\u00e8glement de voyage se r\u00e9f\u00e8re \u00e0 la billetterie &#8220;appos\u00e9e sur le titre de transport. Ce r\u00e8glement est publi\u00e9 sur le site www.autolineelumia.com<\/li><li>En achetant le titre de transport, le passager d\u00e9clare implicitement conna\u00eetre, accepter et respecter les r\u00e8gles de ce r\u00e8glement.<\/li><\/ol>\n\n\n\n<p>ART. 2 &#8211; Le titre de transport<\/p>\n\n\n\n<ol class=\"wp-block-list\"><li>Le billet de voyage doit \u00eatre achet\u00e9, avant le d\u00e9but du service, aupr\u00e8s de revendeurs agr\u00e9\u00e9s. Exceptionnellement, il est permis d&#8217;acheter le billet \u00e0 bord du bus directement aupr\u00e8s du personnel de la compagnie voyageuse avec de l&#8217;argent compt\u00e9.<\/li><li>Le titre de transport est personnel et documente la conclusion du contrat de transport exclusivement entre la Soci\u00e9t\u00e9 qui assure le service (ci-apr\u00e8s \u00e9galement d\u00e9nomm\u00e9 le \u00abtransporteur\u00bb) et l&#8217;acheteur du billet, pour l&#8217;itin\u00e9raire qui y est indiqu\u00e9. L&#8217;obligation du transporteur est report\u00e9e au moment o\u00f9 le service doit commencer. Le transporteur n&#8217;est donc pas responsable de tout vol, vol, agression ou tout \u00e9v\u00e9nement pr\u00e9judiciable \u00e0 l&#8217;utilisateur survenant dans le cadre de la vente des billets.<\/li><li>Le billet est personnel, il n&#8217;est ni cessible ni transf\u00e9rable.<\/li><li>Par \u00ab\u00e9tape\u00bb, nous entendons la relation \u00e0 laquelle se r\u00e9f\u00e8re le billet: il est identifi\u00e9 par l&#8217;indication du lieu de d\u00e9part et de la destination. Le voyageur, au moment de l&#8217;achat du billet (billet ou abonnement), est tenu de v\u00e9rifier imm\u00e9diatement l&#8217;exactitude des donn\u00e9es qu&#8217;il contient et que le prix pay\u00e9 correspond \u00e0 celui indiqu\u00e9 sur le billet.<\/li><li>Le passager est tenu de conserver le billet pendant toute la dur\u00e9e du voyage et de le pr\u00e9senter \u00e0 chaque demande de l&#8217;\u00e9quipage du transporteur. Les passagers trouv\u00e9s \u00e0 bord du bus sans titre de transport sont tenus de r\u00e9gulariser leur position en payant le tarif ordinaire pour toute la ligne, major\u00e9 d&#8217;une p\u00e9nalit\u00e9 \u00e9gale \u00e0 100% du tarif.<\/li><li>Les billets doivent \u00eatre tamponn\u00e9s uniquement par le personnel de l&#8217;entreprise charg\u00e9 du contr\u00f4le.<\/li><li>Le billet aller simple ou aller-retour n&#8217;est valable que le jour de l&#8217;\u00e9mission. Si le billet de retour est \u00e9mis pour des trajets vers plusieurs provinces, il est valable deux jours, jour d&#8217;\u00e9mission compris.<\/li><li>Les titres de transport donnant droit \u00e0 un nombre multiple de voyages (abonnements) indiquent la date d&#8217;expiration et les conditions suppl\u00e9mentaires d&#8217;utilisation. Les voyages non utilis\u00e9s dans les d\u00e9lais ne sont pas remboursables.<\/li><li>Aucun remboursement n&#8217;est d\u00fb en cas de perte, d\u00e9t\u00e9rioration, destruction ou vol du document de voyage. Il n&#8217;est pas possible d&#8217;\u00e9mettre des doublons.<\/li><\/ol>\n\n\n\n<p>ART. 3. &#8211; Tarifs<\/p>\n\n\n\n<ol class=\"wp-block-list\"><li>Salvatore Lumia s.r.l. applique les tarifs approuv\u00e9s par la r\u00e9gion sicilienne. Le taux applicable est celui en vigueur le jour de l&#8217;\u00e9mission.<\/li><li>Il est interdit de transporter des enfants de tout \u00e2ge. Dans tous les cas, l&#8217;achat du billet et l&#8217;occupation d&#8217;un si\u00e8ge sont obligatoires pour des raisons \u00e0 la fois de s\u00e9curit\u00e9 du voyage et de s\u00e9curit\u00e9 de l&#8217;enfant. En cas de non-respect des exigences l\u00e9gales sur les dispositifs de retenue pour enfants, le transporteur n&#8217;est pas responsable des dommages subis par l&#8217;enfant et \/ ou par ceux qui le portent abusivement avec eux en le tenant dans leurs bras, m\u00eame si le dommage est directement li\u00e9 \u00e0 un \u00e9v\u00e9nement. imputable \u00e0 la responsabilit\u00e9 du transporteur.<\/li><\/ol>\n\n\n\n<p>ART. 4. &#8211; Horaires<\/p>\n\n\n\n<ol class=\"wp-block-list\"><li>Toutes les informations contenues dans les horaires imprim\u00e9s sont sujettes \u00e0 changement et peuvent \u00eatre sujettes \u00e0 changement. Toute information doit donc \u00eatre confirm\u00e9e au moment de l&#8217;achat du billet.<\/li><\/ol>\n\n\n\n<p>ART. 5. &#8211; Bagages<\/p>\n\n\n\n<ol class=\"wp-block-list\"><li>Le co\u00fbt du billet de voyage ne comprend aucune contrepartie pour le transport des bagages du passager, transport qui est effectu\u00e9 par le transporteur uniquement \u00e0 titre gracieux pour une meilleure satisfaction de l&#8217;utilisateur, sans frais et aux risques bagages sp\u00e9ciaux SANS SURVEILLANCE, limit\u00e9s \u00e0 deux valises ou packs ne d\u00e9passant pas chacun les dimensions de 160 cm et le poids de 20 kg. Les bagages d&#8217;accompagnement doivent \u00eatre d\u00e9pos\u00e9s, par le passager lui-m\u00eame et sous sa responsabilit\u00e9 personnelle, dans la soute \u00e0 bagages du bus qui est sans surveillance.<\/li><li>Le transport de colis, colis et colis pour le compte de tiers ou en tout \u00e9tat de cause ne constituant pas des bagages d&#8217;accompagnement n&#8217;est pas effectu\u00e9.<\/li><li>Le transporteur peut refuser les demandes de transport de bagages d&#8217;accompagnement qui ne sont pas compatibles avec les moyens ordinaires de l&#8217;entreprise et \/ ou qui pourraient mettre en p\u00e9ril la s\u00e9curit\u00e9 des voyageurs et des voyages, ainsi que l&#8217;int\u00e9grit\u00e9 des bagages des autres passagers.<\/li><li>Chaque passager a le droit d&#8217;emporter avec lui un petit bagage \u00e0 main de dimensions maximales (40x20x25 cm) dans la cabine du bus pour \u00eatre plac\u00e9 dans les compartiments sp\u00e9ciaux ou sous le si\u00e8ge, en veillant \u00e0 ce qu&#8217;il ne tombe pas.<\/li><li>Il est interdit d&#8217;emporter des bagages encombrants, des armes, des munitions, des mati\u00e8res inflammables ou autrement dangereuses et \/ ou nocives et des liquides en g\u00e9n\u00e9ral \u00e0 bord du bus. La contrebande ou les marchandises ill\u00e9gales ne sont pas autoris\u00e9es \u00e0 bord du bus. Les m\u00eames interdictions s&#8217;appliquent aux bagages d\u00e9pos\u00e9s dans la soute \u00e0 bagages, o\u00f9 le transport d&#8217;objets de grande valeur est \u00e9galement interdit.<\/li><li>Les passagers qui enfreignent les interdictions vis\u00e9es au paragraphe pr\u00e9c\u00e9dent sont personnellement et directement responsables envers les tiers et les autorit\u00e9s comp\u00e9tentes. La soci\u00e9t\u00e9 propri\u00e9taire du bus, cependant, se r\u00e9serve le droit d&#8217;exercer des repr\u00e9sailles pour tout dommage, de quelque nature que ce soit, qu&#8217;elle pourrait subir, caus\u00e9 par le comportement ill\u00e9gal ou autrement incorrect du passager.<\/li><li>Le transporteur n&#8217;est en aucun cas responsable de la perte de bagages, qu&#8217;ils soient transport\u00e9s par le passager \u00e0 l&#8217;int\u00e9rieur de la cabine du bus (soi-disant bagage \u00e0 main) ou plac\u00e9s dans le compartiment \u00e0 bagages. Les bagages sont laiss\u00e9s sans surveillance: le transporteur n&#8217;est pas responsable des dommages caus\u00e9s aux bagages du fait de la faute du passager ou de la nature particuli\u00e8re du bagage ou de son emballage. Le transporteur n&#8217;assume aucune obligation de garde et de surveillance des bagages, qui r\u00e9sident exclusivement avec le passager.<\/li><li>Le transporteur, conform\u00e9ment aux dispositions de la loi en vigueur, n&#8217;est responsable de la perte des bagages que si elle lui est directement imputable et en tout \u00e9tat de cause dans la limite maximale obligatoire de 103,30 euros par bagage, avec une limite maximale de 206,60 euros par passager .<\/li><li>Les r\u00e9clamations pour perte ou endommagement des bagages doivent en tout \u00e9tat de cause \u00eatre adress\u00e9es par le passager d\u00e8s son arriv\u00e9e au personnel de bord et confirm\u00e9es ult\u00e9rieurement par \u00e9crit, accompagn\u00e9es d&#8217;un rapport r\u00e9gulier \u00e0 l&#8217;autorit\u00e9 publique, dans les 10 jours suivant la fin du voyage, \u00e0 Gestion de Salvatore Lumia srl (Via Pindaro n \u00b0 3 92100 Agrigento ou via PEC \u00e0 salvatorelumiasrl@legalmail.it), avec les d\u00e9clarations qui y figurent sous serment sous leur propre responsabilit\u00e9 personnelle.<\/li><\/ol>\n\n\n\n<p>ART. 6 &#8211; Transport d&#8217;animaux<\/p>\n\n\n\n<ol class=\"wp-block-list\"><li>Il est permis d&#8217;amener des animaux avec vous, contre paiement d&#8217;un billet suppl\u00e9mentaire, \u00e0 condition qu&#8217;ils soient petits et dans des conteneurs sp\u00e9ciaux, plac\u00e9s au sol et non sur le si\u00e8ge pendant toute la dur\u00e9e du voyage. Le transport des animaux peut \u00eatre limit\u00e9 ou refus\u00e9, \u00e0 la seule discr\u00e9tion du conducteur, pour des besoins li\u00e9s au service (encombrement, d\u00e9rangement d&#8217;autres passagers ou probl\u00e8mes de s\u00e9curit\u00e9). Il est conseill\u00e9 de r\u00e9server le transport des animaux en contactant l&#8217;entreprise pour conna\u00eetre les horaires et les man\u00e8ges les moins fr\u00e9quent\u00e9s.<\/li><li>Les passagers sont tenus de surveiller l&#8217;animal remorqu\u00e9 pendant tout le trajet et sont seuls responsables de tout dommage aux personnes et aux choses caus\u00e9 \u00e0 l&#8217;autobus, aux biens ou aux autres passagers par l&#8217;animal transport\u00e9. Le chauffeur peut demander \u00e0 toute personne qui emm\u00e8ne un animal d\u00e9rangeant avec elle de quitter le bus sans droit \u00e0 aucun remboursement.<\/li><li>Les chiens-guides accompagnant des passagers aveugles sont exclus des limitations ci-dessus et sont admis gratuitement \u00e0 bord. Les chiens-guides sont limit\u00e9s \u00e0 un par voiture.<\/li><\/ol>\n\n\n\n<p>ART. 7 &#8211; Annulation, retard, interruption du voyage. Remboursements<\/p>\n\n\n\n<ol class=\"wp-block-list\"><li>Le transporteur n&#8217;assume aucune responsabilit\u00e9 pour les retards ou annulations de voyages dus \u00e0 des gr\u00e8ves ou \u00e0 des conditions m\u00e9t\u00e9orologiques d\u00e9favorables ou \u00e0 toute autre cause non imputable au transporteur lui-m\u00eame.<\/li><li>Si le service est interrompu par cas de force majeure ou sur ordre de l&#8217;autorit\u00e9 publique, le passager a le droit exclusif d&#8217;\u00eatre ramen\u00e9 au lieu de d\u00e9part, et non au remboursement du billet.<\/li><li>Si le service est interrompu en raison d&#8217;un fait imputable au transporteur, le passager a uniquement le droit d&#8217;\u00eatre ramen\u00e9 au lieu de d\u00e9part et de se faire rembourser le billet. Si, toutefois, le transporteur assure que le passager continuera le voyage, le passager n&#8217;a droit \u00e0 aucun remboursement, quel que soit le retard. En cas d&#8217;accident entra\u00eenant l&#8217;interruption du service, le transporteur utilisera \/ remplacera si possible le v\u00e9hicule assurant la poursuite du voyage ou le retour au point de d\u00e9part.<\/li><li>Si le passager interrompt le voyage de sa propre volont\u00e9 ou, en tout cas, de son propre chef, il n&#8217;a droit \u00e0 aucun remboursement ni \u00e0 aucune prestation.<\/li><li>Dans les cas pr\u00e9vus ci-dessus, quelle qu&#8217;en soit la cause, m\u00eame imputable \u00e0 la Soci\u00e9t\u00e9 qui assure la prestation, cette derni\u00e8re n&#8217;est en aucun cas responsable des dommages qui pourraient en r\u00e9sulter pour les passagers.<\/li><li>Le transporteur n&#8217;est pas responsable du d\u00e9faut de connexion avec les services de transport assur\u00e9s par la m\u00eame entreprise de transport ou par d&#8217;autres, que ce soit terrestre, maritime, a\u00e9rien ou ferroviaire, quelle qu&#8217;en soit la raison, le retard par rapport \u00e0 l&#8217;heure d&#8217;arriv\u00e9e pr\u00e9vue d\u00e9pend.<\/li><\/ol>\n\n\n\n<p>ART. 8 &#8211; R\u00e8gles de conduite et responsabilit\u00e9s des passagers<\/p>\n\n\n\n<ol class=\"wp-block-list\"><li>Le passager est tenu de collaborer avec le transporteur pour la s\u00e9curit\u00e9 du voyage et l&#8217;am\u00e9lioration de la qualit\u00e9 du service, en respectant les dispositions en vigueur pour l&#8217;acc\u00e8s aux v\u00e9hicules. Les utilisateurs qui utilisent les services fournis par le transporteur sont tenus de se comporter, pour eux-m\u00eames et pour autrui, selon les r\u00e8gles de bonnes mani\u00e8res, en suivant les r\u00e8gles g\u00e9n\u00e9rales de conduite \u00e9nonc\u00e9es ci-dessous. En particulier, le passager est tenu de:<br>a) arriver au point de d\u00e9part au moins 5 minutes avant l&#8217;heure pr\u00e9vue;<br>b) se conformer aux r\u00e8glements de police et de sant\u00e9 sur les voyages.<br>c) pendant le transport:<br>c1.) observer les prescriptions, avertissements et invitations du personnel de bord, y compris ceux qui peuvent entra\u00eener des obstacles ou des restrictions dans l&#8217;ex\u00e9cution du transport. En particulier, les passagers sont tenus de se conformer \u00e0 l&#8217;obligation d&#8217;utiliser les ceintures de s\u00e9curit\u00e9 lorsqu&#8217;elles sont pr\u00e9sentes.<br>c2.) s&#8217;abstenir de parler au conducteur, observer un comportement d\u00e9cent, ne pas d\u00e9ranger les autres voyageurs; ne pas se livrer \u00e0 un comportement de harc\u00e8lement, chanter, jouer, crier ou parler obsc\u00e8ne ou inappropri\u00e9.<br>c3.) ne vous penchez pas par les fen\u00eatres;<br>c4.) restent assis lorsque le bus est en mouvement.<br>c5.) mendier parmi les voyageurs ou mener des activit\u00e9s publicitaires et commerciales, y compris \u00e0 des fins caritatives;<\/li><li>Le passager n&#8217;est pas autoris\u00e9 \u00e0 voyager, et pendant le voyage peut \u00eatre \u00e9loign\u00e9 sans droit au remboursement du billet, dans le cas o\u00f9 il repr\u00e9sente un danger pour la s\u00e9curit\u00e9 du service de transport tel que prescrit par le code de la route.<\/li><li>Le passager doit prendre les pr\u00e9cautions n\u00e9cessaires et surveiller sa s\u00e9curit\u00e9 et celle des personnes, animaux et \/ ou choses dont il a la garde.<\/li><li>Il est interdit de fumer \u00e0 l&#8217;int\u00e9rieur du bus. Les contrevenants seront poursuivis conform\u00e9ment \u00e0 la loi.<\/li><li>Le personnel de la compagnie voyageuse n&#8217;admettra pas \u00e0 bord des passagers manifestement ivres ou qui perturbent la r\u00e9gularit\u00e9 du service en recourant, si n\u00e9cessaire, \u00e0 l&#8217;intervention de la police.<\/li><li>Le personnel de la compagnie de voyage est autoris\u00e9 \u00e0 laisser descendre les passagers qui se comportent mal ou qui harc\u00e8lent d&#8217;une autre mani\u00e8re (si n\u00e9cessaire avec l&#8217;intervention de la police), sans pouvoir r\u00e9clamer quoi que ce soit \u00e0 titre de remboursement du itin\u00e9raire restant \u00e0 effectuer, sous r\u00e9serve de tout recours pour tout dommage caus\u00e9 au v\u00e9hicule ou \u00e0 la prestation.<\/li><li>Le transporteur n&#8217;est pas responsable des dommages caus\u00e9s \u00e0 lui-m\u00eame ou \u00e0 d&#8217;autres passagers par un comportement ill\u00e9gal d&#8217;utilisateur ou en tout cas non conforme aux r\u00e8gles de la diligence ordinaire.<\/li><\/ol>\n\n\n\n<p>ART. 9 &#8211; Droit de transport et conditions particuli\u00e8res<\/p>\n\n\n\n<ol class=\"wp-block-list\"><li>Le transport de personnes handicap\u00e9es ou \u00e0 mobilit\u00e9 r\u00e9duite est toujours autoris\u00e9 sauf dans les cas suivants:<br>a) pour se conformer aux obligations de s\u00e9curit\u00e9 \u00e9tablies par la l\u00e9gislation ou par les autorit\u00e9s comp\u00e9tentes;<br>b) si la configuration du v\u00e9hicule rend physiquement impossible l&#8217;embarquement, le d\u00e9barquement ou le transport de la personne handicap\u00e9e ou \u00e0 mobilit\u00e9 r\u00e9duite dans des conditions de s\u00e9curit\u00e9 praticables. Au cas o\u00f9 le transporteur constaterait de telles entraves au transport, il en informera le demandeur, en l&#8217;informant par \u00e9crit dans un d\u00e9lai de cinq jours ouvrables.<\/li><li>En cas de perte ou d&#8217;endommagement de l&#8217;\u00e9quipement de mobilit\u00e9 ou des dispositifs d&#8217;assistance, le transporteur indemnise le passager dans la mesure requise par la loi. Le cas \u00e9ch\u00e9ant, le transporteur met tout en \u0153uvre pour fournir rapidement des \u00e9quipements ou dispositifs de remplacement temporaire et, si possible, pr\u00e9sentant des caract\u00e9ristiques techniques et fonctionnelles similaires \u00e0 celles perdues ou endommag\u00e9es.<\/li><\/ol>\n\n\n\n<p>ART. 10 &#8211; Comp\u00e9tence. Norme de fermeture.<\/p>\n\n\n\n<ol class=\"wp-block-list\"><li>Le tribunal territorial d&#8217;Agrigente sera comp\u00e9tent pour tout litige.<\/li><li>Pour toutes les mati\u00e8res non express\u00e9ment pr\u00e9vues dans le pr\u00e9sent r\u00e8glement, les r\u00e8gles du code civil s&#8217;appliquent le cas \u00e9ch\u00e9ant, ainsi que les r\u00e8glements du secteur.<\/li><li>La Soci\u00e9t\u00e9 a le droit de modifier et d&#8217;int\u00e9grer ce r\u00e8glement \u00e0 tout moment. Le r\u00e8glement mis \u00e0 jour et en vigueur sera dans tous les cas toujours disponible pour les utilisateurs dans les points de vente et publi\u00e9 sur le site www.autolineelumia.com<\/li><\/ol>\n","protected":false},"excerpt":{"rendered":"<div class=\"slide-text-bg2\"><span>LE REGLEMENT DES VOYAGES \u00bbArticle 1 &#8211; Objet du r\u00e8glement.\u00bbArticle 2 &#8211; Le titre de transport.\u00bbArticle 3 &#8211; Tarifs.\u00bbArticle 4 &#8211; H<\/span><\/div>\n<div class=\"slide-btn-area-sm\"><a href=\"https:\/\/autolineelumia.com\/index.php\/fr\/reglement-de-voyage\/\" class=\"slide-btn-sm\">Leggi tutto<\/a><\/div>\n","protected":false},"author":1,"featured_media":0,"parent":0,"menu_order":0,"comment_status":"closed","ping_status":"closed","template":"","meta":{"footnotes":""},"class_list":["post-561","page","type-page","status-publish","hentry"],"yoast_head":"<!-- This site is optimized with the Yoast SEO plugin v26.9 - https:\/\/yoast.com\/product\/yoast-seo-wordpress\/ -->\n<title>R\u00e8glement de voyage &#8212; Autolinee Salvatore Lumia<\/title>\n<meta name=\"robots\" content=\"index, follow, max-snippet:-1, max-image-preview:large, max-video-preview:-1\" \/>\n<link rel=\"canonical\" href=\"https:\/\/autolineelumia.com\/index.php\/fr\/reglement-de-voyage\/\" \/>\n<meta property=\"og:locale\" content=\"it_IT\" \/>\n<meta property=\"og:type\" content=\"article\" \/>\n<meta property=\"og:title\" content=\"R\u00e8glement de voyage &#8212; Autolinee Salvatore Lumia\" \/>\n<meta property=\"og:description\" content=\"LE REGLEMENT DES VOYAGES \u00bbArticle 1 &#8211; Objet du r\u00e8glement.\u00bbArticle 2 &#8211; Le titre de transport.\u00bbArticle 3 &#8211; Tarifs.\u00bbArticle 4 &#8211; HLeggi tutto\" \/>\n<meta property=\"og:url\" content=\"https:\/\/autolineelumia.com\/index.php\/fr\/reglement-de-voyage\/\" \/>\n<meta property=\"og:site_name\" content=\"Autolinee Salvatore Lumia\" \/>\n<meta property=\"article:modified_time\" content=\"2020-09-22T15:08:03+00:00\" \/>\n<meta name=\"twitter:card\" content=\"summary_large_image\" \/>\n<meta name=\"twitter:label1\" content=\"Tempo di lettura stimato\" \/>\n\t<meta name=\"twitter:data1\" content=\"12 minuti\" \/>\n<script type=\"application\/ld+json\" class=\"yoast-schema-graph\">{\"@context\":\"https:\/\/schema.org\",\"@graph\":[{\"@type\":\"WebPage\",\"@id\":\"https:\/\/autolineelumia.com\/index.php\/fr\/reglement-de-voyage\/\",\"url\":\"https:\/\/autolineelumia.com\/index.php\/fr\/reglement-de-voyage\/\",\"name\":\"R\u00e8glement de voyage &#8212; Autolinee Salvatore Lumia\",\"isPartOf\":{\"@id\":\"https:\/\/autolineelumia.com\/#website\"},\"datePublished\":\"2020-09-22T15:08:02+00:00\",\"dateModified\":\"2020-09-22T15:08:03+00:00\",\"breadcrumb\":{\"@id\":\"https:\/\/autolineelumia.com\/index.php\/fr\/reglement-de-voyage\/#breadcrumb\"},\"inLanguage\":\"it-IT\",\"potentialAction\":[{\"@type\":\"ReadAction\",\"target\":[\"https:\/\/autolineelumia.com\/index.php\/fr\/reglement-de-voyage\/\"]}]},{\"@type\":\"BreadcrumbList\",\"@id\":\"https:\/\/autolineelumia.com\/index.php\/fr\/reglement-de-voyage\/#breadcrumb\",\"itemListElement\":[{\"@type\":\"ListItem\",\"position\":1,\"name\":\"Home\",\"item\":\"https:\/\/autolineelumia.com\/\"},{\"@type\":\"ListItem\",\"position\":2,\"name\":\"R\u00e8glement de voyage\"}]},{\"@type\":\"WebSite\",\"@id\":\"https:\/\/autolineelumia.com\/#website\",\"url\":\"https:\/\/autolineelumia.com\/\",\"name\":\"Autolinee Salvatore Lumia\",\"description\":\"\",\"publisher\":{\"@id\":\"https:\/\/autolineelumia.com\/#organization\"},\"potentialAction\":[{\"@type\":\"SearchAction\",\"target\":{\"@type\":\"EntryPoint\",\"urlTemplate\":\"https:\/\/autolineelumia.com\/?s={search_term_string}\"},\"query-input\":{\"@type\":\"PropertyValueSpecification\",\"valueRequired\":true,\"valueName\":\"search_term_string\"}}],\"inLanguage\":\"it-IT\"},{\"@type\":\"Organization\",\"@id\":\"https:\/\/autolineelumia.com\/#organization\",\"name\":\"Salvatore Lumia Autolinee\",\"url\":\"https:\/\/autolineelumia.com\/\",\"logo\":{\"@type\":\"ImageObject\",\"inLanguage\":\"it-IT\",\"@id\":\"https:\/\/autolineelumia.com\/#\/schema\/logo\/image\/\",\"url\":\"https:\/\/autolineelumia.com\/wp-content\/uploads\/2018\/06\/r2_c4.gif\",\"contentUrl\":\"https:\/\/autolineelumia.com\/wp-content\/uploads\/2018\/06\/r2_c4.gif\",\"width\":193,\"height\":70,\"caption\":\"Salvatore Lumia Autolinee\"},\"image\":{\"@id\":\"https:\/\/autolineelumia.com\/#\/schema\/logo\/image\/\"}}]}<\/script>\n<!-- \/ Yoast SEO plugin. -->","yoast_head_json":{"title":"R\u00e8glement de voyage &#8212; Autolinee Salvatore Lumia","robots":{"index":"index","follow":"follow","max-snippet":"max-snippet:-1","max-image-preview":"max-image-preview:large","max-video-preview":"max-video-preview:-1"},"canonical":"https:\/\/autolineelumia.com\/index.php\/fr\/reglement-de-voyage\/","og_locale":"it_IT","og_type":"article","og_title":"R\u00e8glement de voyage &#8212; Autolinee Salvatore Lumia","og_description":"LE REGLEMENT DES VOYAGES \u00bbArticle 1 &#8211; Objet du r\u00e8glement.\u00bbArticle 2 &#8211; Le titre de transport.\u00bbArticle 3 &#8211; Tarifs.\u00bbArticle 4 &#8211; HLeggi tutto","og_url":"https:\/\/autolineelumia.com\/index.php\/fr\/reglement-de-voyage\/","og_site_name":"Autolinee Salvatore Lumia","article_modified_time":"2020-09-22T15:08:03+00:00","twitter_card":"summary_large_image","twitter_misc":{"Tempo di lettura stimato":"12 minuti"},"schema":{"@context":"https:\/\/schema.org","@graph":[{"@type":"WebPage","@id":"https:\/\/autolineelumia.com\/index.php\/fr\/reglement-de-voyage\/","url":"https:\/\/autolineelumia.com\/index.php\/fr\/reglement-de-voyage\/","name":"R\u00e8glement de voyage &#8212; Autolinee Salvatore Lumia","isPartOf":{"@id":"https:\/\/autolineelumia.com\/#website"},"datePublished":"2020-09-22T15:08:02+00:00","dateModified":"2020-09-22T15:08:03+00:00","breadcrumb":{"@id":"https:\/\/autolineelumia.com\/index.php\/fr\/reglement-de-voyage\/#breadcrumb"},"inLanguage":"it-IT","potentialAction":[{"@type":"ReadAction","target":["https:\/\/autolineelumia.com\/index.php\/fr\/reglement-de-voyage\/"]}]},{"@type":"BreadcrumbList","@id":"https:\/\/autolineelumia.com\/index.php\/fr\/reglement-de-voyage\/#breadcrumb","itemListElement":[{"@type":"ListItem","position":1,"name":"Home","item":"https:\/\/autolineelumia.com\/"},{"@type":"ListItem","position":2,"name":"R\u00e8glement de voyage"}]},{"@type":"WebSite","@id":"https:\/\/autolineelumia.com\/#website","url":"https:\/\/autolineelumia.com\/","name":"Autolinee Salvatore Lumia","description":"","publisher":{"@id":"https:\/\/autolineelumia.com\/#organization"},"potentialAction":[{"@type":"SearchAction","target":{"@type":"EntryPoint","urlTemplate":"https:\/\/autolineelumia.com\/?s={search_term_string}"},"query-input":{"@type":"PropertyValueSpecification","valueRequired":true,"valueName":"search_term_string"}}],"inLanguage":"it-IT"},{"@type":"Organization","@id":"https:\/\/autolineelumia.com\/#organization","name":"Salvatore Lumia Autolinee","url":"https:\/\/autolineelumia.com\/","logo":{"@type":"ImageObject","inLanguage":"it-IT","@id":"https:\/\/autolineelumia.com\/#\/schema\/logo\/image\/","url":"https:\/\/autolineelumia.com\/wp-content\/uploads\/2018\/06\/r2_c4.gif","contentUrl":"https:\/\/autolineelumia.com\/wp-content\/uploads\/2018\/06\/r2_c4.gif","width":193,"height":70,"caption":"Salvatore Lumia Autolinee"},"image":{"@id":"https:\/\/autolineelumia.com\/#\/schema\/logo\/image\/"}}]}},"_links":{"self":[{"href":"https:\/\/autolineelumia.com\/index.php\/wp-json\/wp\/v2\/pages\/561","targetHints":{"allow":["GET"]}}],"collection":[{"href":"https:\/\/autolineelumia.com\/index.php\/wp-json\/wp\/v2\/pages"}],"about":[{"href":"https:\/\/autolineelumia.com\/index.php\/wp-json\/wp\/v2\/types\/page"}],"author":[{"embeddable":true,"href":"https:\/\/autolineelumia.com\/index.php\/wp-json\/wp\/v2\/users\/1"}],"replies":[{"embeddable":true,"href":"https:\/\/autolineelumia.com\/index.php\/wp-json\/wp\/v2\/comments?post=561"}],"version-history":[{"count":1,"href":"https:\/\/autolineelumia.com\/index.php\/wp-json\/wp\/v2\/pages\/561\/revisions"}],"predecessor-version":[{"id":562,"href":"https:\/\/autolineelumia.com\/index.php\/wp-json\/wp\/v2\/pages\/561\/revisions\/562"}],"wp:attachment":[{"href":"https:\/\/autolineelumia.com\/index.php\/wp-json\/wp\/v2\/media?parent=561"}],"curies":[{"name":"wp","href":"https:\/\/api.w.org\/{rel}","templated":true}]}}