
{"id":500,"date":"2020-09-22T13:06:51","date_gmt":"2020-09-22T11:06:51","guid":{"rendered":"http:\/\/autolineelumia.com\/?page_id=500"},"modified":"2020-09-22T16:06:05","modified_gmt":"2020-09-22T14:06:05","slug":"i-servizi-4","status":"publish","type":"page","link":"https:\/\/autolineelumia.com\/index.php\/fr\/i-servizi-4\/","title":{"rendered":"Prestations de service"},"content":{"rendered":"\n<p>TYPE DE SERVICES FOURNIS<br><br>Des services extra-urbains r\u00e9partis en 12 lignes pour un r\u00e9seau de 1300 km avec 56 bus d&#8217;une anciennet\u00e9 moyenne de moins de 11 ans et environ 70 salari\u00e9s. Il transporte plus de 40 millions de voyageurs par kilom\u00e8tre et ses bus parcourent plus de 2 000 000 km.<br><br>Tout le personnel re\u00e7oit des \u00e9tiquettes d&#8217;identification<br><br>L&#8217;entreprise adopte le syst\u00e8me qualit\u00e9 certifi\u00e9 ISO 9001: 2015 et s&#8217;engage donc en permanence \u00e0 am\u00e9liorer les relations de confiance et de collaboration avec les utilisateurs. Depuis le 1.9.1999, elle a adopt\u00e9 un code de conduite sp\u00e9cifique ainsi qu&#8217;un suivi de la qualit\u00e9 des services par un contr\u00f4le annuel du niveau de perception globale des facteurs de qualit\u00e9 et de l&#8217;\u00e9volution du ph\u00e9nom\u00e8ne de plainte.<br><br>Proc\u00e9dure de r\u00e9clamation<br><br>La r\u00e9clamation est une action de l&#8217;utilisateur \u00e0 la Soci\u00e9t\u00e9 pour communiquer une incoh\u00e9rence avec ses attentes sur une ou plusieurs exigences d\u00e9finies par la Charte de la mobilit\u00e9.<br><br>La suggestion est une action de l&#8217;utilisateur pr\u00e9sent\u00e9e \u00e0 la Soci\u00e9t\u00e9 pour communiquer des informations utiles pour la fourniture d&#8217;un service de transport plus proche des attentes de l&#8217;utilisateur.<br><br>La plainte est pr\u00e9sent\u00e9e dans les types suivants:<br><br>plainte pour insatisfaction;<br>r\u00e9clamation pour d\u00e9faut de la soci\u00e9t\u00e9;<br>demande de protection, pour la reconnaissance des droits de l&#8217;utilisateur inutilement apr\u00e8s la date limite de r\u00e9ponse de l&#8217;entreprise.<br><br>\u00c0 cette fin, la structure d&#8217;entreprise comp\u00e9tente est communiqu\u00e9e:<br><br>Agrigente via Pindaro, 3 \/ c t\u00e9l. 092220414 M. Safina<br>Courriel: uffag@autolineelumia.it<br><br><br><br><br>Sciacca Via Lioni, 11 t\u00e9l. 092521135 M. Saints Sabella<br>Courriel: uffsc@autolineelumia.it<br><br>Les plaintes peuvent \u00eatre d\u00e9pos\u00e9es par t\u00e9l\u00e9phone ou par \u00e9crit (par courrier traditionnel ou par transmission \u00e9lectronique).<br><br>La Soci\u00e9t\u00e9 s&#8217;engage \u00e0 faire part de ses commentaires \u00e0 l&#8217;utilisateur dans les 10 jours. \u00e0 compter de la date de r\u00e9ception, en indiquant la structure ou la personne en charge du dossier.<\/p>\n","protected":false},"excerpt":{"rendered":"<div class=\"slide-text-bg2\"><span>TYPE DE SERVICES FOURNIS Des services extra-urbains r\u00e9partis en 12 lignes pour un r\u00e9seau de 1300 km avec 56 bus d&#8217;une anciennet\u00e9 moyenne de moins <\/span><\/div>\n<div class=\"slide-btn-area-sm\"><a href=\"https:\/\/autolineelumia.com\/index.php\/fr\/i-servizi-4\/\" class=\"slide-btn-sm\">Leggi tutto<\/a><\/div>\n","protected":false},"author":1,"featured_media":0,"parent":0,"menu_order":0,"comment_status":"closed","ping_status":"closed","template":"","meta":{"footnotes":""},"class_list":["post-500","page","type-page","status-publish","hentry"],"yoast_head":"<!-- This site is optimized with the Yoast SEO plugin v26.9 - https:\/\/yoast.com\/product\/yoast-seo-wordpress\/ -->\n<title>Prestations de service &#8212; Autolinee Salvatore Lumia<\/title>\n<meta name=\"robots\" content=\"index, follow, max-snippet:-1, max-image-preview:large, max-video-preview:-1\" \/>\n<link rel=\"canonical\" href=\"https:\/\/autolineelumia.com\/index.php\/fr\/i-servizi-4\/\" \/>\n<meta property=\"og:locale\" content=\"it_IT\" \/>\n<meta property=\"og:type\" content=\"article\" \/>\n<meta property=\"og:title\" content=\"Prestations de service &#8212; Autolinee Salvatore Lumia\" \/>\n<meta property=\"og:description\" content=\"TYPE DE SERVICES FOURNIS Des services extra-urbains r\u00e9partis en 12 lignes pour un r\u00e9seau de 1300 km avec 56 bus d&#8217;une anciennet\u00e9 moyenne de moins Leggi tutto\" \/>\n<meta property=\"og:url\" content=\"https:\/\/autolineelumia.com\/index.php\/fr\/i-servizi-4\/\" \/>\n<meta property=\"og:site_name\" content=\"Autolinee Salvatore Lumia\" \/>\n<meta property=\"article:modified_time\" content=\"2020-09-22T14:06:05+00:00\" \/>\n<meta name=\"twitter:card\" content=\"summary_large_image\" \/>\n<meta name=\"twitter:label1\" content=\"Tempo di lettura stimato\" \/>\n\t<meta name=\"twitter:data1\" content=\"2 minuti\" \/>\n<script type=\"application\/ld+json\" class=\"yoast-schema-graph\">{\"@context\":\"https:\/\/schema.org\",\"@graph\":[{\"@type\":\"WebPage\",\"@id\":\"https:\/\/autolineelumia.com\/index.php\/fr\/i-servizi-4\/\",\"url\":\"https:\/\/autolineelumia.com\/index.php\/fr\/i-servizi-4\/\",\"name\":\"Prestations de service &#8212; Autolinee Salvatore Lumia\",\"isPartOf\":{\"@id\":\"https:\/\/autolineelumia.com\/#website\"},\"datePublished\":\"2020-09-22T11:06:51+00:00\",\"dateModified\":\"2020-09-22T14:06:05+00:00\",\"breadcrumb\":{\"@id\":\"https:\/\/autolineelumia.com\/index.php\/fr\/i-servizi-4\/#breadcrumb\"},\"inLanguage\":\"it-IT\",\"potentialAction\":[{\"@type\":\"ReadAction\",\"target\":[\"https:\/\/autolineelumia.com\/index.php\/fr\/i-servizi-4\/\"]}]},{\"@type\":\"BreadcrumbList\",\"@id\":\"https:\/\/autolineelumia.com\/index.php\/fr\/i-servizi-4\/#breadcrumb\",\"itemListElement\":[{\"@type\":\"ListItem\",\"position\":1,\"name\":\"Home\",\"item\":\"https:\/\/autolineelumia.com\/\"},{\"@type\":\"ListItem\",\"position\":2,\"name\":\"Prestations de service\"}]},{\"@type\":\"WebSite\",\"@id\":\"https:\/\/autolineelumia.com\/#website\",\"url\":\"https:\/\/autolineelumia.com\/\",\"name\":\"Autolinee Salvatore Lumia\",\"description\":\"\",\"publisher\":{\"@id\":\"https:\/\/autolineelumia.com\/#organization\"},\"potentialAction\":[{\"@type\":\"SearchAction\",\"target\":{\"@type\":\"EntryPoint\",\"urlTemplate\":\"https:\/\/autolineelumia.com\/?s={search_term_string}\"},\"query-input\":{\"@type\":\"PropertyValueSpecification\",\"valueRequired\":true,\"valueName\":\"search_term_string\"}}],\"inLanguage\":\"it-IT\"},{\"@type\":\"Organization\",\"@id\":\"https:\/\/autolineelumia.com\/#organization\",\"name\":\"Salvatore Lumia Autolinee\",\"url\":\"https:\/\/autolineelumia.com\/\",\"logo\":{\"@type\":\"ImageObject\",\"inLanguage\":\"it-IT\",\"@id\":\"https:\/\/autolineelumia.com\/#\/schema\/logo\/image\/\",\"url\":\"https:\/\/autolineelumia.com\/wp-content\/uploads\/2018\/06\/r2_c4.gif\",\"contentUrl\":\"https:\/\/autolineelumia.com\/wp-content\/uploads\/2018\/06\/r2_c4.gif\",\"width\":193,\"height\":70,\"caption\":\"Salvatore Lumia Autolinee\"},\"image\":{\"@id\":\"https:\/\/autolineelumia.com\/#\/schema\/logo\/image\/\"}}]}<\/script>\n<!-- \/ Yoast SEO plugin. -->","yoast_head_json":{"title":"Prestations de service &#8212; Autolinee Salvatore Lumia","robots":{"index":"index","follow":"follow","max-snippet":"max-snippet:-1","max-image-preview":"max-image-preview:large","max-video-preview":"max-video-preview:-1"},"canonical":"https:\/\/autolineelumia.com\/index.php\/fr\/i-servizi-4\/","og_locale":"it_IT","og_type":"article","og_title":"Prestations de service &#8212; Autolinee Salvatore Lumia","og_description":"TYPE DE SERVICES FOURNIS Des services extra-urbains r\u00e9partis en 12 lignes pour un r\u00e9seau de 1300 km avec 56 bus d&#8217;une anciennet\u00e9 moyenne de moins Leggi tutto","og_url":"https:\/\/autolineelumia.com\/index.php\/fr\/i-servizi-4\/","og_site_name":"Autolinee Salvatore Lumia","article_modified_time":"2020-09-22T14:06:05+00:00","twitter_card":"summary_large_image","twitter_misc":{"Tempo di lettura stimato":"2 minuti"},"schema":{"@context":"https:\/\/schema.org","@graph":[{"@type":"WebPage","@id":"https:\/\/autolineelumia.com\/index.php\/fr\/i-servizi-4\/","url":"https:\/\/autolineelumia.com\/index.php\/fr\/i-servizi-4\/","name":"Prestations de service &#8212; Autolinee Salvatore Lumia","isPartOf":{"@id":"https:\/\/autolineelumia.com\/#website"},"datePublished":"2020-09-22T11:06:51+00:00","dateModified":"2020-09-22T14:06:05+00:00","breadcrumb":{"@id":"https:\/\/autolineelumia.com\/index.php\/fr\/i-servizi-4\/#breadcrumb"},"inLanguage":"it-IT","potentialAction":[{"@type":"ReadAction","target":["https:\/\/autolineelumia.com\/index.php\/fr\/i-servizi-4\/"]}]},{"@type":"BreadcrumbList","@id":"https:\/\/autolineelumia.com\/index.php\/fr\/i-servizi-4\/#breadcrumb","itemListElement":[{"@type":"ListItem","position":1,"name":"Home","item":"https:\/\/autolineelumia.com\/"},{"@type":"ListItem","position":2,"name":"Prestations de service"}]},{"@type":"WebSite","@id":"https:\/\/autolineelumia.com\/#website","url":"https:\/\/autolineelumia.com\/","name":"Autolinee Salvatore Lumia","description":"","publisher":{"@id":"https:\/\/autolineelumia.com\/#organization"},"potentialAction":[{"@type":"SearchAction","target":{"@type":"EntryPoint","urlTemplate":"https:\/\/autolineelumia.com\/?s={search_term_string}"},"query-input":{"@type":"PropertyValueSpecification","valueRequired":true,"valueName":"search_term_string"}}],"inLanguage":"it-IT"},{"@type":"Organization","@id":"https:\/\/autolineelumia.com\/#organization","name":"Salvatore Lumia Autolinee","url":"https:\/\/autolineelumia.com\/","logo":{"@type":"ImageObject","inLanguage":"it-IT","@id":"https:\/\/autolineelumia.com\/#\/schema\/logo\/image\/","url":"https:\/\/autolineelumia.com\/wp-content\/uploads\/2018\/06\/r2_c4.gif","contentUrl":"https:\/\/autolineelumia.com\/wp-content\/uploads\/2018\/06\/r2_c4.gif","width":193,"height":70,"caption":"Salvatore Lumia Autolinee"},"image":{"@id":"https:\/\/autolineelumia.com\/#\/schema\/logo\/image\/"}}]}},"_links":{"self":[{"href":"https:\/\/autolineelumia.com\/index.php\/wp-json\/wp\/v2\/pages\/500","targetHints":{"allow":["GET"]}}],"collection":[{"href":"https:\/\/autolineelumia.com\/index.php\/wp-json\/wp\/v2\/pages"}],"about":[{"href":"https:\/\/autolineelumia.com\/index.php\/wp-json\/wp\/v2\/types\/page"}],"author":[{"embeddable":true,"href":"https:\/\/autolineelumia.com\/index.php\/wp-json\/wp\/v2\/users\/1"}],"replies":[{"embeddable":true,"href":"https:\/\/autolineelumia.com\/index.php\/wp-json\/wp\/v2\/comments?post=500"}],"version-history":[{"count":2,"href":"https:\/\/autolineelumia.com\/index.php\/wp-json\/wp\/v2\/pages\/500\/revisions"}],"predecessor-version":[{"id":534,"href":"https:\/\/autolineelumia.com\/index.php\/wp-json\/wp\/v2\/pages\/500\/revisions\/534"}],"wp:attachment":[{"href":"https:\/\/autolineelumia.com\/index.php\/wp-json\/wp\/v2\/media?parent=500"}],"curies":[{"name":"wp","href":"https:\/\/api.w.org\/{rel}","templated":true}]}}