
{"id":498,"date":"2020-09-22T13:06:10","date_gmt":"2020-09-22T11:06:10","guid":{"rendered":"http:\/\/autolineelumia.com\/?page_id=498"},"modified":"2020-09-22T16:05:11","modified_gmt":"2020-09-22T14:05:11","slug":"i-servizi-3","status":"publish","type":"page","link":"https:\/\/autolineelumia.com\/index.php\/de\/i-servizi-3\/","title":{"rendered":"Dienstleistungen"},"content":{"rendered":"\n<p>Art der angebotenen Dienstleistungen<br><br>Au\u00dferst\u00e4dtische Dienste, aufgeteilt in 12 Linien f\u00fcr ein Netz von 1.300 km mit 56 Bussen mit einem durchschnittlichen Dienstalter von weniger als 11 Jahren und etwa 70 Mitarbeitern. Es bef\u00f6rdert \u00fcber 40 Millionen Reisende pro Kilometer und seine Busse fahren \u00fcber 2.000.000 km.<br><br>Alle Mitarbeiter sind mit Erkennungsmarken versehen<br><br>Das Unternehmen \u00fcbernimmt das nach ISO 9001: 2015 zertifizierte Qualit\u00e4tssystem und ist daher st\u00e4ndig bem\u00fcht, die Vertrauensbeziehungen und die Zusammenarbeit mit den Benutzern zu verbessern. Seit dem 1.9.1999 hat sie einen spezifischen Verhaltenskodex verabschiedet und die Qualit\u00e4t der Dienstleistungen durch eine j\u00e4hrliche \u00dcberpr\u00fcfung des Gesamtniveaus der Wahrnehmung der Qualit\u00e4tsfaktoren und des Trends des Beschwerdeph\u00e4nomens \u00fcberwacht.<br><br>Beschwerdeverfahren<br><br>Beschwerde ist eine Handlung des Benutzers an das Unternehmen, um eine Inkonsistenz mit seinen Erwartungen an eine oder mehrere Anforderungen zu kommunizieren, die in der Mobilit\u00e4tscharta definiert sind.<br><br>Vorschlag ist eine Aktion des Benutzers, die dem Unternehmen vorgelegt wird, um n\u00fctzliche Informationen f\u00fcr die Bereitstellung eines Transportdienstes zu kommunizieren, die den Erwartungen des Benutzers n\u00e4her kommen.<br><br>Die Beschwerde wird in folgenden Arten eingereicht:<br><br>Beschwerde wegen Unzufriedenheit;<br>Anspruch auf Verzug der Gesellschaft;<br>Antrag auf Schutz, f\u00fcr die unn\u00f6tige Anerkennung der Rechte des Nutzers nach Ablauf der Frist f\u00fcr die Antwort des Unternehmens.<br><br>Zu diesem Zweck wird die kompetente Unternehmensstruktur kommuniziert:<br><br>Agrigento \u00fcber Pindaro, 3 \/ c tel. 092220414 Herr Safina<br>E-Mail: uffag@autolineelumia.it<br><br><br><br><br>Sciacca Via Lioni, 11 tel. 092521135 Mr. Heilige Sabella<br>E-Mail: uffsc@autolineelumia.it<br><br>Beschwerden k\u00f6nnen telefonisch oder schriftlich (per Post oder elektronischer \u00dcbermittlung) eingereicht werden.<br><br>Das Unternehmen verpflichtet sich, dem Benutzer innerhalb von 10 Tagen Feedback zu geben. ab dem Datum des Eingangs unter Angabe der Struktur oder Person, die f\u00fcr die Datei verantwortlich ist.<\/p>\n","protected":false},"excerpt":{"rendered":"<div class=\"slide-text-bg2\"><span>Art der angebotenen Dienstleistungen Au\u00dferst\u00e4dtische Dienste, aufgeteilt in 12 Linien f\u00fcr ein Netz von 1.300 km mit 56 Bussen mit einem durchschnittlich<\/span><\/div>\n<div class=\"slide-btn-area-sm\"><a href=\"https:\/\/autolineelumia.com\/index.php\/de\/i-servizi-3\/\" class=\"slide-btn-sm\">Leggi tutto<\/a><\/div>\n","protected":false},"author":1,"featured_media":0,"parent":0,"menu_order":0,"comment_status":"closed","ping_status":"closed","template":"","meta":{"footnotes":""},"class_list":["post-498","page","type-page","status-publish","hentry"],"yoast_head":"<!-- This site is optimized with the Yoast SEO plugin v26.9 - https:\/\/yoast.com\/product\/yoast-seo-wordpress\/ -->\n<title>Dienstleistungen &#8212; Autolinee Salvatore Lumia<\/title>\n<meta name=\"robots\" content=\"index, follow, max-snippet:-1, max-image-preview:large, max-video-preview:-1\" \/>\n<link rel=\"canonical\" href=\"https:\/\/autolineelumia.com\/index.php\/de\/i-servizi-3\/\" \/>\n<meta property=\"og:locale\" content=\"it_IT\" \/>\n<meta property=\"og:type\" content=\"article\" \/>\n<meta property=\"og:title\" content=\"Dienstleistungen &#8212; Autolinee Salvatore Lumia\" \/>\n<meta property=\"og:description\" content=\"Art der angebotenen Dienstleistungen Au\u00dferst\u00e4dtische Dienste, aufgeteilt in 12 Linien f\u00fcr ein Netz von 1.300 km mit 56 Bussen mit einem durchschnittlichLeggi tutto\" \/>\n<meta property=\"og:url\" content=\"https:\/\/autolineelumia.com\/index.php\/de\/i-servizi-3\/\" \/>\n<meta property=\"og:site_name\" content=\"Autolinee Salvatore Lumia\" \/>\n<meta property=\"article:modified_time\" content=\"2020-09-22T14:05:11+00:00\" \/>\n<meta name=\"twitter:card\" content=\"summary_large_image\" \/>\n<meta name=\"twitter:label1\" content=\"Tempo di lettura stimato\" \/>\n\t<meta name=\"twitter:data1\" content=\"1 minuto\" \/>\n<script type=\"application\/ld+json\" class=\"yoast-schema-graph\">{\"@context\":\"https:\/\/schema.org\",\"@graph\":[{\"@type\":\"WebPage\",\"@id\":\"https:\/\/autolineelumia.com\/index.php\/de\/i-servizi-3\/\",\"url\":\"https:\/\/autolineelumia.com\/index.php\/de\/i-servizi-3\/\",\"name\":\"Dienstleistungen &#8212; Autolinee Salvatore Lumia\",\"isPartOf\":{\"@id\":\"https:\/\/autolineelumia.com\/#website\"},\"datePublished\":\"2020-09-22T11:06:10+00:00\",\"dateModified\":\"2020-09-22T14:05:11+00:00\",\"breadcrumb\":{\"@id\":\"https:\/\/autolineelumia.com\/index.php\/de\/i-servizi-3\/#breadcrumb\"},\"inLanguage\":\"it-IT\",\"potentialAction\":[{\"@type\":\"ReadAction\",\"target\":[\"https:\/\/autolineelumia.com\/index.php\/de\/i-servizi-3\/\"]}]},{\"@type\":\"BreadcrumbList\",\"@id\":\"https:\/\/autolineelumia.com\/index.php\/de\/i-servizi-3\/#breadcrumb\",\"itemListElement\":[{\"@type\":\"ListItem\",\"position\":1,\"name\":\"Home\",\"item\":\"https:\/\/autolineelumia.com\/\"},{\"@type\":\"ListItem\",\"position\":2,\"name\":\"Dienstleistungen\"}]},{\"@type\":\"WebSite\",\"@id\":\"https:\/\/autolineelumia.com\/#website\",\"url\":\"https:\/\/autolineelumia.com\/\",\"name\":\"Autolinee Salvatore Lumia\",\"description\":\"\",\"publisher\":{\"@id\":\"https:\/\/autolineelumia.com\/#organization\"},\"potentialAction\":[{\"@type\":\"SearchAction\",\"target\":{\"@type\":\"EntryPoint\",\"urlTemplate\":\"https:\/\/autolineelumia.com\/?s={search_term_string}\"},\"query-input\":{\"@type\":\"PropertyValueSpecification\",\"valueRequired\":true,\"valueName\":\"search_term_string\"}}],\"inLanguage\":\"it-IT\"},{\"@type\":\"Organization\",\"@id\":\"https:\/\/autolineelumia.com\/#organization\",\"name\":\"Salvatore Lumia Autolinee\",\"url\":\"https:\/\/autolineelumia.com\/\",\"logo\":{\"@type\":\"ImageObject\",\"inLanguage\":\"it-IT\",\"@id\":\"https:\/\/autolineelumia.com\/#\/schema\/logo\/image\/\",\"url\":\"https:\/\/autolineelumia.com\/wp-content\/uploads\/2018\/06\/r2_c4.gif\",\"contentUrl\":\"https:\/\/autolineelumia.com\/wp-content\/uploads\/2018\/06\/r2_c4.gif\",\"width\":193,\"height\":70,\"caption\":\"Salvatore Lumia Autolinee\"},\"image\":{\"@id\":\"https:\/\/autolineelumia.com\/#\/schema\/logo\/image\/\"}}]}<\/script>\n<!-- \/ Yoast SEO plugin. -->","yoast_head_json":{"title":"Dienstleistungen &#8212; Autolinee Salvatore Lumia","robots":{"index":"index","follow":"follow","max-snippet":"max-snippet:-1","max-image-preview":"max-image-preview:large","max-video-preview":"max-video-preview:-1"},"canonical":"https:\/\/autolineelumia.com\/index.php\/de\/i-servizi-3\/","og_locale":"it_IT","og_type":"article","og_title":"Dienstleistungen &#8212; Autolinee Salvatore Lumia","og_description":"Art der angebotenen Dienstleistungen Au\u00dferst\u00e4dtische Dienste, aufgeteilt in 12 Linien f\u00fcr ein Netz von 1.300 km mit 56 Bussen mit einem durchschnittlichLeggi tutto","og_url":"https:\/\/autolineelumia.com\/index.php\/de\/i-servizi-3\/","og_site_name":"Autolinee Salvatore Lumia","article_modified_time":"2020-09-22T14:05:11+00:00","twitter_card":"summary_large_image","twitter_misc":{"Tempo di lettura stimato":"1 minuto"},"schema":{"@context":"https:\/\/schema.org","@graph":[{"@type":"WebPage","@id":"https:\/\/autolineelumia.com\/index.php\/de\/i-servizi-3\/","url":"https:\/\/autolineelumia.com\/index.php\/de\/i-servizi-3\/","name":"Dienstleistungen &#8212; Autolinee Salvatore Lumia","isPartOf":{"@id":"https:\/\/autolineelumia.com\/#website"},"datePublished":"2020-09-22T11:06:10+00:00","dateModified":"2020-09-22T14:05:11+00:00","breadcrumb":{"@id":"https:\/\/autolineelumia.com\/index.php\/de\/i-servizi-3\/#breadcrumb"},"inLanguage":"it-IT","potentialAction":[{"@type":"ReadAction","target":["https:\/\/autolineelumia.com\/index.php\/de\/i-servizi-3\/"]}]},{"@type":"BreadcrumbList","@id":"https:\/\/autolineelumia.com\/index.php\/de\/i-servizi-3\/#breadcrumb","itemListElement":[{"@type":"ListItem","position":1,"name":"Home","item":"https:\/\/autolineelumia.com\/"},{"@type":"ListItem","position":2,"name":"Dienstleistungen"}]},{"@type":"WebSite","@id":"https:\/\/autolineelumia.com\/#website","url":"https:\/\/autolineelumia.com\/","name":"Autolinee Salvatore Lumia","description":"","publisher":{"@id":"https:\/\/autolineelumia.com\/#organization"},"potentialAction":[{"@type":"SearchAction","target":{"@type":"EntryPoint","urlTemplate":"https:\/\/autolineelumia.com\/?s={search_term_string}"},"query-input":{"@type":"PropertyValueSpecification","valueRequired":true,"valueName":"search_term_string"}}],"inLanguage":"it-IT"},{"@type":"Organization","@id":"https:\/\/autolineelumia.com\/#organization","name":"Salvatore Lumia Autolinee","url":"https:\/\/autolineelumia.com\/","logo":{"@type":"ImageObject","inLanguage":"it-IT","@id":"https:\/\/autolineelumia.com\/#\/schema\/logo\/image\/","url":"https:\/\/autolineelumia.com\/wp-content\/uploads\/2018\/06\/r2_c4.gif","contentUrl":"https:\/\/autolineelumia.com\/wp-content\/uploads\/2018\/06\/r2_c4.gif","width":193,"height":70,"caption":"Salvatore Lumia Autolinee"},"image":{"@id":"https:\/\/autolineelumia.com\/#\/schema\/logo\/image\/"}}]}},"_links":{"self":[{"href":"https:\/\/autolineelumia.com\/index.php\/wp-json\/wp\/v2\/pages\/498","targetHints":{"allow":["GET"]}}],"collection":[{"href":"https:\/\/autolineelumia.com\/index.php\/wp-json\/wp\/v2\/pages"}],"about":[{"href":"https:\/\/autolineelumia.com\/index.php\/wp-json\/wp\/v2\/types\/page"}],"author":[{"embeddable":true,"href":"https:\/\/autolineelumia.com\/index.php\/wp-json\/wp\/v2\/users\/1"}],"replies":[{"embeddable":true,"href":"https:\/\/autolineelumia.com\/index.php\/wp-json\/wp\/v2\/comments?post=498"}],"version-history":[{"count":2,"href":"https:\/\/autolineelumia.com\/index.php\/wp-json\/wp\/v2\/pages\/498\/revisions"}],"predecessor-version":[{"id":533,"href":"https:\/\/autolineelumia.com\/index.php\/wp-json\/wp\/v2\/pages\/498\/revisions\/533"}],"wp:attachment":[{"href":"https:\/\/autolineelumia.com\/index.php\/wp-json\/wp\/v2\/media?parent=498"}],"curies":[{"name":"wp","href":"https:\/\/api.w.org\/{rel}","templated":true}]}}