
{"id":490,"date":"2020-09-22T13:02:05","date_gmt":"2020-09-22T11:02:05","guid":{"rendered":"http:\/\/autolineelumia.com\/?page_id=490"},"modified":"2020-09-22T16:01:42","modified_gmt":"2020-09-22T14:01:42","slug":"diritti-dei-passeggeri-4","status":"publish","type":"page","link":"https:\/\/autolineelumia.com\/index.php\/fr\/diritti-dei-passeggeri-4\/","title":{"rendered":"Droits des passagers"},"content":{"rendered":"\n<p>DROITS DES PASSAGERS DANS LE SECTEUR DU TRANSPORT EN BUS (jusqu&#8217;\u00e0 250Km)<br>Extrait du r\u00e8glement UE no. 181\/2011<\/p>\n\n\n\n<p>1) Droit \u00e0 des conditions de transport non discriminatoires Haut de la page<\/p>\n\n\n\n<p>Lors de l&#8217;achat d&#8217;un billet pour le service de transport de passagers en bus, aucun usager ne doit \u00eatre discrimin\u00e9, directement ou indirectement, sur la base de sa nationalit\u00e9 ou du lieu d&#8217;\u00e9tablissement du transporteur ou du vendeur de billets.<\/p>\n\n\n\n<p>2) Droit \u00e0 l&#8217;information haut de page<\/p>\n\n\n\n<p>Dans le transport r\u00e9gulier par bus, tous les passagers ont le droit de recevoir des informations ad\u00e9quates tout au long du voyage. Ce droit comprend la communication des droits des passagers et les informations n\u00e9cessaires pour contacter les organismes nationaux charg\u00e9s de l&#8217;application de ce r\u00e8glement europ\u00e9en n \u00b0 181\/2011.<\/p>\n\n\n\n<p>3) Droit \u00e0 indemnisation et assistance en cas d&#8217;accident Haut de la page<\/p>\n\n\n\n<p>Pendant le service de transport, les passagers ont droit \u00e0 une indemnisation en cas de d\u00e9c\u00e8s et de blessures, ainsi que pour la perte ou l&#8217;endommagement des bagages r\u00e9sultant d&#8217;un accident r\u00e9sultant de l&#8217;utilisation des bus.<\/p>\n\n\n\n<p>4) Droit des personnes handicap\u00e9es et \u00e0 mobilit\u00e9 r\u00e9duite Haut de la page<\/p>\n\n\n\n<p>acc\u00e8s aux services de transport sans frais suppl\u00e9mentaires<br>assistance sp\u00e9ciale<br>indemnisation en cas de perte ou d&#8217;endommagement des \u00e9quipements de mobilit\u00e9<\/p>\n\n\n\n<p>5) Droit de d\u00e9poser des r\u00e9clamations aupr\u00e8s du transporteur ou aupr\u00e8s des organismes nationaux charg\u00e9s de l&#8217;application du r\u00e8glement UE no. 181\/2011 haut de page<\/p>\n\n\n\n<p>Les passagers peuvent d\u00e9poser une plainte aupr\u00e8s du transporteur dans les trois mois \u00e0 compter de la date du voyage sur un bus r\u00e9gulier. Le transporteur doit informer le passager, dans un d\u00e9lai d&#8217;un mois \u00e0 compter de la r\u00e9ception de la r\u00e9clamation, si celle-ci a \u00e9t\u00e9 accept\u00e9e, rejet\u00e9e ou si le dossier est toujours en cours de traitement. Dans les trois mois suivant la r\u00e9ception de la plainte, le transporteur doit fournir au passager une r\u00e9ponse d\u00e9finitive.<\/p>\n\n\n\n<p>6) Faire valoir les droits des passagers Haut de la page<\/p>\n\n\n\n<p>L&#8217;organisme national d\u00e9sign\u00e9 pour faire respecter les droits consacr\u00e9s dans le r\u00e8glement de l&#8217;UE no. 181\/2011, aupr\u00e8s de laquelle chaque passager peut d\u00e9poser une plainte pour une pr\u00e9tendue infraction au r\u00e8glement pr\u00e9cit\u00e9 pour laquelle aucune solution n&#8217;a \u00e9t\u00e9 trouv\u00e9e dans la plainte adress\u00e9e au transporteur, est<br>AUTORIT\u00c9 DE R\u00c9GLEMENTATION DES TRANSPORTS<br>VIA NIZZA 230, 1016 TURIN<br>T\u00e9l\u00e9phone: 011.0908500<br>Courriel: art@autorita-trasporti.it<br>PEC: pec@pec.autorita-trasporti.it<\/p>\n","protected":false},"excerpt":{"rendered":"<div class=\"slide-text-bg2\"><span>DROITS DES PASSAGERS DANS LE SECTEUR DU TRANSPORT EN BUS (jusqu&#8217;\u00e0 250Km)Extrait du r\u00e8glement UE no. 181\/2011 1) Droit \u00e0 des conditions de transpor<\/span><\/div>\n<div class=\"slide-btn-area-sm\"><a href=\"https:\/\/autolineelumia.com\/index.php\/fr\/diritti-dei-passeggeri-4\/\" class=\"slide-btn-sm\">Leggi tutto<\/a><\/div>\n","protected":false},"author":1,"featured_media":0,"parent":0,"menu_order":0,"comment_status":"closed","ping_status":"closed","template":"","meta":{"footnotes":""},"class_list":["post-490","page","type-page","status-publish","hentry"],"yoast_head":"<!-- This site is optimized with the Yoast SEO plugin v26.9 - https:\/\/yoast.com\/product\/yoast-seo-wordpress\/ -->\n<title>Droits des passagers &#8212; Autolinee Salvatore Lumia<\/title>\n<meta name=\"robots\" content=\"index, follow, max-snippet:-1, max-image-preview:large, max-video-preview:-1\" \/>\n<link rel=\"canonical\" href=\"https:\/\/autolineelumia.com\/index.php\/fr\/diritti-dei-passeggeri-4\/\" \/>\n<meta property=\"og:locale\" content=\"it_IT\" \/>\n<meta property=\"og:type\" content=\"article\" \/>\n<meta property=\"og:title\" content=\"Droits des passagers &#8212; Autolinee Salvatore Lumia\" \/>\n<meta property=\"og:description\" content=\"DROITS DES PASSAGERS DANS LE SECTEUR DU TRANSPORT EN BUS (jusqu&#8217;\u00e0 250Km)Extrait du r\u00e8glement UE no. 181\/2011 1) Droit \u00e0 des conditions de transporLeggi tutto\" \/>\n<meta property=\"og:url\" content=\"https:\/\/autolineelumia.com\/index.php\/fr\/diritti-dei-passeggeri-4\/\" \/>\n<meta property=\"og:site_name\" content=\"Autolinee Salvatore Lumia\" \/>\n<meta property=\"article:modified_time\" content=\"2020-09-22T14:01:42+00:00\" \/>\n<meta name=\"twitter:card\" content=\"summary_large_image\" \/>\n<meta name=\"twitter:label1\" content=\"Tempo di lettura stimato\" \/>\n\t<meta name=\"twitter:data1\" content=\"2 minuti\" \/>\n<script type=\"application\/ld+json\" class=\"yoast-schema-graph\">{\"@context\":\"https:\/\/schema.org\",\"@graph\":[{\"@type\":\"WebPage\",\"@id\":\"https:\/\/autolineelumia.com\/index.php\/fr\/diritti-dei-passeggeri-4\/\",\"url\":\"https:\/\/autolineelumia.com\/index.php\/fr\/diritti-dei-passeggeri-4\/\",\"name\":\"Droits des passagers &#8212; Autolinee Salvatore Lumia\",\"isPartOf\":{\"@id\":\"https:\/\/autolineelumia.com\/#website\"},\"datePublished\":\"2020-09-22T11:02:05+00:00\",\"dateModified\":\"2020-09-22T14:01:42+00:00\",\"breadcrumb\":{\"@id\":\"https:\/\/autolineelumia.com\/index.php\/fr\/diritti-dei-passeggeri-4\/#breadcrumb\"},\"inLanguage\":\"it-IT\",\"potentialAction\":[{\"@type\":\"ReadAction\",\"target\":[\"https:\/\/autolineelumia.com\/index.php\/fr\/diritti-dei-passeggeri-4\/\"]}]},{\"@type\":\"BreadcrumbList\",\"@id\":\"https:\/\/autolineelumia.com\/index.php\/fr\/diritti-dei-passeggeri-4\/#breadcrumb\",\"itemListElement\":[{\"@type\":\"ListItem\",\"position\":1,\"name\":\"Home\",\"item\":\"https:\/\/autolineelumia.com\/\"},{\"@type\":\"ListItem\",\"position\":2,\"name\":\"Droits des passagers\"}]},{\"@type\":\"WebSite\",\"@id\":\"https:\/\/autolineelumia.com\/#website\",\"url\":\"https:\/\/autolineelumia.com\/\",\"name\":\"Autolinee Salvatore Lumia\",\"description\":\"\",\"publisher\":{\"@id\":\"https:\/\/autolineelumia.com\/#organization\"},\"potentialAction\":[{\"@type\":\"SearchAction\",\"target\":{\"@type\":\"EntryPoint\",\"urlTemplate\":\"https:\/\/autolineelumia.com\/?s={search_term_string}\"},\"query-input\":{\"@type\":\"PropertyValueSpecification\",\"valueRequired\":true,\"valueName\":\"search_term_string\"}}],\"inLanguage\":\"it-IT\"},{\"@type\":\"Organization\",\"@id\":\"https:\/\/autolineelumia.com\/#organization\",\"name\":\"Salvatore Lumia Autolinee\",\"url\":\"https:\/\/autolineelumia.com\/\",\"logo\":{\"@type\":\"ImageObject\",\"inLanguage\":\"it-IT\",\"@id\":\"https:\/\/autolineelumia.com\/#\/schema\/logo\/image\/\",\"url\":\"https:\/\/autolineelumia.com\/wp-content\/uploads\/2018\/06\/r2_c4.gif\",\"contentUrl\":\"https:\/\/autolineelumia.com\/wp-content\/uploads\/2018\/06\/r2_c4.gif\",\"width\":193,\"height\":70,\"caption\":\"Salvatore Lumia Autolinee\"},\"image\":{\"@id\":\"https:\/\/autolineelumia.com\/#\/schema\/logo\/image\/\"}}]}<\/script>\n<!-- \/ Yoast SEO plugin. -->","yoast_head_json":{"title":"Droits des passagers &#8212; Autolinee Salvatore Lumia","robots":{"index":"index","follow":"follow","max-snippet":"max-snippet:-1","max-image-preview":"max-image-preview:large","max-video-preview":"max-video-preview:-1"},"canonical":"https:\/\/autolineelumia.com\/index.php\/fr\/diritti-dei-passeggeri-4\/","og_locale":"it_IT","og_type":"article","og_title":"Droits des passagers &#8212; Autolinee Salvatore Lumia","og_description":"DROITS DES PASSAGERS DANS LE SECTEUR DU TRANSPORT EN BUS (jusqu&#8217;\u00e0 250Km)Extrait du r\u00e8glement UE no. 181\/2011 1) Droit \u00e0 des conditions de transporLeggi tutto","og_url":"https:\/\/autolineelumia.com\/index.php\/fr\/diritti-dei-passeggeri-4\/","og_site_name":"Autolinee Salvatore Lumia","article_modified_time":"2020-09-22T14:01:42+00:00","twitter_card":"summary_large_image","twitter_misc":{"Tempo di lettura stimato":"2 minuti"},"schema":{"@context":"https:\/\/schema.org","@graph":[{"@type":"WebPage","@id":"https:\/\/autolineelumia.com\/index.php\/fr\/diritti-dei-passeggeri-4\/","url":"https:\/\/autolineelumia.com\/index.php\/fr\/diritti-dei-passeggeri-4\/","name":"Droits des passagers &#8212; Autolinee Salvatore Lumia","isPartOf":{"@id":"https:\/\/autolineelumia.com\/#website"},"datePublished":"2020-09-22T11:02:05+00:00","dateModified":"2020-09-22T14:01:42+00:00","breadcrumb":{"@id":"https:\/\/autolineelumia.com\/index.php\/fr\/diritti-dei-passeggeri-4\/#breadcrumb"},"inLanguage":"it-IT","potentialAction":[{"@type":"ReadAction","target":["https:\/\/autolineelumia.com\/index.php\/fr\/diritti-dei-passeggeri-4\/"]}]},{"@type":"BreadcrumbList","@id":"https:\/\/autolineelumia.com\/index.php\/fr\/diritti-dei-passeggeri-4\/#breadcrumb","itemListElement":[{"@type":"ListItem","position":1,"name":"Home","item":"https:\/\/autolineelumia.com\/"},{"@type":"ListItem","position":2,"name":"Droits des passagers"}]},{"@type":"WebSite","@id":"https:\/\/autolineelumia.com\/#website","url":"https:\/\/autolineelumia.com\/","name":"Autolinee Salvatore Lumia","description":"","publisher":{"@id":"https:\/\/autolineelumia.com\/#organization"},"potentialAction":[{"@type":"SearchAction","target":{"@type":"EntryPoint","urlTemplate":"https:\/\/autolineelumia.com\/?s={search_term_string}"},"query-input":{"@type":"PropertyValueSpecification","valueRequired":true,"valueName":"search_term_string"}}],"inLanguage":"it-IT"},{"@type":"Organization","@id":"https:\/\/autolineelumia.com\/#organization","name":"Salvatore Lumia Autolinee","url":"https:\/\/autolineelumia.com\/","logo":{"@type":"ImageObject","inLanguage":"it-IT","@id":"https:\/\/autolineelumia.com\/#\/schema\/logo\/image\/","url":"https:\/\/autolineelumia.com\/wp-content\/uploads\/2018\/06\/r2_c4.gif","contentUrl":"https:\/\/autolineelumia.com\/wp-content\/uploads\/2018\/06\/r2_c4.gif","width":193,"height":70,"caption":"Salvatore Lumia Autolinee"},"image":{"@id":"https:\/\/autolineelumia.com\/#\/schema\/logo\/image\/"}}]}},"_links":{"self":[{"href":"https:\/\/autolineelumia.com\/index.php\/wp-json\/wp\/v2\/pages\/490","targetHints":{"allow":["GET"]}}],"collection":[{"href":"https:\/\/autolineelumia.com\/index.php\/wp-json\/wp\/v2\/pages"}],"about":[{"href":"https:\/\/autolineelumia.com\/index.php\/wp-json\/wp\/v2\/types\/page"}],"author":[{"embeddable":true,"href":"https:\/\/autolineelumia.com\/index.php\/wp-json\/wp\/v2\/users\/1"}],"replies":[{"embeddable":true,"href":"https:\/\/autolineelumia.com\/index.php\/wp-json\/wp\/v2\/comments?post=490"}],"version-history":[{"count":2,"href":"https:\/\/autolineelumia.com\/index.php\/wp-json\/wp\/v2\/pages\/490\/revisions"}],"predecessor-version":[{"id":531,"href":"https:\/\/autolineelumia.com\/index.php\/wp-json\/wp\/v2\/pages\/490\/revisions\/531"}],"wp:attachment":[{"href":"https:\/\/autolineelumia.com\/index.php\/wp-json\/wp\/v2\/media?parent=490"}],"curies":[{"name":"wp","href":"https:\/\/api.w.org\/{rel}","templated":true}]}}