
{"id":488,"date":"2020-09-22T13:01:47","date_gmt":"2020-09-22T11:01:47","guid":{"rendered":"http:\/\/autolineelumia.com\/?page_id=488"},"modified":"2020-09-22T16:00:48","modified_gmt":"2020-09-22T14:00:48","slug":"diritti-dei-passeggeri-3","status":"publish","type":"page","link":"https:\/\/autolineelumia.com\/index.php\/de\/diritti-dei-passeggeri-3\/","title":{"rendered":"Passagierrechte"},"content":{"rendered":"\n<p>RECHTE DER PASSAGIERE IM SEKTOR DES BUSVERKEHRS (bis zu 250 km)<br>Auszug aus der EU-Verordnung Nr. 181\/2011<\/p>\n\n\n\n<p>1) Recht auf nichtdiskriminierende Bef\u00f6rderungsbedingungen oben auf der Seite<\/p>\n\n\n\n<p>Beim Kauf eines Tickets f\u00fcr den Personenbef\u00f6rderungsdienst mit dem Bus darf kein Benutzer direkt oder indirekt aufgrund seiner Staatsangeh\u00f6rigkeit oder des Sitzes des Bef\u00f6rderers oder Ticketverk\u00e4ufers diskriminiert werden.<\/p>\n\n\n\n<p>2) Recht auf Informationen oben auf der Seite<\/p>\n\n\n\n<p>Im Linienbusverkehr haben alle Fahrg\u00e4ste das Recht, w\u00e4hrend der gesamten Fahrt angemessene Informationen zu erhalten. Dieses Recht umfasst die \u00dcbermittlung von Passagierrechten und die Informationen, die erforderlich sind, um die f\u00fcr die Anwendung dieser EU-Verordnung Nr. 181\/2011 zust\u00e4ndigen nationalen Stellen zu kontaktieren.<\/p>\n\n\n\n<p>3) Anspruch auf Entsch\u00e4digung und Unterst\u00fctzung bei einem Unfall oben auf der Seite<\/p>\n\n\n\n<p>W\u00e4hrend des Transportdienstes haben die Fahrg\u00e4ste Anspruch auf Entsch\u00e4digung f\u00fcr Tod und K\u00f6rperverletzung sowie f\u00fcr den Verlust oder die Besch\u00e4digung von Gep\u00e4ck infolge eines Unfalls infolge der Nutzung von Bussen.<\/p>\n\n\n\n<p>4) Recht von Behinderten und Personen mit eingeschr\u00e4nkter Mobilit\u00e4t oben auf der Seite<\/p>\n\n\n\n<p>Zugang zu Transportdiensten ohne Aufpreis<br>besondere Unterst\u00fctzung<br>Entsch\u00e4digung bei Verlust oder Besch\u00e4digung von Mobilit\u00e4tsger\u00e4ten<\/p>\n\n\n\n<p>5) Recht, Beschwerden beim Bef\u00f6rderer oder bei den nationalen Stellen einzureichen, die f\u00fcr die Anwendung der EU-Verordnung Nr. 181\/2011 Seitenanfang<\/p>\n\n\n\n<p>Fahrg\u00e4ste k\u00f6nnen innerhalb von drei Monaten ab dem Datum der Fahrt im Bus eine Beschwerde bei der Fluggesellschaft einreichen. Der Bef\u00f6rderer muss den Passagier innerhalb eines Monats nach Eingang der Beschwerde benachrichtigen, wenn diese angenommen, abgelehnt oder die Datei noch bearbeitet wird. Innerhalb von drei Monaten nach Eingang der Beschwerde muss der Bef\u00f6rderer dem Passagier eine endg\u00fcltige Antwort geben.<\/p>\n\n\n\n<p>6) Um die Rechte des Passagiers oben auf der Seite geltend zu machen<\/p>\n\n\n\n<p>Die nationale Stelle, die zur Durchsetzung der in der EU-Verordnung Nr. 181\/2011, bei dem jeder Passagier eine Beschwerde wegen eines mutma\u00dflichen Versto\u00dfes gegen die vorgenannte Regelung einreichen kann, f\u00fcr die in der Beschwerde beim Bef\u00f6rderer keine L\u00f6sung gefunden wurde, ist<br>VERKEHRSVORSCHRIFTENBEH\u00d6RDE<br>VIA NIZZA 230, 1016 TURIN<br>Telefon: 011.0908500<br>E-Mail: art@autorita-trasporti.it<br>PEC: pec@pec.autorita-trasporti.it<\/p>\n","protected":false},"excerpt":{"rendered":"<div class=\"slide-text-bg2\"><span>RECHTE DER PASSAGIERE IM SEKTOR DES BUSVERKEHRS (bis zu 250 km)Auszug aus der EU-Verordnung Nr. 181\/2011 1) Recht auf nichtdiskriminierende Bef\u00f6rderungsbe<\/span><\/div>\n<div class=\"slide-btn-area-sm\"><a href=\"https:\/\/autolineelumia.com\/index.php\/de\/diritti-dei-passeggeri-3\/\" class=\"slide-btn-sm\">Leggi tutto<\/a><\/div>\n","protected":false},"author":1,"featured_media":0,"parent":0,"menu_order":0,"comment_status":"closed","ping_status":"closed","template":"","meta":{"footnotes":""},"class_list":["post-488","page","type-page","status-publish","hentry"],"yoast_head":"<!-- This site is optimized with the Yoast SEO plugin v26.9 - https:\/\/yoast.com\/product\/yoast-seo-wordpress\/ -->\n<title>Passagierrechte &#8212; Autolinee Salvatore Lumia<\/title>\n<meta name=\"robots\" content=\"index, follow, max-snippet:-1, max-image-preview:large, max-video-preview:-1\" \/>\n<link rel=\"canonical\" href=\"https:\/\/autolineelumia.com\/index.php\/de\/diritti-dei-passeggeri-3\/\" \/>\n<meta property=\"og:locale\" content=\"it_IT\" \/>\n<meta property=\"og:type\" content=\"article\" \/>\n<meta property=\"og:title\" content=\"Passagierrechte &#8212; Autolinee Salvatore Lumia\" \/>\n<meta property=\"og:description\" content=\"RECHTE DER PASSAGIERE IM SEKTOR DES BUSVERKEHRS (bis zu 250 km)Auszug aus der EU-Verordnung Nr. 181\/2011 1) Recht auf nichtdiskriminierende Bef\u00f6rderungsbeLeggi tutto\" \/>\n<meta property=\"og:url\" content=\"https:\/\/autolineelumia.com\/index.php\/de\/diritti-dei-passeggeri-3\/\" \/>\n<meta property=\"og:site_name\" content=\"Autolinee Salvatore Lumia\" \/>\n<meta property=\"article:modified_time\" content=\"2020-09-22T14:00:48+00:00\" \/>\n<meta name=\"twitter:card\" content=\"summary_large_image\" \/>\n<meta name=\"twitter:label1\" content=\"Tempo di lettura stimato\" \/>\n\t<meta name=\"twitter:data1\" content=\"2 minuti\" \/>\n<script type=\"application\/ld+json\" class=\"yoast-schema-graph\">{\"@context\":\"https:\/\/schema.org\",\"@graph\":[{\"@type\":\"WebPage\",\"@id\":\"https:\/\/autolineelumia.com\/index.php\/de\/diritti-dei-passeggeri-3\/\",\"url\":\"https:\/\/autolineelumia.com\/index.php\/de\/diritti-dei-passeggeri-3\/\",\"name\":\"Passagierrechte &#8212; Autolinee Salvatore Lumia\",\"isPartOf\":{\"@id\":\"https:\/\/autolineelumia.com\/#website\"},\"datePublished\":\"2020-09-22T11:01:47+00:00\",\"dateModified\":\"2020-09-22T14:00:48+00:00\",\"breadcrumb\":{\"@id\":\"https:\/\/autolineelumia.com\/index.php\/de\/diritti-dei-passeggeri-3\/#breadcrumb\"},\"inLanguage\":\"it-IT\",\"potentialAction\":[{\"@type\":\"ReadAction\",\"target\":[\"https:\/\/autolineelumia.com\/index.php\/de\/diritti-dei-passeggeri-3\/\"]}]},{\"@type\":\"BreadcrumbList\",\"@id\":\"https:\/\/autolineelumia.com\/index.php\/de\/diritti-dei-passeggeri-3\/#breadcrumb\",\"itemListElement\":[{\"@type\":\"ListItem\",\"position\":1,\"name\":\"Home\",\"item\":\"https:\/\/autolineelumia.com\/\"},{\"@type\":\"ListItem\",\"position\":2,\"name\":\"Passagierrechte\"}]},{\"@type\":\"WebSite\",\"@id\":\"https:\/\/autolineelumia.com\/#website\",\"url\":\"https:\/\/autolineelumia.com\/\",\"name\":\"Autolinee Salvatore Lumia\",\"description\":\"\",\"publisher\":{\"@id\":\"https:\/\/autolineelumia.com\/#organization\"},\"potentialAction\":[{\"@type\":\"SearchAction\",\"target\":{\"@type\":\"EntryPoint\",\"urlTemplate\":\"https:\/\/autolineelumia.com\/?s={search_term_string}\"},\"query-input\":{\"@type\":\"PropertyValueSpecification\",\"valueRequired\":true,\"valueName\":\"search_term_string\"}}],\"inLanguage\":\"it-IT\"},{\"@type\":\"Organization\",\"@id\":\"https:\/\/autolineelumia.com\/#organization\",\"name\":\"Salvatore Lumia Autolinee\",\"url\":\"https:\/\/autolineelumia.com\/\",\"logo\":{\"@type\":\"ImageObject\",\"inLanguage\":\"it-IT\",\"@id\":\"https:\/\/autolineelumia.com\/#\/schema\/logo\/image\/\",\"url\":\"https:\/\/autolineelumia.com\/wp-content\/uploads\/2018\/06\/r2_c4.gif\",\"contentUrl\":\"https:\/\/autolineelumia.com\/wp-content\/uploads\/2018\/06\/r2_c4.gif\",\"width\":193,\"height\":70,\"caption\":\"Salvatore Lumia Autolinee\"},\"image\":{\"@id\":\"https:\/\/autolineelumia.com\/#\/schema\/logo\/image\/\"}}]}<\/script>\n<!-- \/ Yoast SEO plugin. -->","yoast_head_json":{"title":"Passagierrechte &#8212; Autolinee Salvatore Lumia","robots":{"index":"index","follow":"follow","max-snippet":"max-snippet:-1","max-image-preview":"max-image-preview:large","max-video-preview":"max-video-preview:-1"},"canonical":"https:\/\/autolineelumia.com\/index.php\/de\/diritti-dei-passeggeri-3\/","og_locale":"it_IT","og_type":"article","og_title":"Passagierrechte &#8212; Autolinee Salvatore Lumia","og_description":"RECHTE DER PASSAGIERE IM SEKTOR DES BUSVERKEHRS (bis zu 250 km)Auszug aus der EU-Verordnung Nr. 181\/2011 1) Recht auf nichtdiskriminierende Bef\u00f6rderungsbeLeggi tutto","og_url":"https:\/\/autolineelumia.com\/index.php\/de\/diritti-dei-passeggeri-3\/","og_site_name":"Autolinee Salvatore Lumia","article_modified_time":"2020-09-22T14:00:48+00:00","twitter_card":"summary_large_image","twitter_misc":{"Tempo di lettura stimato":"2 minuti"},"schema":{"@context":"https:\/\/schema.org","@graph":[{"@type":"WebPage","@id":"https:\/\/autolineelumia.com\/index.php\/de\/diritti-dei-passeggeri-3\/","url":"https:\/\/autolineelumia.com\/index.php\/de\/diritti-dei-passeggeri-3\/","name":"Passagierrechte &#8212; Autolinee Salvatore Lumia","isPartOf":{"@id":"https:\/\/autolineelumia.com\/#website"},"datePublished":"2020-09-22T11:01:47+00:00","dateModified":"2020-09-22T14:00:48+00:00","breadcrumb":{"@id":"https:\/\/autolineelumia.com\/index.php\/de\/diritti-dei-passeggeri-3\/#breadcrumb"},"inLanguage":"it-IT","potentialAction":[{"@type":"ReadAction","target":["https:\/\/autolineelumia.com\/index.php\/de\/diritti-dei-passeggeri-3\/"]}]},{"@type":"BreadcrumbList","@id":"https:\/\/autolineelumia.com\/index.php\/de\/diritti-dei-passeggeri-3\/#breadcrumb","itemListElement":[{"@type":"ListItem","position":1,"name":"Home","item":"https:\/\/autolineelumia.com\/"},{"@type":"ListItem","position":2,"name":"Passagierrechte"}]},{"@type":"WebSite","@id":"https:\/\/autolineelumia.com\/#website","url":"https:\/\/autolineelumia.com\/","name":"Autolinee Salvatore Lumia","description":"","publisher":{"@id":"https:\/\/autolineelumia.com\/#organization"},"potentialAction":[{"@type":"SearchAction","target":{"@type":"EntryPoint","urlTemplate":"https:\/\/autolineelumia.com\/?s={search_term_string}"},"query-input":{"@type":"PropertyValueSpecification","valueRequired":true,"valueName":"search_term_string"}}],"inLanguage":"it-IT"},{"@type":"Organization","@id":"https:\/\/autolineelumia.com\/#organization","name":"Salvatore Lumia Autolinee","url":"https:\/\/autolineelumia.com\/","logo":{"@type":"ImageObject","inLanguage":"it-IT","@id":"https:\/\/autolineelumia.com\/#\/schema\/logo\/image\/","url":"https:\/\/autolineelumia.com\/wp-content\/uploads\/2018\/06\/r2_c4.gif","contentUrl":"https:\/\/autolineelumia.com\/wp-content\/uploads\/2018\/06\/r2_c4.gif","width":193,"height":70,"caption":"Salvatore Lumia Autolinee"},"image":{"@id":"https:\/\/autolineelumia.com\/#\/schema\/logo\/image\/"}}]}},"_links":{"self":[{"href":"https:\/\/autolineelumia.com\/index.php\/wp-json\/wp\/v2\/pages\/488","targetHints":{"allow":["GET"]}}],"collection":[{"href":"https:\/\/autolineelumia.com\/index.php\/wp-json\/wp\/v2\/pages"}],"about":[{"href":"https:\/\/autolineelumia.com\/index.php\/wp-json\/wp\/v2\/types\/page"}],"author":[{"embeddable":true,"href":"https:\/\/autolineelumia.com\/index.php\/wp-json\/wp\/v2\/users\/1"}],"replies":[{"embeddable":true,"href":"https:\/\/autolineelumia.com\/index.php\/wp-json\/wp\/v2\/comments?post=488"}],"version-history":[{"count":2,"href":"https:\/\/autolineelumia.com\/index.php\/wp-json\/wp\/v2\/pages\/488\/revisions"}],"predecessor-version":[{"id":530,"href":"https:\/\/autolineelumia.com\/index.php\/wp-json\/wp\/v2\/pages\/488\/revisions\/530"}],"wp:attachment":[{"href":"https:\/\/autolineelumia.com\/index.php\/wp-json\/wp\/v2\/media?parent=488"}],"curies":[{"name":"wp","href":"https:\/\/api.w.org\/{rel}","templated":true}]}}