
{"id":468,"date":"2020-09-22T12:53:56","date_gmt":"2020-09-22T10:53:56","guid":{"rendered":"http:\/\/autolineelumia.com\/?page_id=468"},"modified":"2020-09-22T16:37:16","modified_gmt":"2020-09-22T14:37:16","slug":"contatti-3","status":"publish","type":"page","link":"https:\/\/autolineelumia.com\/index.php\/de\/contatti-3\/","title":{"rendered":"Kontakte"},"content":{"rendered":"\n<p>Salvatore Lumia s.r.l. &#8211; Via Pindaro 3\/c &#8211; 92100 Agrigento &#8211; Tel.: 0922 20414<\/p>\n\n\n\n<div class=\"wpcf7 no-js\" id=\"wpcf7-f544-o1\" lang=\"it-IT\" dir=\"ltr\" data-wpcf7-id=\"544\">\n<div class=\"screen-reader-response\"><p role=\"status\" aria-live=\"polite\" aria-atomic=\"true\"><\/p> <ul><\/ul><\/div>\n<form action=\"\/index.php\/wp-json\/wp\/v2\/pages\/468#wpcf7-f544-o1\" method=\"post\" class=\"wpcf7-form init\" aria-label=\"Modulo di contatto\" novalidate=\"novalidate\" data-status=\"init\">\n<fieldset class=\"hidden-fields-container\"><input type=\"hidden\" name=\"_wpcf7\" value=\"544\" \/><input type=\"hidden\" name=\"_wpcf7_version\" value=\"6.1.4\" \/><input type=\"hidden\" name=\"_wpcf7_locale\" value=\"it_IT\" \/><input type=\"hidden\" name=\"_wpcf7_unit_tag\" value=\"wpcf7-f544-o1\" \/><input type=\"hidden\" name=\"_wpcf7_container_post\" value=\"0\" \/><input type=\"hidden\" name=\"_wpcf7_posted_data_hash\" value=\"\" \/>\n<\/fieldset>\n<p><label> Dein Name (obligatorisch)<br \/>\n<span class=\"wpcf7-form-control-wrap\" data-name=\"your-name\"><input size=\"40\" maxlength=\"400\" class=\"wpcf7-form-control wpcf7-text wpcf7-validates-as-required\" aria-required=\"true\" aria-invalid=\"false\" value=\"\" type=\"text\" name=\"your-name\" \/><\/span> <\/label>\n<\/p>\n<p><label> Deine E-Mail (obligatorisch)<br \/>\n<span class=\"wpcf7-form-control-wrap\" data-name=\"your-email\"><input size=\"40\" maxlength=\"400\" class=\"wpcf7-form-control wpcf7-email wpcf7-validates-as-required wpcf7-text wpcf7-validates-as-email\" aria-required=\"true\" aria-invalid=\"false\" value=\"\" type=\"email\" name=\"your-email\" \/><\/span> <\/label>\n<\/p>\n<p><label> Objekt<br \/>\n<span class=\"wpcf7-form-control-wrap\" data-name=\"your-subject\"><input size=\"40\" maxlength=\"400\" class=\"wpcf7-form-control wpcf7-text\" aria-invalid=\"false\" value=\"\" type=\"text\" name=\"your-subject\" \/><\/span> <\/label>\n<\/p>\n<p><label> Deine Nachricht<br \/>\n<span class=\"wpcf7-form-control-wrap\" data-name=\"your-message\"><textarea cols=\"40\" rows=\"10\" maxlength=\"2000\" class=\"wpcf7-form-control wpcf7-textarea\" aria-invalid=\"false\" name=\"your-message\"><\/textarea><\/span> <\/label>\n<\/p>\n<p><span class=\"wpcf7-form-control-wrap\" data-name=\"checkbox-841\"><span class=\"wpcf7-form-control wpcf7-checkbox wpcf7-validates-as-required\"><span class=\"wpcf7-list-item first last\"><input type=\"checkbox\" name=\"checkbox-841[]\" value=\"Ich erkl\u00e4re, dass ich die Informationen gem\u00e4\u00df Kunst gelesen habe. 13 der EU-Verordnung 2016\/679 und durch \u00dcbermittlung meiner Bitte ausdr\u00fccklich der \u00dcbermittlung der darin enthaltenen Daten zuzustimmen.\" \/><span class=\"wpcf7-list-item-label\">Ich erkl\u00e4re, dass ich die Informationen gem\u00e4\u00df Kunst gelesen habe. 13 der EU-Verordnung 2016\/679 und durch \u00dcbermittlung meiner Bitte ausdr\u00fccklich der \u00dcbermittlung der darin enthaltenen Daten zuzustimmen.<\/span><\/span><\/span><\/span>\n<\/p>\n<p><a href=\"http:\/\/autolineelumia.com\/index.php\/informativa-privacy-per-la-navigazione-sul-sito-internet\/\">Informationen gem\u00e4\u00df Art. 13 der EU-Verordnung 2016\/679 abgeschlossen <\/a>\n<\/p>\n<p><input class=\"wpcf7-form-control wpcf7-submit has-spinner\" type=\"submit\" value=\"Senden\" \/>\n<\/p><div class=\"wpcf7-response-output\" aria-hidden=\"true\"><\/div>\n<\/form>\n<\/div>\n\n","protected":false},"excerpt":{"rendered":"<div class=\"slide-text-bg2\"><span>Salvatore Lumia s.r.l. &#8211; Via Pindaro 3\/c &#8211; 92100 Agrigento &#8211; Tel.: 0922 20414<\/span><\/div>\n","protected":false},"author":1,"featured_media":0,"parent":0,"menu_order":0,"comment_status":"closed","ping_status":"closed","template":"","meta":{"footnotes":""},"class_list":["post-468","page","type-page","status-publish","hentry"],"yoast_head":"<!-- This site is optimized with the Yoast SEO plugin v26.9 - https:\/\/yoast.com\/product\/yoast-seo-wordpress\/ -->\n<title>Kontakte &#8212; Autolinee Salvatore Lumia<\/title>\n<meta name=\"robots\" content=\"index, follow, max-snippet:-1, max-image-preview:large, max-video-preview:-1\" \/>\n<link rel=\"canonical\" href=\"https:\/\/autolineelumia.com\/index.php\/de\/contatti-3\/\" \/>\n<meta property=\"og:locale\" content=\"it_IT\" \/>\n<meta property=\"og:type\" content=\"article\" \/>\n<meta property=\"og:title\" content=\"Kontakte &#8212; Autolinee Salvatore Lumia\" \/>\n<meta property=\"og:description\" content=\"Salvatore Lumia s.r.l. &#8211; Via Pindaro 3\/c &#8211; 92100 Agrigento &#8211; Tel.: 0922 20414\" \/>\n<meta property=\"og:url\" content=\"https:\/\/autolineelumia.com\/index.php\/de\/contatti-3\/\" \/>\n<meta property=\"og:site_name\" content=\"Autolinee Salvatore Lumia\" \/>\n<meta property=\"article:modified_time\" content=\"2020-09-22T14:37:16+00:00\" \/>\n<meta name=\"twitter:card\" content=\"summary_large_image\" \/>\n<script type=\"application\/ld+json\" class=\"yoast-schema-graph\">{\"@context\":\"https:\/\/schema.org\",\"@graph\":[{\"@type\":\"WebPage\",\"@id\":\"https:\/\/autolineelumia.com\/index.php\/de\/contatti-3\/\",\"url\":\"https:\/\/autolineelumia.com\/index.php\/de\/contatti-3\/\",\"name\":\"Kontakte &#8212; Autolinee Salvatore Lumia\",\"isPartOf\":{\"@id\":\"https:\/\/autolineelumia.com\/#website\"},\"datePublished\":\"2020-09-22T10:53:56+00:00\",\"dateModified\":\"2020-09-22T14:37:16+00:00\",\"breadcrumb\":{\"@id\":\"https:\/\/autolineelumia.com\/index.php\/de\/contatti-3\/#breadcrumb\"},\"inLanguage\":\"it-IT\",\"potentialAction\":[{\"@type\":\"ReadAction\",\"target\":[\"https:\/\/autolineelumia.com\/index.php\/de\/contatti-3\/\"]}]},{\"@type\":\"BreadcrumbList\",\"@id\":\"https:\/\/autolineelumia.com\/index.php\/de\/contatti-3\/#breadcrumb\",\"itemListElement\":[{\"@type\":\"ListItem\",\"position\":1,\"name\":\"Home\",\"item\":\"https:\/\/autolineelumia.com\/\"},{\"@type\":\"ListItem\",\"position\":2,\"name\":\"Kontakte\"}]},{\"@type\":\"WebSite\",\"@id\":\"https:\/\/autolineelumia.com\/#website\",\"url\":\"https:\/\/autolineelumia.com\/\",\"name\":\"Autolinee Salvatore Lumia\",\"description\":\"\",\"publisher\":{\"@id\":\"https:\/\/autolineelumia.com\/#organization\"},\"potentialAction\":[{\"@type\":\"SearchAction\",\"target\":{\"@type\":\"EntryPoint\",\"urlTemplate\":\"https:\/\/autolineelumia.com\/?s={search_term_string}\"},\"query-input\":{\"@type\":\"PropertyValueSpecification\",\"valueRequired\":true,\"valueName\":\"search_term_string\"}}],\"inLanguage\":\"it-IT\"},{\"@type\":\"Organization\",\"@id\":\"https:\/\/autolineelumia.com\/#organization\",\"name\":\"Salvatore Lumia Autolinee\",\"url\":\"https:\/\/autolineelumia.com\/\",\"logo\":{\"@type\":\"ImageObject\",\"inLanguage\":\"it-IT\",\"@id\":\"https:\/\/autolineelumia.com\/#\/schema\/logo\/image\/\",\"url\":\"https:\/\/autolineelumia.com\/wp-content\/uploads\/2018\/06\/r2_c4.gif\",\"contentUrl\":\"https:\/\/autolineelumia.com\/wp-content\/uploads\/2018\/06\/r2_c4.gif\",\"width\":193,\"height\":70,\"caption\":\"Salvatore Lumia Autolinee\"},\"image\":{\"@id\":\"https:\/\/autolineelumia.com\/#\/schema\/logo\/image\/\"}}]}<\/script>\n<!-- \/ Yoast SEO plugin. -->","yoast_head_json":{"title":"Kontakte &#8212; Autolinee Salvatore Lumia","robots":{"index":"index","follow":"follow","max-snippet":"max-snippet:-1","max-image-preview":"max-image-preview:large","max-video-preview":"max-video-preview:-1"},"canonical":"https:\/\/autolineelumia.com\/index.php\/de\/contatti-3\/","og_locale":"it_IT","og_type":"article","og_title":"Kontakte &#8212; Autolinee Salvatore Lumia","og_description":"Salvatore Lumia s.r.l. &#8211; Via Pindaro 3\/c &#8211; 92100 Agrigento &#8211; Tel.: 0922 20414","og_url":"https:\/\/autolineelumia.com\/index.php\/de\/contatti-3\/","og_site_name":"Autolinee Salvatore Lumia","article_modified_time":"2020-09-22T14:37:16+00:00","twitter_card":"summary_large_image","schema":{"@context":"https:\/\/schema.org","@graph":[{"@type":"WebPage","@id":"https:\/\/autolineelumia.com\/index.php\/de\/contatti-3\/","url":"https:\/\/autolineelumia.com\/index.php\/de\/contatti-3\/","name":"Kontakte &#8212; Autolinee Salvatore Lumia","isPartOf":{"@id":"https:\/\/autolineelumia.com\/#website"},"datePublished":"2020-09-22T10:53:56+00:00","dateModified":"2020-09-22T14:37:16+00:00","breadcrumb":{"@id":"https:\/\/autolineelumia.com\/index.php\/de\/contatti-3\/#breadcrumb"},"inLanguage":"it-IT","potentialAction":[{"@type":"ReadAction","target":["https:\/\/autolineelumia.com\/index.php\/de\/contatti-3\/"]}]},{"@type":"BreadcrumbList","@id":"https:\/\/autolineelumia.com\/index.php\/de\/contatti-3\/#breadcrumb","itemListElement":[{"@type":"ListItem","position":1,"name":"Home","item":"https:\/\/autolineelumia.com\/"},{"@type":"ListItem","position":2,"name":"Kontakte"}]},{"@type":"WebSite","@id":"https:\/\/autolineelumia.com\/#website","url":"https:\/\/autolineelumia.com\/","name":"Autolinee Salvatore Lumia","description":"","publisher":{"@id":"https:\/\/autolineelumia.com\/#organization"},"potentialAction":[{"@type":"SearchAction","target":{"@type":"EntryPoint","urlTemplate":"https:\/\/autolineelumia.com\/?s={search_term_string}"},"query-input":{"@type":"PropertyValueSpecification","valueRequired":true,"valueName":"search_term_string"}}],"inLanguage":"it-IT"},{"@type":"Organization","@id":"https:\/\/autolineelumia.com\/#organization","name":"Salvatore Lumia Autolinee","url":"https:\/\/autolineelumia.com\/","logo":{"@type":"ImageObject","inLanguage":"it-IT","@id":"https:\/\/autolineelumia.com\/#\/schema\/logo\/image\/","url":"https:\/\/autolineelumia.com\/wp-content\/uploads\/2018\/06\/r2_c4.gif","contentUrl":"https:\/\/autolineelumia.com\/wp-content\/uploads\/2018\/06\/r2_c4.gif","width":193,"height":70,"caption":"Salvatore Lumia Autolinee"},"image":{"@id":"https:\/\/autolineelumia.com\/#\/schema\/logo\/image\/"}}]}},"_links":{"self":[{"href":"https:\/\/autolineelumia.com\/index.php\/wp-json\/wp\/v2\/pages\/468","targetHints":{"allow":["GET"]}}],"collection":[{"href":"https:\/\/autolineelumia.com\/index.php\/wp-json\/wp\/v2\/pages"}],"about":[{"href":"https:\/\/autolineelumia.com\/index.php\/wp-json\/wp\/v2\/types\/page"}],"author":[{"embeddable":true,"href":"https:\/\/autolineelumia.com\/index.php\/wp-json\/wp\/v2\/users\/1"}],"replies":[{"embeddable":true,"href":"https:\/\/autolineelumia.com\/index.php\/wp-json\/wp\/v2\/comments?post=468"}],"version-history":[{"count":2,"href":"https:\/\/autolineelumia.com\/index.php\/wp-json\/wp\/v2\/pages\/468\/revisions"}],"predecessor-version":[{"id":547,"href":"https:\/\/autolineelumia.com\/index.php\/wp-json\/wp\/v2\/pages\/468\/revisions\/547"}],"wp:attachment":[{"href":"https:\/\/autolineelumia.com\/index.php\/wp-json\/wp\/v2\/media?parent=468"}],"curies":[{"name":"wp","href":"https:\/\/api.w.org\/{rel}","templated":true}]}}