
{"id":33,"date":"2018-06-28T12:24:38","date_gmt":"2018-06-28T10:24:38","guid":{"rendered":"http:\/\/autolineelumia.com\/?page_id=33"},"modified":"2025-01-13T12:15:16","modified_gmt":"2025-01-13T11:15:16","slug":"regolamento","status":"publish","type":"page","link":"https:\/\/autolineelumia.com\/index.php\/regolamento\/","title":{"rendered":"Regolamento di Viaggio"},"content":{"rendered":"<p>IL REGOLAMENTO DI VIAGGIO<\/p>\n<p>\u00bb Art. 1 &#8211; Oggetto del regolamento.<br \/>\n\u00bb Art. 2 &#8211; Il biglietto di viaggio.<br \/>\n\u00bb Art. 3 &#8211; Tariffe.<br \/>\n\u00bb Art. 4 &#8211; Orari.<br \/>\n\u00bb Art. 5 &#8211; Bagaglio.<br \/>\n\u00bb Art. 6 &#8211; Trasporto animali.<br \/>\n\u00bb Art. 7 &#8211; Cancellazione, ritardo, interruzione del viaggio. Rimborsi.<br \/>\n\u00bb Art. 8 &#8211; Norme comportamentali e responsabilit\u00e0 del passeggero.<br \/>\n\u00bb Art. 9 &#8211; Diritto al trasporto e condizioni speciali.<br \/>\n\u00bb Art. 10 &#8211; Foro competente. Norma di chiusura.<\/p>\n<p>ART.1 &#8211; Oggetto del regolamento<\/p>\n<p>1. I servizi di linea delle autolinee regionali esercitate nel territorio della regione Sicilia dalla SALVATORE LUMIA S.r.l., con sede in Agrigento, Via Pindaro n.3\/C sono disciplinati dalle norme del presente regolamento di viaggio a cui rimanda la dizione &#8220;regolamento di viaggio in biglietteria&#8221; apposta nel biglietto di viaggio. Il presente regolamento \u00e8 pubblicato sul sito www.autolineelumia.com<\/p>\n<p>2. Con l&#8217;acquisto del biglietto di viaggio il passeggero dichiara implicitamente di conoscere, accettare ed osservare le norme del presente regolamento.<\/p>\n<p>ART. 2 &#8211; Il biglietto di viaggio<\/p>\n<p style=\"text-align: left;\">1. Il biglietto di viaggio dev&#8217;essere acquistato, prima dell&#8217;inizio del servizio, presso i rivenditori autorizzati. Eccezionalmente \u00e8 consentito l&#8217;acquisto del biglietto a bordo dell&#8217;autobus direttamente dal personale aziendale viaggiante con soldi contati.<\/p>\n<p style=\"text-align: left;\">3. Il biglietto di viaggio \u00e8 personale e documenta la conclusione del contratto di trasporto esclusivamente tra la Societ\u00e0 che assicura il servizio (d\u2019ora in poi chiamata anche \u201cvettore\u201d) e l\u2019acquirente del biglietto, per la tratta ivi indicata. L\u2019obbligazione del vettore \u00e8 differita al momento in cui deve avere inizio il servizio. Il vettore non \u00e8 pertanto responsabile di eventuali furti, rapine, aggressioni o di qualsiasi evento dannoso per\u00a0 l\u2019utente che accada all\u2019interno delle rivendite di biglietti.<\/p>\n<p style=\"text-align: left;\">4. Il biglietto \u00e8 personale, non \u00e8 cedibile n\u00e9 trasferibile.<\/p>\n<p style=\"text-align: left;\">5. Per &#8220;tratta&#8221; si intende la relazione cui si riferisce il biglietto di viaggio: essa \u00e8 individuata dall&#8217;indicazione della localit\u00e0 di partenza e di quella di destinazione. Il viaggiatore, al momento dell\u2019acquisto del titolo di viaggio (biglietto o abbonamento), \u00e8 tenuto a verificare immediatamente l\u2019esattezza dei dati in esso riportati e che il prezzo pagato corrisponda a quello esposto sul titolo di viaggio.<\/p>\n<p style=\"text-align: left;\">6. Il passeggero ha l&#8217;obbligo di conservare il biglietto per tutta la durata del viaggio e di esibirlo ad ogni richiesta del personale viaggiante del vettore. Il passeggero che viene trovato a bordo dell&#8217;autobus sprovvisto del biglietto di viaggio \u00e8 tenuto a regolarizzare la propria posizione con il pagamento della tariffa ordinaria relativa all\u2019intera linea, aumentata di una penale pari al 100% della tariffa stessa.<\/p>\n<p style=\"text-align: left;\">7. I biglietti devono essere obliterati soltanto dal personale aziendale addetto al controllo.<\/p>\n<p style=\"text-align: left;\">8. Il biglietto di corsa semplice o di andata e ritorno ha validit\u00e0 per il solo giorno di emissione. Se il biglietto \u00e8 emesso per tratte su pi\u00f9 province, ha validit\u00e0 due giorni compreso quello di rilascio.<\/p>\n<p style=\"text-align: left;\">9. I titoli di viaggio che danno diritto ad un numero plurimo di viaggi (abbonamenti) riportano la data di scadenza e le condizioni aggiuntive di utilizzo. Eventuali corse non fruite entro i termini di scadenza non sono rimborsabili.<\/p>\n<p style=\"text-align: left;\">10. Nessun rimborso \u00e8 dovuto in caso di smarrimento, deterioramento, distruzione o furto del titolo di viaggio.<\/p>\n<p style=\"text-align: left;\">11. Nel caso di smarrimento di un abbonamento pu\u00f2 essere richiesto un duplicato previo pagamento di una penale di \u20ac 10,00 (DIECI\/00 EURO).<\/p>\n<p>ART. 3. &#8211; Tariffe<\/p>\n<p>1. La Salvatore Lumia s.r.l. applica le tariffe approvate dalla Regione Siciliana. La tariffa applicabile \u00e8 quella in vigore il giorno dell&#8217;emissione.<\/p>\n<p>2. Non \u00e8 consentito portare in braccio bambini di qualsiasi et\u00e0. E&#8217; obbligatorio in ogni caso l&#8217;acquisto del biglietto e l&#8217;occupazione di una poltrona per ragioni sia di sicurezza del viaggio, che di incolumit\u00e0 del bambino. In caso di inosservanza delle prescrizioni di legge sui sistemi di ritenuta per bambini, il vettore non risponde di eventuali danni subiti dal bambino e\/o da chi abusivamente lo conduce con s\u00e9 tenendolo in braccio, anche se i danni sono causalmente legati ad un evento direttamente riconducibile alla responsabilit\u00e0 del vettore.<\/p>\n<p>ART. 4. &#8211; Orari<\/p>\n<p>1. Tutte le informazioni presenti negli orari a stampa sono fornite con riserva di modifica e possono essere soggette a variazioni. Ogni informazione, pertanto, dovr\u00e0 essere confermata al momento dell&#8217;acquisto del biglietto.<\/p>\n<p>ART. 5. &#8211; Bagaglio<\/p>\n<p>1. Nel costo del biglietto di viaggio non \u00e8 incluso alcun corrispettivo per il trasporto del bagaglio del passeggero, trasporto che viene svolto dal vettore soltanto a titolo di cortesia per una migliore soddisfazione dell&#8217;utenza, senza nessun costo ed a rischio del passeggero, in appositi bagagliai INCUSTODITI, limitatamente a due valige o pacchi non eccedenti ciascuno le dimensioni di cm 160 e il peso di kg 20 . Il bagaglio al seguito deve essere deposto, a cura del passeggero stesso e sotto la sua personale responsabilit\u00e0, nel vano portabagagli dell&#8217;autobus che \u00e8 incustodito.<\/p>\n<p>2. Non si effettua il trasporto di pacchi, plichi e colli per conto terzi o comunque non costituenti bagaglio al seguito.<br \/>\n3. Il vettore pu\u00f2 rifiutare le richieste di trasporto di bagagli al seguito che non siano compatibili con i mezzi ordinari dell&#8217;impresa e\/o che potrebbero pregiudicare la sicurezza dei viaggiatori e del viaggio, nonch\u00e9 l&#8217;integrit\u00e0 dei bagagli degli altri passeggeri.<br \/>\n4. Ogni passeggero ha la facolt\u00e0 di portare con s\u00e9 nella cabina dell&#8217;autobus un piccolo bagaglio a mano di dimensioni massime (cm 40x20x25) da collocare negli appositi alloggiamenti o sotto il sedile, assicurandolo dalla possibilit\u00e0 di cadute.<br \/>\n5. Non \u00e8 consentito condurre a bordo dell&#8217;autobus bagagli ingombranti, armi, munizioni, materiale infiammabile o comunque pericoloso e\/o nocivo e liquidi in genere. Non \u00e8 consentito condurre a bordo dell&#8217;autobus merce di contrabbando o comunque illegale. Stessi divieti vigono per il bagaglio deposto nel vano portabagagli, in cui \u00e8 altres\u00ec vietato il trasporto di oggetti di elevato valore.<br \/>\n6. I passeggeri che violano i divieti di cui al precedente comma sono personalmente e direttamente responsabili verso i terzi e verso le Autorit\u00e0 competenti. La Societ\u00e0 proprietaria dell&#8217;autobus, comunque, si riserva il diritto di rivalersi per gli eventuali danni, di qualsiasi natura, cui dovesse andare incontro, causati dal comportamento illecito o comunque scorretto del passeggero.<br \/>\n7. Il vettore non risponde in alcuna misura per la perdita del bagaglio, sia esso condotto dal passeggero all&#8217;interno della cabina dell&#8217;autobus (c.d. bagaglio a mano) che dallo stesso deposto nel vano portabagagli. Il bagagliaio \u00e8 incustodito: il vettore non \u00e8 responsabile per i danni causati al bagaglio per colpa del passeggero o per la natura particolare del bagaglio o per il suo imballaggio. Il vettore non assume alcun obbligo di custodia e vigilanza del bagaglio, il quale risiede in via esclusiva in capo al passeggero.<br \/>\n8. Il vettore, in base alle disposizioni di legge vigenti, \u00e8 responsabile della perdita del bagaglio solamente se ad esso direttamente imputabile e comunque nel limite massimo inderogabile di Euro 103,30 per bagaglio, con un limite massimo di Euro 206,60 per passeggero.<br \/>\n9. I reclami per la perdita o l&#8217;avaria dei bagagli dovranno comunque essere fatti dal passeggero immediatamente all&#8217;arrivo al personale di bordo e successivamente confermati per iscritto, corredati da regolare denuncia alla pubblica autorit\u00e0, entro 10 giorni dalla fine del viaggio, alla Direzione della Salvatore Lumia s.r.l. (all&#8217;indirizzo Via Pindaro n\u00b0 3 92100 Agrigento oppure via PEC a salvatorelumiasrl@legalmail.it ), con dichiarazioni ivi contenute asseverate sotto la propria personale responsabilit\u00e0.<\/p>\n<p>ART. 6 &#8211; Trasporto animali<\/p>\n<p>1. E&#8217; consentito portare con s\u00e9 animali, contro il pagamento di un ulteriore biglietto, purch\u00e9 di piccola taglia ed in appositi contenitori, collocati a terra e non sul sedile per tutta la durata del viaggio. Il trasporto degli animali pu\u00f2 essere limitato o rifiutato, ad insindacabile giudizio dell&#8217;autista, per esigenze legate al servizio (affollamento, disturbo degli altri passeggeri o questioni di sicurezza). Si consiglia di prenotare il trasporto di animali contattando l&#8217;azienda per conoscere gli orari e le corse meno affollate.<br \/>\n2. I passeggeri sono tenuti alla sorveglianza per tutto il viaggio dell&#8217;animale al seguito e sono responsabili in via esclusiva per qualsivoglia danno a persone e cose provocati all&#8217;autobus, a cose o ad altri passeggeri dall&#8217;animale trasportato. L&#8217;autista pu\u00f2 chiedere, a chi porta con s\u00e9 un animale che disturbi, di abbandonare l&#8217;autobus senza diritto ad alcun rimborso.<br \/>\n3. Sono esclusi dalle precedenti limitazioni i cani guida da accompagno dei passeggeri non vedenti che sono ammessi gratuitamente a bordo. I cani guida sono limitati a uno per vettura.<\/p>\n<p>ART. 7 &#8211; Cancellazione, ritardo, interruzione del viaggio. Rimborsi<\/p>\n<p>1. Il vettore non assume alcuna responsabilit\u00e0 per ritardi o soppressioni di corse dovute a scioperi o ad avverse condizioni atmosferiche ovvero a qualsiasi altra causa non imputabile al vettore medesimo.<br \/>\n2. Se il servizio \u00e8 interrotto per forza maggiore o per ordine dell&#8217;Autorit\u00e0 pubblica, il passeggero ha diritto esclusivamente ad essere ricondotto alla localit\u00e0 di partenza, e non al rimborso del biglietto.<br \/>\n3. Se il servizio \u00e8 interrotto per fatto addebitabile al vettore, il passeggero ha diritto esclusivamente ad essere ricondotto alla localit\u00e0 di partenza ed al rimborso del biglietto. Se, tuttavia, il vettore assicura al passeggero la prosecuzione del viaggio, il passeggero non ha diritto ad alcun rimborso, indipendentemente dal ritardo. Nel caso si verificasse un incidente che conporta l&#8217;interruzione del servizio, il vettore provvede, se possibile, ad utilizzare\/sostituire il veicolo garantendo la prosecuzione del viaggio o il rientro al punto di partenza<br \/>\n4. Se il passeggero interrompe il viaggio per sua volont\u00e0 o, comunque, per fatto proprio, non ha diritto ad alcun rimborso n\u00e9 ad alcuna prestazione.<br \/>\n5. Nei casi sopra previsti, da qualunque causa dipendano, anche se imputabili alla Societ\u00e0 che assicura il servizio, quest&#8217;ultima non \u00e8 comunque responsabile degli eventuali danni che potrebbero derivarne ai passeggeri.<br \/>\n6. Il vettore non \u00e8 responsabile della mancata coincidenza con servizi di trasporto assicurati dalla stessa o altre compagnie di trasporto siano esse terrestri, marittime, aeree o ferroviarie, da qualunque causa sia dipeso il ritardo rispetto all&#8217;orario di arrivo previsto.<\/p>\n<p>ART. 8 &#8211; Norme comportamentali e responsabilit\u00e0 del passeggero<\/p>\n<p>1. Il passeggero \u00e8 chiamato a collaborare con il vettore per la sicurezza del viaggio ed il miglioramento della qualit\u00e0 del servizio, rispettando le disposizioni in vigore per l&#8217;accesso ai mezzi. L&#8217;utenza che fruisce dei servizi erogati dal vettore \u00e8 obbligata a tenere una condotta, per s\u00e9 e per gli altri, improntata alle regole della buona educazione attenendosi alle norme di condotta generale di seguito riportate. In particolare, \u00e8 fatto obbligo al passeggero di:<br \/>\na) presentarsi al punto di partenza almeno 5 minuti prima dell&#8217;orario previsto;<br \/>\nb) conformarsi alle prescrizioni di viaggio in materia di polizia e sanit\u00e0.<br \/>\nc) durante il trasporto:<br \/>\nc1.) osservare le prescrizioni, le avvertenze ed inviti del personale di bordo, comprese quelle che dovessero comportare impedimenti o restrizioni nell&#8217;esecuzione del trasporto. In particolare, \u00e8 fatto obbligo ai passeggeri di adempiere all&#8217;obbligo di utilizzare le cinture di sicurezza laddove presenti.<br \/>\nc2.) astenersi dal parlare al conducente, osservare un comportamento decoroso, non arrecando disturbo agli altri viaggiatori; non tenere comportamenti molesti, cantare, suonare, schiamazzare, n\u00e9 discorsi osceni o inappropriati.<br \/>\nc3.) non sporgersi dai finestrini;<br \/>\nc4.) restare seduto quando l&#8217;autobus \u00e8 in movimento.<br \/>\nc5.) fare questua fra i viaggiatori od esercitare attivit\u00e0 pubblicitaria e commerciale, anche a scopo benefico;<br \/>\n2. Il passeggero non \u00e8 ammesso al viaggio, e nel corso del viaggio pu\u00f2 essere allontanato senza diritto al rimborso del biglietto, nel caso in cui rappresenti pericolo per sicurezza del servizio di trasporto come prescritto dal Codice della Strada.<br \/>\n3. Il passeggero deve usare le precauzioni necessarie e vigilare sulla sicurezza ed incolumit\u00e0 propria e delle persone, animali e\/o cose sotto la sua custodia.<br \/>\n4. E&#8217; vietato fumare all&#8217;interno dell&#8217;autobus. I trasgressori saranno perseguiti a norma di legge.<br \/>\n5. Il personale aziendale viaggiante non ammetter\u00e0 a bordo passeggeri in evidente stato di ubriachezza o che siano di disturbo alla regolarit\u00e0 del servizio, ricorrendo, se del caso, anche all&#8217;intervento delle Forze dell&#8217;ordine.<br \/>\n6. Il personale aziendale viaggiante \u00e8 autorizzato a fare scendere dall&#8217;autobus (se del caso con l&#8217;intervento delle Forze dell&#8217;Ordine) i passeggeri che tengono un comportamento scorretto o comunque molesto, senza che nulla possano pretendere a titolo di rimborso per il percorso ancora da effettuare, con riserva di ogni azione di rivalsa per gli eventuali danni arrecati al mezzo od al servizio.<br \/>\n7. Il vettore non risponde dei danni provocati a s\u00e9 o agli altri passeggeri da qualsiasi comportamento dell&#8217;utente illecito o comunque non conforme alle regole dell&#8217;ordinaria diligenza.<\/p>\n<p>ART. 9 &#8211; Diritto al trasporto e condizioni speciali<\/p>\n<p>1. E&#8217; sempre ammesso il trasporto di persone con disabilit\u00e0 o mobilit\u00e0 ridotta tranne nei seguenti casi:<br \/>\na) per rispettare gli obblighi in materia di sicurezza stabiliti dalla legislazione o dalle autorit\u00e0 competenti;<br \/>\nb) qualora la configurazione del veicolo renda fisicamente impossibile l&#8217;imbarco, lo sbarco o il trasporto della persona con disabilit\u00e0 o a mobilit\u00e0 ridotta in condizioni di sicurezza realizzabili. Nel caso in cui il vettore debba constatare tali impedimenti al trasporto, ne da comunicazione al richiedente, informandolo per iscritto entro cinque giorni lavorativi.<br \/>\n2. In caso di perdita o danneggiamento delle attrezzature per la mobilit\u00e0 o dispositivi di assistenza, il vettore provvede a risarcire il passeggero nella misura opportuna prevista dalla legge. Qualora necessario, il vettore compie ogni sforzo per fornire rapidamente attrezzature o dispositivi di sostituzione temporanea e, ove possibile, aventi simili caratteristiche tecniche e funzionali a quelli perduti o danneggiati.<\/p>\n<p>ART. 10 &#8211; Foro competente. Norma di chiusura.<\/p>\n<p>1. Per ogni controversia sar\u00e0 competente il foro territoriale di Agrigento.<br \/>\n2. Per tutto quanto non espressamente previsto dal presente Regolamento, si applicano le norme del Codice Civile in quanto applicabili, nonch\u00e9 la normativa di settore.<br \/>\n3. E&#8217; facolt\u00e0 della Societ\u00e0 modificare ed integrare in qualsiasi momento il presente regolamento. Il regolamento aggiornato e vigente sar\u00e0 in ogni caso sempre a disposizione dell&#8217;utenza presso le rivendite di biglietti e pubblicato sul sito www.autolineelumia.com<\/p>\n","protected":false},"excerpt":{"rendered":"<div class=\"slide-text-bg2\"><span>IL REGOLAMENTO DI VIAGGIO \u00bb Art. 1 &#8211; Oggetto del regolamento. \u00bb Art. 2 &#8211; Il biglietto di viaggio. \u00bb Art. 3 &#8211; Tariffe. \u00bb Art. 4 &#038;#8211<\/span><\/div>\n<div class=\"slide-btn-area-sm\"><a href=\"https:\/\/autolineelumia.com\/index.php\/regolamento\/\" class=\"slide-btn-sm\">Leggi tutto<\/a><\/div>\n","protected":false},"author":1,"featured_media":0,"parent":0,"menu_order":0,"comment_status":"closed","ping_status":"closed","template":"","meta":{"footnotes":""},"class_list":["post-33","page","type-page","status-publish","hentry"],"yoast_head":"<!-- This site is optimized with the Yoast SEO plugin v26.9 - https:\/\/yoast.com\/product\/yoast-seo-wordpress\/ -->\n<title>Regolamento di Viaggio &#8212; Autolinee Salvatore Lumia<\/title>\n<meta name=\"robots\" content=\"index, follow, max-snippet:-1, max-image-preview:large, max-video-preview:-1\" \/>\n<link rel=\"canonical\" href=\"https:\/\/autolineelumia.com\/index.php\/regolamento\/\" \/>\n<meta property=\"og:locale\" content=\"it_IT\" \/>\n<meta property=\"og:type\" content=\"article\" \/>\n<meta property=\"og:title\" content=\"Regolamento di Viaggio &#8212; Autolinee Salvatore Lumia\" \/>\n<meta property=\"og:description\" content=\"IL REGOLAMENTO DI VIAGGIO \u00bb Art. 1 &#8211; Oggetto del regolamento. \u00bb Art. 2 &#8211; Il biglietto di viaggio. \u00bb Art. 3 &#8211; Tariffe. \u00bb Art. 4 &amp;#8211Leggi tutto\" \/>\n<meta property=\"og:url\" content=\"https:\/\/autolineelumia.com\/index.php\/regolamento\/\" \/>\n<meta property=\"og:site_name\" content=\"Autolinee Salvatore Lumia\" \/>\n<meta property=\"article:modified_time\" content=\"2025-01-13T11:15:16+00:00\" \/>\n<meta name=\"twitter:card\" content=\"summary_large_image\" \/>\n<meta name=\"twitter:label1\" content=\"Tempo di lettura stimato\" \/>\n\t<meta name=\"twitter:data1\" content=\"12 minuti\" \/>\n<script type=\"application\/ld+json\" class=\"yoast-schema-graph\">{\"@context\":\"https:\/\/schema.org\",\"@graph\":[{\"@type\":\"WebPage\",\"@id\":\"https:\/\/autolineelumia.com\/index.php\/regolamento\/\",\"url\":\"https:\/\/autolineelumia.com\/index.php\/regolamento\/\",\"name\":\"Regolamento di Viaggio &#8212; Autolinee Salvatore Lumia\",\"isPartOf\":{\"@id\":\"https:\/\/autolineelumia.com\/#website\"},\"datePublished\":\"2018-06-28T10:24:38+00:00\",\"dateModified\":\"2025-01-13T11:15:16+00:00\",\"breadcrumb\":{\"@id\":\"https:\/\/autolineelumia.com\/index.php\/regolamento\/#breadcrumb\"},\"inLanguage\":\"it-IT\",\"potentialAction\":[{\"@type\":\"ReadAction\",\"target\":[\"https:\/\/autolineelumia.com\/index.php\/regolamento\/\"]}]},{\"@type\":\"BreadcrumbList\",\"@id\":\"https:\/\/autolineelumia.com\/index.php\/regolamento\/#breadcrumb\",\"itemListElement\":[{\"@type\":\"ListItem\",\"position\":1,\"name\":\"Home\",\"item\":\"https:\/\/autolineelumia.com\/\"},{\"@type\":\"ListItem\",\"position\":2,\"name\":\"Regolamento di Viaggio\"}]},{\"@type\":\"WebSite\",\"@id\":\"https:\/\/autolineelumia.com\/#website\",\"url\":\"https:\/\/autolineelumia.com\/\",\"name\":\"Autolinee Salvatore Lumia\",\"description\":\"\",\"publisher\":{\"@id\":\"https:\/\/autolineelumia.com\/#organization\"},\"potentialAction\":[{\"@type\":\"SearchAction\",\"target\":{\"@type\":\"EntryPoint\",\"urlTemplate\":\"https:\/\/autolineelumia.com\/?s={search_term_string}\"},\"query-input\":{\"@type\":\"PropertyValueSpecification\",\"valueRequired\":true,\"valueName\":\"search_term_string\"}}],\"inLanguage\":\"it-IT\"},{\"@type\":\"Organization\",\"@id\":\"https:\/\/autolineelumia.com\/#organization\",\"name\":\"Salvatore Lumia Autolinee\",\"url\":\"https:\/\/autolineelumia.com\/\",\"logo\":{\"@type\":\"ImageObject\",\"inLanguage\":\"it-IT\",\"@id\":\"https:\/\/autolineelumia.com\/#\/schema\/logo\/image\/\",\"url\":\"https:\/\/autolineelumia.com\/wp-content\/uploads\/2018\/06\/r2_c4.gif\",\"contentUrl\":\"https:\/\/autolineelumia.com\/wp-content\/uploads\/2018\/06\/r2_c4.gif\",\"width\":193,\"height\":70,\"caption\":\"Salvatore Lumia Autolinee\"},\"image\":{\"@id\":\"https:\/\/autolineelumia.com\/#\/schema\/logo\/image\/\"}}]}<\/script>\n<!-- \/ Yoast SEO plugin. -->","yoast_head_json":{"title":"Regolamento di Viaggio &#8212; Autolinee Salvatore Lumia","robots":{"index":"index","follow":"follow","max-snippet":"max-snippet:-1","max-image-preview":"max-image-preview:large","max-video-preview":"max-video-preview:-1"},"canonical":"https:\/\/autolineelumia.com\/index.php\/regolamento\/","og_locale":"it_IT","og_type":"article","og_title":"Regolamento di Viaggio &#8212; Autolinee Salvatore Lumia","og_description":"IL REGOLAMENTO DI VIAGGIO \u00bb Art. 1 &#8211; Oggetto del regolamento. \u00bb Art. 2 &#8211; Il biglietto di viaggio. \u00bb Art. 3 &#8211; Tariffe. \u00bb Art. 4 &#8211Leggi tutto","og_url":"https:\/\/autolineelumia.com\/index.php\/regolamento\/","og_site_name":"Autolinee Salvatore Lumia","article_modified_time":"2025-01-13T11:15:16+00:00","twitter_card":"summary_large_image","twitter_misc":{"Tempo di lettura stimato":"12 minuti"},"schema":{"@context":"https:\/\/schema.org","@graph":[{"@type":"WebPage","@id":"https:\/\/autolineelumia.com\/index.php\/regolamento\/","url":"https:\/\/autolineelumia.com\/index.php\/regolamento\/","name":"Regolamento di Viaggio &#8212; Autolinee Salvatore Lumia","isPartOf":{"@id":"https:\/\/autolineelumia.com\/#website"},"datePublished":"2018-06-28T10:24:38+00:00","dateModified":"2025-01-13T11:15:16+00:00","breadcrumb":{"@id":"https:\/\/autolineelumia.com\/index.php\/regolamento\/#breadcrumb"},"inLanguage":"it-IT","potentialAction":[{"@type":"ReadAction","target":["https:\/\/autolineelumia.com\/index.php\/regolamento\/"]}]},{"@type":"BreadcrumbList","@id":"https:\/\/autolineelumia.com\/index.php\/regolamento\/#breadcrumb","itemListElement":[{"@type":"ListItem","position":1,"name":"Home","item":"https:\/\/autolineelumia.com\/"},{"@type":"ListItem","position":2,"name":"Regolamento di Viaggio"}]},{"@type":"WebSite","@id":"https:\/\/autolineelumia.com\/#website","url":"https:\/\/autolineelumia.com\/","name":"Autolinee Salvatore Lumia","description":"","publisher":{"@id":"https:\/\/autolineelumia.com\/#organization"},"potentialAction":[{"@type":"SearchAction","target":{"@type":"EntryPoint","urlTemplate":"https:\/\/autolineelumia.com\/?s={search_term_string}"},"query-input":{"@type":"PropertyValueSpecification","valueRequired":true,"valueName":"search_term_string"}}],"inLanguage":"it-IT"},{"@type":"Organization","@id":"https:\/\/autolineelumia.com\/#organization","name":"Salvatore Lumia Autolinee","url":"https:\/\/autolineelumia.com\/","logo":{"@type":"ImageObject","inLanguage":"it-IT","@id":"https:\/\/autolineelumia.com\/#\/schema\/logo\/image\/","url":"https:\/\/autolineelumia.com\/wp-content\/uploads\/2018\/06\/r2_c4.gif","contentUrl":"https:\/\/autolineelumia.com\/wp-content\/uploads\/2018\/06\/r2_c4.gif","width":193,"height":70,"caption":"Salvatore Lumia Autolinee"},"image":{"@id":"https:\/\/autolineelumia.com\/#\/schema\/logo\/image\/"}}]}},"_links":{"self":[{"href":"https:\/\/autolineelumia.com\/index.php\/wp-json\/wp\/v2\/pages\/33","targetHints":{"allow":["GET"]}}],"collection":[{"href":"https:\/\/autolineelumia.com\/index.php\/wp-json\/wp\/v2\/pages"}],"about":[{"href":"https:\/\/autolineelumia.com\/index.php\/wp-json\/wp\/v2\/types\/page"}],"author":[{"embeddable":true,"href":"https:\/\/autolineelumia.com\/index.php\/wp-json\/wp\/v2\/users\/1"}],"replies":[{"embeddable":true,"href":"https:\/\/autolineelumia.com\/index.php\/wp-json\/wp\/v2\/comments?post=33"}],"version-history":[{"count":9,"href":"https:\/\/autolineelumia.com\/index.php\/wp-json\/wp\/v2\/pages\/33\/revisions"}],"predecessor-version":[{"id":5391,"href":"https:\/\/autolineelumia.com\/index.php\/wp-json\/wp\/v2\/pages\/33\/revisions\/5391"}],"wp:attachment":[{"href":"https:\/\/autolineelumia.com\/index.php\/wp-json\/wp\/v2\/media?parent=33"}],"curies":[{"name":"wp","href":"https:\/\/api.w.org\/{rel}","templated":true}]}}