
{"id":31,"date":"2018-06-28T12:24:38","date_gmt":"2018-06-28T10:24:38","guid":{"rendered":"http:\/\/autolineelumia.com\/?page_id=31"},"modified":"2018-06-28T14:32:10","modified_gmt":"2018-06-28T12:32:10","slug":"diritti-dei-passeggeri","status":"publish","type":"page","link":"https:\/\/autolineelumia.com\/index.php\/diritti-dei-passeggeri\/","title":{"rendered":"Diritti dei Passeggeri"},"content":{"rendered":"<p><strong>DIRITTI DEI PASSEGGERI NEL SETTORE DEL TRASPORTO CON AUTOBUS (fino a 250Km)<\/strong><br \/>\nEstratto dal Regolamento UE n. 181\/2011<\/p>\n<p>&nbsp;<\/p>\n<p><strong>1) Diritto a condizioni di trasporto non discriminatorie inizio pagina<\/strong><\/p>\n<p>Nell&#8217;acquisto del biglietto per il servizio di trasporto di persone a mezzo autobus, nessun utente deve essere discriminato, direttamente o indirettamente, in base alla sua cittadinanza o al luogo di stabilimento del vettore o del venditore di biglietti.<\/p>\n<p><strong>2) Diritto all&#8217;informazione inizio pagina<\/strong><\/p>\n<p>Nel trasporto su autobus di linea, tutti i passeggeri hanno il diritto a ricevere informazioni adeguate durante l&#8217;intero viaggio. Fanno parte di questo diritto la comunicazione dei diritti dei passeggeri e delle indicazioni necessarie a prendere contatto con gli organismi nazionali responsabili dell&#8217;applicazione del presente regolamento UE n.181\/2011.<\/p>\n<p>&nbsp;<\/p>\n<p><strong>3) Diritto al risarcimento e all&#8217;assistenza in caso d&#8217;incidente inizio pagina<\/strong><\/p>\n<p>Durante il servizio di trasporto, i passeggeri hanno diritto ad un risarcimento per il decesso e le lesioni personali, nonch\u00e9 per la perdita o il danneggiamento del bagaglio avvenuti a seguito di un incidente derivante dall&#8217;utilizzo di autobus.<\/p>\n<p><strong>4) Diritto dei disabili e di persone con mobilit\u00e0 ridotta inizio pagina<\/strong><\/p>\n<ul>\n<li>accesso ai servizi di trasporto senza sovrapprezzo alcuno<\/li>\n<li>assistenza speciale<\/li>\n<li>risarcimento in caso di perdita o danneggiamento di attrezzature per la mobilit\u00e0<\/li>\n<\/ul>\n<p><strong>5) Diritto alla presentazione di reclami presso il vettore o presso gli organismi nazionali responsabili dell&#8217;applicazione del regolamento UE n. 181\/2011 inizio pagina<\/strong><\/p>\n<p>I passeggeri possono presentare il reclamo presso il vettore entro tre mesi dalla data del viaggio su autobus di linea. Il vettore dovr\u00e0 comunicare al passeggero, entro un mese dalla ricezione del reclamo, se questo \u00e8 stato accettato, rifiutato o se la pratica \u00e8 ancora in fase di elaborazione. Entro tre mesi dalla ricezione del reclamo, il vettore dovr\u00e0 fornire al passeggero una risposta definitiva.<\/p>\n<p><strong>6) Far valere i diritti del passeggero inizio pagina<\/strong><\/p>\n<p style=\"text-align: center;\">L&#8217;organismo nazionale designato a far valere i diritti sanciti dal regolamento UE n. 181\/2011, a cui ogni passeggero potr\u00e0 presentare un reclamo per una presunta infrazione al predetto regolamento per il quale non \u00e8 stata trovata soluzione in sede di reclamo al vettore, \u00e8<br \/>\n<strong>AUTORITA&#8217; DI REGOLAZIONE DEI TRASPORTI<\/strong><br \/>\n<strong>VIA NIZZA 230, 1016 TORINO<\/strong><br \/>\n<strong>Telefono: 011.0908500<\/strong><br \/>\nEmail: art@autorita-trasporti.it<br \/>\nPEC: pec@pec.autorita-trasporti.it<\/p>\n","protected":false},"excerpt":{"rendered":"<div class=\"slide-text-bg2\"><span>DIRITTI DEI PASSEGGERI NEL SETTORE DEL TRASPORTO CON AUTOBUS (fino a 250Km) Estratto dal Regolamento UE n. 181\/2011 &nbsp; 1) Diritto a condizioni di trasp<\/span><\/div>\n<div class=\"slide-btn-area-sm\"><a href=\"https:\/\/autolineelumia.com\/index.php\/diritti-dei-passeggeri\/\" class=\"slide-btn-sm\">Leggi tutto<\/a><\/div>\n","protected":false},"author":1,"featured_media":0,"parent":0,"menu_order":0,"comment_status":"closed","ping_status":"closed","template":"","meta":{"footnotes":""},"class_list":["post-31","page","type-page","status-publish","hentry"],"yoast_head":"<!-- This site is optimized with the Yoast SEO plugin v26.9 - https:\/\/yoast.com\/product\/yoast-seo-wordpress\/ -->\n<title>Diritti dei Passeggeri &#8212; Autolinee Salvatore Lumia<\/title>\n<meta name=\"robots\" content=\"index, follow, max-snippet:-1, max-image-preview:large, max-video-preview:-1\" \/>\n<link rel=\"canonical\" href=\"https:\/\/autolineelumia.com\/index.php\/diritti-dei-passeggeri\/\" \/>\n<meta property=\"og:locale\" content=\"it_IT\" \/>\n<meta property=\"og:type\" content=\"article\" \/>\n<meta property=\"og:title\" content=\"Diritti dei Passeggeri &#8212; Autolinee Salvatore Lumia\" \/>\n<meta property=\"og:description\" content=\"DIRITTI DEI PASSEGGERI NEL SETTORE DEL TRASPORTO CON AUTOBUS (fino a 250Km) Estratto dal Regolamento UE n. 181\/2011 &nbsp; 1) Diritto a condizioni di traspLeggi tutto\" \/>\n<meta property=\"og:url\" content=\"https:\/\/autolineelumia.com\/index.php\/diritti-dei-passeggeri\/\" \/>\n<meta property=\"og:site_name\" content=\"Autolinee Salvatore Lumia\" \/>\n<meta property=\"article:modified_time\" content=\"2018-06-28T12:32:10+00:00\" \/>\n<meta name=\"twitter:card\" content=\"summary_large_image\" \/>\n<meta name=\"twitter:label1\" content=\"Tempo di lettura stimato\" \/>\n\t<meta name=\"twitter:data1\" content=\"2 minuti\" \/>\n<script type=\"application\/ld+json\" class=\"yoast-schema-graph\">{\"@context\":\"https:\/\/schema.org\",\"@graph\":[{\"@type\":\"WebPage\",\"@id\":\"https:\/\/autolineelumia.com\/index.php\/diritti-dei-passeggeri\/\",\"url\":\"https:\/\/autolineelumia.com\/index.php\/diritti-dei-passeggeri\/\",\"name\":\"Diritti dei Passeggeri &#8212; Autolinee Salvatore Lumia\",\"isPartOf\":{\"@id\":\"https:\/\/autolineelumia.com\/#website\"},\"datePublished\":\"2018-06-28T10:24:38+00:00\",\"dateModified\":\"2018-06-28T12:32:10+00:00\",\"breadcrumb\":{\"@id\":\"https:\/\/autolineelumia.com\/index.php\/diritti-dei-passeggeri\/#breadcrumb\"},\"inLanguage\":\"it-IT\",\"potentialAction\":[{\"@type\":\"ReadAction\",\"target\":[\"https:\/\/autolineelumia.com\/index.php\/diritti-dei-passeggeri\/\"]}]},{\"@type\":\"BreadcrumbList\",\"@id\":\"https:\/\/autolineelumia.com\/index.php\/diritti-dei-passeggeri\/#breadcrumb\",\"itemListElement\":[{\"@type\":\"ListItem\",\"position\":1,\"name\":\"Home\",\"item\":\"https:\/\/autolineelumia.com\/\"},{\"@type\":\"ListItem\",\"position\":2,\"name\":\"Diritti dei Passeggeri\"}]},{\"@type\":\"WebSite\",\"@id\":\"https:\/\/autolineelumia.com\/#website\",\"url\":\"https:\/\/autolineelumia.com\/\",\"name\":\"Autolinee Salvatore Lumia\",\"description\":\"\",\"publisher\":{\"@id\":\"https:\/\/autolineelumia.com\/#organization\"},\"potentialAction\":[{\"@type\":\"SearchAction\",\"target\":{\"@type\":\"EntryPoint\",\"urlTemplate\":\"https:\/\/autolineelumia.com\/?s={search_term_string}\"},\"query-input\":{\"@type\":\"PropertyValueSpecification\",\"valueRequired\":true,\"valueName\":\"search_term_string\"}}],\"inLanguage\":\"it-IT\"},{\"@type\":\"Organization\",\"@id\":\"https:\/\/autolineelumia.com\/#organization\",\"name\":\"Salvatore Lumia Autolinee\",\"url\":\"https:\/\/autolineelumia.com\/\",\"logo\":{\"@type\":\"ImageObject\",\"inLanguage\":\"it-IT\",\"@id\":\"https:\/\/autolineelumia.com\/#\/schema\/logo\/image\/\",\"url\":\"https:\/\/autolineelumia.com\/wp-content\/uploads\/2018\/06\/r2_c4.gif\",\"contentUrl\":\"https:\/\/autolineelumia.com\/wp-content\/uploads\/2018\/06\/r2_c4.gif\",\"width\":193,\"height\":70,\"caption\":\"Salvatore Lumia Autolinee\"},\"image\":{\"@id\":\"https:\/\/autolineelumia.com\/#\/schema\/logo\/image\/\"}}]}<\/script>\n<!-- \/ Yoast SEO plugin. -->","yoast_head_json":{"title":"Diritti dei Passeggeri &#8212; Autolinee Salvatore Lumia","robots":{"index":"index","follow":"follow","max-snippet":"max-snippet:-1","max-image-preview":"max-image-preview:large","max-video-preview":"max-video-preview:-1"},"canonical":"https:\/\/autolineelumia.com\/index.php\/diritti-dei-passeggeri\/","og_locale":"it_IT","og_type":"article","og_title":"Diritti dei Passeggeri &#8212; Autolinee Salvatore Lumia","og_description":"DIRITTI DEI PASSEGGERI NEL SETTORE DEL TRASPORTO CON AUTOBUS (fino a 250Km) Estratto dal Regolamento UE n. 181\/2011 &nbsp; 1) Diritto a condizioni di traspLeggi tutto","og_url":"https:\/\/autolineelumia.com\/index.php\/diritti-dei-passeggeri\/","og_site_name":"Autolinee Salvatore Lumia","article_modified_time":"2018-06-28T12:32:10+00:00","twitter_card":"summary_large_image","twitter_misc":{"Tempo di lettura stimato":"2 minuti"},"schema":{"@context":"https:\/\/schema.org","@graph":[{"@type":"WebPage","@id":"https:\/\/autolineelumia.com\/index.php\/diritti-dei-passeggeri\/","url":"https:\/\/autolineelumia.com\/index.php\/diritti-dei-passeggeri\/","name":"Diritti dei Passeggeri &#8212; Autolinee Salvatore Lumia","isPartOf":{"@id":"https:\/\/autolineelumia.com\/#website"},"datePublished":"2018-06-28T10:24:38+00:00","dateModified":"2018-06-28T12:32:10+00:00","breadcrumb":{"@id":"https:\/\/autolineelumia.com\/index.php\/diritti-dei-passeggeri\/#breadcrumb"},"inLanguage":"it-IT","potentialAction":[{"@type":"ReadAction","target":["https:\/\/autolineelumia.com\/index.php\/diritti-dei-passeggeri\/"]}]},{"@type":"BreadcrumbList","@id":"https:\/\/autolineelumia.com\/index.php\/diritti-dei-passeggeri\/#breadcrumb","itemListElement":[{"@type":"ListItem","position":1,"name":"Home","item":"https:\/\/autolineelumia.com\/"},{"@type":"ListItem","position":2,"name":"Diritti dei Passeggeri"}]},{"@type":"WebSite","@id":"https:\/\/autolineelumia.com\/#website","url":"https:\/\/autolineelumia.com\/","name":"Autolinee Salvatore Lumia","description":"","publisher":{"@id":"https:\/\/autolineelumia.com\/#organization"},"potentialAction":[{"@type":"SearchAction","target":{"@type":"EntryPoint","urlTemplate":"https:\/\/autolineelumia.com\/?s={search_term_string}"},"query-input":{"@type":"PropertyValueSpecification","valueRequired":true,"valueName":"search_term_string"}}],"inLanguage":"it-IT"},{"@type":"Organization","@id":"https:\/\/autolineelumia.com\/#organization","name":"Salvatore Lumia Autolinee","url":"https:\/\/autolineelumia.com\/","logo":{"@type":"ImageObject","inLanguage":"it-IT","@id":"https:\/\/autolineelumia.com\/#\/schema\/logo\/image\/","url":"https:\/\/autolineelumia.com\/wp-content\/uploads\/2018\/06\/r2_c4.gif","contentUrl":"https:\/\/autolineelumia.com\/wp-content\/uploads\/2018\/06\/r2_c4.gif","width":193,"height":70,"caption":"Salvatore Lumia Autolinee"},"image":{"@id":"https:\/\/autolineelumia.com\/#\/schema\/logo\/image\/"}}]}},"_links":{"self":[{"href":"https:\/\/autolineelumia.com\/index.php\/wp-json\/wp\/v2\/pages\/31","targetHints":{"allow":["GET"]}}],"collection":[{"href":"https:\/\/autolineelumia.com\/index.php\/wp-json\/wp\/v2\/pages"}],"about":[{"href":"https:\/\/autolineelumia.com\/index.php\/wp-json\/wp\/v2\/types\/page"}],"author":[{"embeddable":true,"href":"https:\/\/autolineelumia.com\/index.php\/wp-json\/wp\/v2\/users\/1"}],"replies":[{"embeddable":true,"href":"https:\/\/autolineelumia.com\/index.php\/wp-json\/wp\/v2\/comments?post=31"}],"version-history":[{"count":2,"href":"https:\/\/autolineelumia.com\/index.php\/wp-json\/wp\/v2\/pages\/31\/revisions"}],"predecessor-version":[{"id":69,"href":"https:\/\/autolineelumia.com\/index.php\/wp-json\/wp\/v2\/pages\/31\/revisions\/69"}],"wp:attachment":[{"href":"https:\/\/autolineelumia.com\/index.php\/wp-json\/wp\/v2\/media?parent=31"}],"curies":[{"name":"wp","href":"https:\/\/api.w.org\/{rel}","templated":true}]}}