
{"id":1154,"date":"2022-08-18T15:38:56","date_gmt":"2022-08-18T13:38:56","guid":{"rendered":"https:\/\/autolineelumia.com\/?page_id=1154"},"modified":"2026-04-03T01:57:04","modified_gmt":"2026-04-02T23:57:04","slug":"homepage-2","status":"publish","type":"page","link":"https:\/\/autolineelumia.com\/index.php\/de\/homepage-2\/","title":{"rendered":"Homepage"},"content":{"rendered":"<h1 style=\"text-align: center;\"><span style=\"color: #ff0000;\">Ab 01.01.2026 gelten neue Zeiten ab:<\/span><\/h1>\n<table>\n<tbody>\n<tr>\n<td>\n<ul>\n<li><a href=\"https:\/\/autolineelumia.com\/wp-content\/uploads\/2026\/02\/Agrigento.jpg\" target=\"_blank\" rel=\"noopener\">Agrigento<\/a><\/li>\n<li><a href=\"https:\/\/autolineelumia.com\/wp-content\/uploads\/2026\/01\/Burgio.jpg\" target=\"_blank\" rel=\"noopener\">Burgio<\/a><\/li>\n<li><a href=\"https:\/\/autolineelumia.com\/wp-content\/uploads\/2026\/01\/Calamonaci.jpg\" target=\"_blank\" rel=\"noopener\">Calamonaci<\/a><\/li>\n<li><a href=\"https:\/\/autolineelumia.com\/wp-content\/uploads\/2026\/01\/Caltabellotta.jpg\" target=\"_blank\" rel=\"noopener\">Caltabellotta<\/a><\/li>\n<li><a href=\"https:\/\/autolineelumia.com\/wp-content\/uploads\/2026\/01\/Cattolica-Eraclea.jpg\" target=\"_blank\" rel=\"noopener\">Cattolica<\/a><\/li>\n<li><a href=\"https:\/\/autolineelumia.com\/wp-content\/uploads\/2026\/01\/Gibellina.jpg\" target=\"_blank\" rel=\"noopener\">Gibellina<\/a><\/li>\n<li><a href=\"https:\/\/autolineelumia.com\/wp-content\/uploads\/2026\/01\/Lucca.jpg\" target=\"_blank\" rel=\"noopener\">Lucca<\/a><\/li>\n<li><a href=\"https:\/\/autolineelumia.com\/wp-content\/uploads\/2026\/01\/Menfi.jpg\" target=\"_blank\" rel=\"noopener\">Menfi<\/a><\/li>\n<li><a href=\"https:\/\/autolineelumia.com\/wp-content\/uploads\/2026\/01\/Montallegro.jpg\" target=\"_blank\" rel=\"noopener\">Montallegro<\/a><\/li>\n<li><a href=\"https:\/\/autolineelumia.com\/wp-content\/uploads\/2026\/01\/Montevago.jpg\">Montevago<\/a><\/li>\n<li><a href=\"https:\/\/autolineelumia.com\/wp-content\/uploads\/2026\/01\/Partanna.jpg\" target=\"_blank\" rel=\"noopener\">Partanna<\/a><\/li>\n<li><a href=\"https:\/\/autolineelumia.com\/wp-content\/uploads\/2026\/01\/Poggioreale.jpg\" target=\"_blank\" rel=\"noopener\">Poggioreale<\/a><\/li>\n<li><a href=\"https:\/\/autolineelumia.com\/wp-content\/uploads\/2026\/03\/Porto-Empedocle.jpg\" target=\"_blank\" rel=\"noopener\">Porto Empedocle<\/a><\/li>\n<\/ul>\n<\/td>\n<td>\n<ul>\n<li><a href=\"https:\/\/autolineelumia.com\/wp-content\/uploads\/2026\/01\/Realmonte.jpg\" target=\"_blank\" rel=\"noopener\">Realmonte<\/a><\/li>\n<li><a href=\"https:\/\/autolineelumia.com\/wp-content\/uploads\/2026\/01\/Ribera.jpg\" target=\"_blank\" rel=\"noopener\">Ribera<\/a><\/li>\n<li><a href=\"https:\/\/autolineelumia.com\/wp-content\/uploads\/2026\/01\/Salaparuta.jpg\" target=\"_blank\" rel=\"noopener\">Salaparuta<\/a><\/li>\n<li><a href=\"https:\/\/autolineelumia.com\/wp-content\/uploads\/2026\/01\/Sambuca.jpg\" target=\"_blank\" rel=\"noopener\">Sambuca<\/a><\/li>\n<li><a href=\"https:\/\/autolineelumia.com\/wp-content\/uploads\/2026\/01\/SantAnna.jpg\" target=\"_blank\" rel=\"noopener\">Sant&#8217;Anna<\/a><\/li>\n<li><a href=\"https:\/\/autolineelumia.com\/wp-content\/uploads\/2026\/01\/Santa-Margherita.jpg\" target=\"_blank\" rel=\"noopener\">Santa Margherita<\/a><\/li>\n<li><a href=\"https:\/\/autolineelumia.com\/wp-content\/uploads\/2026\/01\/Santa-Ninfa.jpg\" target=\"_blank\" rel=\"noopener\">Santa Ninfa<\/a><\/li>\n<li><a href=\"https:\/\/autolineelumia.com\/wp-content\/uploads\/2026\/02\/Sciacca-Ospedale.jpg\" target=\"_blank\" rel=\"noopener\">Sciacca Ospedale<\/a><\/li>\n<li><a href=\"https:\/\/autolineelumia.com\/wp-content\/uploads\/2026\/02\/Sciacca.jpg\" target=\"_blank\" rel=\"noopener\">Sciacca<\/a><\/li>\n<li><a href=\"https:\/\/autolineelumia.com\/wp-content\/uploads\/2026\/01\/Siculiana.jpg\">Siculiana<\/a><\/li>\n<li><a href=\"https:\/\/autolineelumia.com\/wp-content\/uploads\/2026\/01\/Villafranca.jpg\" target=\"_blank\" rel=\"noopener\">Villafranca<\/a><\/li>\n<li><a href=\"https:\/\/autolineelumia.com\/wp-content\/uploads\/2026\/01\/Trapani-Agrigento.jpg\" target=\"_blank\" rel=\"noopener\">Trapani-Sciacca-Agrigento<\/a><\/li>\n<li><a href=\"https:\/\/autolineelumia.com\/wp-content\/uploads\/2026\/01\/TrapaniAggiunta.jpg\" target=\"_blank\" rel=\"noopener\">Trapani-Gibellina-Poggioreale<\/a><\/li>\n<\/ul>\n<\/td>\n<\/tr>\n<\/tbody>\n<\/table>\n<p>&nbsp;<\/p>\n<p>&nbsp;<\/p>\n<p><a href=\"https:\/\/autolineelumia.com\/agrigento-trapani-homepage-2\/\"><img loading=\"lazy\" decoding=\"async\" class=\"aligncenter size-full wp-image-5671\" src=\"https:\/\/autolineelumia.com\/wp-content\/uploads\/2026\/01\/Agrigento-Trapani-Homepage.jpg\" alt=\"\" width=\"1240\" height=\"1754\" \/><\/a><\/p>\n<p>&nbsp;<\/p>\n<p>\u00bbWir f\u00fchren au\u00dferst\u00e4dtische Dienste auf 13 Linien durch, f\u00fcr ein Netz von 1.300 km, das wir mit 56 Bussen mit einer durchschnittlichen Betriebszugeh\u00f6rigkeit von weniger als 9 Jahren befahren.<\/p>\n<p>\u00bbWir bef\u00f6rdern j\u00e4hrlich \u00fcber 1.100.000 Fahrg\u00e4ste bei insgesamt 40 Millionen Reisenden pro km, die unsere Busse \u00fcber 2.000.000 Kilometer zur\u00fccklegen.<\/p>\n<p>Kontaktdetails<\/p>\n<p>B\u00fcro in Agrigento<br \/>\nVia Pindaro, 3 &#8211; 92100 Agrigento<br \/>\nTel. (+39) 0922 20414<\/p>\n<p>Sciacca-B\u00fcro<br \/>\nVia Lioni, 11 &#8211; 92019 Sciacca (AG)<br \/>\nTel. (+39) 0925 21135<\/p>\n","protected":false},"excerpt":{"rendered":"<div class=\"slide-text-bg2\"><span>Ab 01.01.2026 gelten neue Zeiten ab: Agrigento Burgio Calamonaci Caltabellotta Cattolica Gibellina Lucca Menfi Montallegro Montevago Partanna Poggioreale P<\/span><\/div>\n<div class=\"slide-btn-area-sm\"><a href=\"https:\/\/autolineelumia.com\/index.php\/de\/homepage-2\/\" class=\"slide-btn-sm\">Leggi tutto<\/a><\/div>\n","protected":false},"author":1,"featured_media":0,"parent":0,"menu_order":0,"comment_status":"closed","ping_status":"closed","template":"","meta":{"footnotes":""},"class_list":["post-1154","page","type-page","status-publish","hentry"],"yoast_head":"<!-- This site is optimized with the Yoast SEO plugin v26.9 - https:\/\/yoast.com\/product\/yoast-seo-wordpress\/ -->\n<title>Homepage &#8212; Autolinee Salvatore Lumia<\/title>\n<meta name=\"robots\" content=\"index, follow, max-snippet:-1, max-image-preview:large, max-video-preview:-1\" \/>\n<link rel=\"canonical\" href=\"https:\/\/autolineelumia.com\/index.php\/de\/homepage-2\/\" \/>\n<meta property=\"og:locale\" content=\"it_IT\" \/>\n<meta property=\"og:type\" content=\"article\" \/>\n<meta property=\"og:title\" content=\"Homepage &#8212; Autolinee Salvatore Lumia\" \/>\n<meta property=\"og:description\" content=\"Ab 01.01.2026 gelten neue Zeiten ab: Agrigento Burgio Calamonaci Caltabellotta Cattolica Gibellina Lucca Menfi Montallegro Montevago Partanna Poggioreale PLeggi tutto\" \/>\n<meta property=\"og:url\" content=\"https:\/\/autolineelumia.com\/index.php\/de\/homepage-2\/\" \/>\n<meta property=\"og:site_name\" content=\"Autolinee Salvatore Lumia\" \/>\n<meta property=\"article:modified_time\" content=\"2026-04-02T23:57:04+00:00\" \/>\n<meta name=\"twitter:card\" content=\"summary_large_image\" \/>\n<meta name=\"twitter:label1\" content=\"Tempo di lettura stimato\" \/>\n\t<meta name=\"twitter:data1\" content=\"1 minuto\" \/>\n<script type=\"application\/ld+json\" class=\"yoast-schema-graph\">{\"@context\":\"https:\/\/schema.org\",\"@graph\":[{\"@type\":\"WebPage\",\"@id\":\"https:\/\/autolineelumia.com\/index.php\/de\/homepage-2\/\",\"url\":\"https:\/\/autolineelumia.com\/index.php\/de\/homepage-2\/\",\"name\":\"Homepage &#8212; Autolinee Salvatore Lumia\",\"isPartOf\":{\"@id\":\"https:\/\/autolineelumia.com\/#website\"},\"primaryImageOfPage\":{\"@id\":\"https:\/\/autolineelumia.com\/index.php\/de\/homepage-2\/#primaryimage\"},\"image\":{\"@id\":\"https:\/\/autolineelumia.com\/index.php\/de\/homepage-2\/#primaryimage\"},\"thumbnailUrl\":\"https:\/\/autolineelumia.com\/wp-content\/uploads\/2026\/01\/Agrigento-Trapani-Homepage.jpg\",\"datePublished\":\"2022-08-18T13:38:56+00:00\",\"dateModified\":\"2026-04-02T23:57:04+00:00\",\"breadcrumb\":{\"@id\":\"https:\/\/autolineelumia.com\/index.php\/de\/homepage-2\/#breadcrumb\"},\"inLanguage\":\"it-IT\",\"potentialAction\":[{\"@type\":\"ReadAction\",\"target\":[\"https:\/\/autolineelumia.com\/index.php\/de\/homepage-2\/\"]}]},{\"@type\":\"ImageObject\",\"inLanguage\":\"it-IT\",\"@id\":\"https:\/\/autolineelumia.com\/index.php\/de\/homepage-2\/#primaryimage\",\"url\":\"\",\"contentUrl\":\"\"},{\"@type\":\"BreadcrumbList\",\"@id\":\"https:\/\/autolineelumia.com\/index.php\/de\/homepage-2\/#breadcrumb\",\"itemListElement\":[{\"@type\":\"ListItem\",\"position\":1,\"name\":\"Home\",\"item\":\"https:\/\/autolineelumia.com\/\"},{\"@type\":\"ListItem\",\"position\":2,\"name\":\"Homepage\"}]},{\"@type\":\"WebSite\",\"@id\":\"https:\/\/autolineelumia.com\/#website\",\"url\":\"https:\/\/autolineelumia.com\/\",\"name\":\"Autolinee Salvatore Lumia\",\"description\":\"\",\"publisher\":{\"@id\":\"https:\/\/autolineelumia.com\/#organization\"},\"potentialAction\":[{\"@type\":\"SearchAction\",\"target\":{\"@type\":\"EntryPoint\",\"urlTemplate\":\"https:\/\/autolineelumia.com\/?s={search_term_string}\"},\"query-input\":{\"@type\":\"PropertyValueSpecification\",\"valueRequired\":true,\"valueName\":\"search_term_string\"}}],\"inLanguage\":\"it-IT\"},{\"@type\":\"Organization\",\"@id\":\"https:\/\/autolineelumia.com\/#organization\",\"name\":\"Salvatore Lumia Autolinee\",\"url\":\"https:\/\/autolineelumia.com\/\",\"logo\":{\"@type\":\"ImageObject\",\"inLanguage\":\"it-IT\",\"@id\":\"https:\/\/autolineelumia.com\/#\/schema\/logo\/image\/\",\"url\":\"https:\/\/autolineelumia.com\/wp-content\/uploads\/2018\/06\/r2_c4.gif\",\"contentUrl\":\"https:\/\/autolineelumia.com\/wp-content\/uploads\/2018\/06\/r2_c4.gif\",\"width\":193,\"height\":70,\"caption\":\"Salvatore Lumia Autolinee\"},\"image\":{\"@id\":\"https:\/\/autolineelumia.com\/#\/schema\/logo\/image\/\"}}]}<\/script>\n<!-- \/ Yoast SEO plugin. -->","yoast_head_json":{"title":"Homepage &#8212; Autolinee Salvatore Lumia","robots":{"index":"index","follow":"follow","max-snippet":"max-snippet:-1","max-image-preview":"max-image-preview:large","max-video-preview":"max-video-preview:-1"},"canonical":"https:\/\/autolineelumia.com\/index.php\/de\/homepage-2\/","og_locale":"it_IT","og_type":"article","og_title":"Homepage &#8212; Autolinee Salvatore Lumia","og_description":"Ab 01.01.2026 gelten neue Zeiten ab: Agrigento Burgio Calamonaci Caltabellotta Cattolica Gibellina Lucca Menfi Montallegro Montevago Partanna Poggioreale PLeggi tutto","og_url":"https:\/\/autolineelumia.com\/index.php\/de\/homepage-2\/","og_site_name":"Autolinee Salvatore Lumia","article_modified_time":"2026-04-02T23:57:04+00:00","twitter_card":"summary_large_image","twitter_misc":{"Tempo di lettura stimato":"1 minuto"},"schema":{"@context":"https:\/\/schema.org","@graph":[{"@type":"WebPage","@id":"https:\/\/autolineelumia.com\/index.php\/de\/homepage-2\/","url":"https:\/\/autolineelumia.com\/index.php\/de\/homepage-2\/","name":"Homepage &#8212; Autolinee Salvatore Lumia","isPartOf":{"@id":"https:\/\/autolineelumia.com\/#website"},"primaryImageOfPage":{"@id":"https:\/\/autolineelumia.com\/index.php\/de\/homepage-2\/#primaryimage"},"image":{"@id":"https:\/\/autolineelumia.com\/index.php\/de\/homepage-2\/#primaryimage"},"thumbnailUrl":"https:\/\/autolineelumia.com\/wp-content\/uploads\/2026\/01\/Agrigento-Trapani-Homepage.jpg","datePublished":"2022-08-18T13:38:56+00:00","dateModified":"2026-04-02T23:57:04+00:00","breadcrumb":{"@id":"https:\/\/autolineelumia.com\/index.php\/de\/homepage-2\/#breadcrumb"},"inLanguage":"it-IT","potentialAction":[{"@type":"ReadAction","target":["https:\/\/autolineelumia.com\/index.php\/de\/homepage-2\/"]}]},{"@type":"ImageObject","inLanguage":"it-IT","@id":"https:\/\/autolineelumia.com\/index.php\/de\/homepage-2\/#primaryimage","url":"","contentUrl":""},{"@type":"BreadcrumbList","@id":"https:\/\/autolineelumia.com\/index.php\/de\/homepage-2\/#breadcrumb","itemListElement":[{"@type":"ListItem","position":1,"name":"Home","item":"https:\/\/autolineelumia.com\/"},{"@type":"ListItem","position":2,"name":"Homepage"}]},{"@type":"WebSite","@id":"https:\/\/autolineelumia.com\/#website","url":"https:\/\/autolineelumia.com\/","name":"Autolinee Salvatore Lumia","description":"","publisher":{"@id":"https:\/\/autolineelumia.com\/#organization"},"potentialAction":[{"@type":"SearchAction","target":{"@type":"EntryPoint","urlTemplate":"https:\/\/autolineelumia.com\/?s={search_term_string}"},"query-input":{"@type":"PropertyValueSpecification","valueRequired":true,"valueName":"search_term_string"}}],"inLanguage":"it-IT"},{"@type":"Organization","@id":"https:\/\/autolineelumia.com\/#organization","name":"Salvatore Lumia Autolinee","url":"https:\/\/autolineelumia.com\/","logo":{"@type":"ImageObject","inLanguage":"it-IT","@id":"https:\/\/autolineelumia.com\/#\/schema\/logo\/image\/","url":"https:\/\/autolineelumia.com\/wp-content\/uploads\/2018\/06\/r2_c4.gif","contentUrl":"https:\/\/autolineelumia.com\/wp-content\/uploads\/2018\/06\/r2_c4.gif","width":193,"height":70,"caption":"Salvatore Lumia Autolinee"},"image":{"@id":"https:\/\/autolineelumia.com\/#\/schema\/logo\/image\/"}}]}},"_links":{"self":[{"href":"https:\/\/autolineelumia.com\/index.php\/wp-json\/wp\/v2\/pages\/1154","targetHints":{"allow":["GET"]}}],"collection":[{"href":"https:\/\/autolineelumia.com\/index.php\/wp-json\/wp\/v2\/pages"}],"about":[{"href":"https:\/\/autolineelumia.com\/index.php\/wp-json\/wp\/v2\/types\/page"}],"author":[{"embeddable":true,"href":"https:\/\/autolineelumia.com\/index.php\/wp-json\/wp\/v2\/users\/1"}],"replies":[{"embeddable":true,"href":"https:\/\/autolineelumia.com\/index.php\/wp-json\/wp\/v2\/comments?post=1154"}],"version-history":[{"count":65,"href":"https:\/\/autolineelumia.com\/index.php\/wp-json\/wp\/v2\/pages\/1154\/revisions"}],"predecessor-version":[{"id":5745,"href":"https:\/\/autolineelumia.com\/index.php\/wp-json\/wp\/v2\/pages\/1154\/revisions\/5745"}],"wp:attachment":[{"href":"https:\/\/autolineelumia.com\/index.php\/wp-json\/wp\/v2\/media?parent=1154"}],"curies":[{"name":"wp","href":"https:\/\/api.w.org\/{rel}","templated":true}]}}