
{"id":1146,"date":"2022-08-18T15:33:52","date_gmt":"2022-08-18T13:33:52","guid":{"rendered":"https:\/\/autolineelumia.com\/?page_id=1146"},"modified":"2026-04-03T01:57:44","modified_gmt":"2026-04-02T23:57:44","slug":"homepage-3","status":"publish","type":"page","link":"https:\/\/autolineelumia.com\/index.php\/fr\/homepage-3\/","title":{"rendered":"Homepage"},"content":{"rendered":"<h2 class=\"hP\" style=\"text-align: center;\" tabindex=\"-1\" data-thread-perm-id=\"thread-f:1851117440492552738\" data-legacy-thread-id=\"19b07d812616c222\"><strong><span style=\"color: #ff0000;\">Nouveaux horaires en vigueur \u00e0 partir du 01\/01\/2026 \u00e0 partir de :<\/span><\/strong><\/h2>\n<table>\n<tbody>\n<tr>\n<td>\n<ul>\n<li><a href=\"https:\/\/autolineelumia.com\/wp-content\/uploads\/2026\/02\/Agrigento.jpg\" target=\"_blank\" rel=\"noopener\">Agrigento<\/a><\/li>\n<li><a href=\"https:\/\/autolineelumia.com\/wp-content\/uploads\/2026\/01\/Burgio.jpg\" target=\"_blank\" rel=\"noopener\">Burgio<\/a><\/li>\n<li><a href=\"https:\/\/autolineelumia.com\/wp-content\/uploads\/2026\/01\/Calamonaci.jpg\" target=\"_blank\" rel=\"noopener\">Calamonaci<\/a><\/li>\n<li><a href=\"https:\/\/autolineelumia.com\/wp-content\/uploads\/2026\/01\/Caltabellotta.jpg\" target=\"_blank\" rel=\"noopener\">Caltabellotta<\/a><\/li>\n<li><a href=\"https:\/\/autolineelumia.com\/wp-content\/uploads\/2026\/01\/Cattolica-Eraclea.jpg\" target=\"_blank\" rel=\"noopener\">Cattolica<\/a><\/li>\n<li><a href=\"https:\/\/autolineelumia.com\/wp-content\/uploads\/2026\/01\/Gibellina.jpg\" target=\"_blank\" rel=\"noopener\">Gibellina<\/a><\/li>\n<li><a href=\"https:\/\/autolineelumia.com\/wp-content\/uploads\/2026\/01\/Lucca.jpg\" target=\"_blank\" rel=\"noopener\">Lucca<\/a><\/li>\n<li><a href=\"https:\/\/autolineelumia.com\/wp-content\/uploads\/2026\/01\/Menfi.jpg\" target=\"_blank\" rel=\"noopener\">Menfi<\/a><\/li>\n<li><a href=\"https:\/\/autolineelumia.com\/wp-content\/uploads\/2026\/01\/Montallegro.jpg\" target=\"_blank\" rel=\"noopener\">Montallegro<\/a><\/li>\n<li><a href=\"https:\/\/autolineelumia.com\/wp-content\/uploads\/2026\/01\/Montevago.jpg\">Montevago<\/a><\/li>\n<li><a href=\"https:\/\/autolineelumia.com\/wp-content\/uploads\/2026\/01\/Partanna.jpg\" target=\"_blank\" rel=\"noopener\">Partanna<\/a><\/li>\n<li><a href=\"https:\/\/autolineelumia.com\/wp-content\/uploads\/2026\/01\/Poggioreale.jpg\" target=\"_blank\" rel=\"noopener\">Poggioreale<\/a><\/li>\n<li><a href=\"https:\/\/autolineelumia.com\/wp-content\/uploads\/2026\/03\/Porto-Empedocle.jpg\" target=\"_blank\" rel=\"noopener\">Porto Empedocle<\/a><\/li>\n<\/ul>\n<\/td>\n<td>\n<ul>\n<li><a href=\"https:\/\/autolineelumia.com\/wp-content\/uploads\/2026\/01\/Realmonte.jpg\" target=\"_blank\" rel=\"noopener\">Realmonte<\/a><\/li>\n<li><a href=\"https:\/\/autolineelumia.com\/wp-content\/uploads\/2026\/01\/Ribera.jpg\" target=\"_blank\" rel=\"noopener\">Ribera<\/a><\/li>\n<li><a href=\"https:\/\/autolineelumia.com\/wp-content\/uploads\/2026\/01\/Salaparuta.jpg\" target=\"_blank\" rel=\"noopener\">Salaparuta<\/a><\/li>\n<li><a href=\"https:\/\/autolineelumia.com\/wp-content\/uploads\/2026\/01\/Sambuca.jpg\" target=\"_blank\" rel=\"noopener\">Sambuca<\/a><\/li>\n<li><a href=\"https:\/\/autolineelumia.com\/wp-content\/uploads\/2026\/01\/SantAnna.jpg\" target=\"_blank\" rel=\"noopener\">Sant&#8217;Anna<\/a><\/li>\n<li><a href=\"https:\/\/autolineelumia.com\/wp-content\/uploads\/2026\/01\/Santa-Margherita.jpg\" target=\"_blank\" rel=\"noopener\">Santa Margherita<\/a><\/li>\n<li><a href=\"https:\/\/autolineelumia.com\/wp-content\/uploads\/2026\/01\/Santa-Ninfa.jpg\" target=\"_blank\" rel=\"noopener\">Santa Ninfa<\/a><\/li>\n<li><a href=\"https:\/\/autolineelumia.com\/wp-content\/uploads\/2026\/02\/Sciacca-Ospedale.jpg\" target=\"_blank\" rel=\"noopener\">Sciacca Ospedale<\/a><\/li>\n<li><a href=\"https:\/\/autolineelumia.com\/wp-content\/uploads\/2026\/02\/Sciacca.jpg\" target=\"_blank\" rel=\"noopener\">Sciacca<\/a><\/li>\n<li><a href=\"https:\/\/autolineelumia.com\/wp-content\/uploads\/2026\/01\/Siculiana.jpg\">Siculiana<\/a><\/li>\n<li><a href=\"https:\/\/autolineelumia.com\/wp-content\/uploads\/2026\/01\/Villafranca.jpg\" target=\"_blank\" rel=\"noopener\">Villafranca<\/a><\/li>\n<li><a href=\"https:\/\/autolineelumia.com\/wp-content\/uploads\/2026\/01\/Trapani-Agrigento.jpg\" target=\"_blank\" rel=\"noopener\">Trapani-Sciacca-Agrigento<\/a><\/li>\n<li><a href=\"https:\/\/autolineelumia.com\/wp-content\/uploads\/2026\/01\/TrapaniAggiunta.jpg\" target=\"_blank\" rel=\"noopener\">Trapani-Gibellina-Poggioreale<\/a><\/li>\n<\/ul>\n<\/td>\n<\/tr>\n<\/tbody>\n<\/table>\n<p>&nbsp;<\/p>\n<p><a href=\"https:\/\/autolineelumia.com\/agrigento-trapani-homepage-2\/\"><img loading=\"lazy\" decoding=\"async\" class=\"aligncenter size-full wp-image-5671\" src=\"https:\/\/autolineelumia.com\/wp-content\/uploads\/2026\/01\/Agrigento-Trapani-Homepage.jpg\" alt=\"\" width=\"1240\" height=\"1754\" \/><\/a><\/p>\n<p>&nbsp;<\/p>\n<p>\u00ab Nous r\u00e9alisons des dessertes extra-urbaines sur 13 lignes, pour un r\u00e9seau de 1 300 km que nous parcourons avec 56 bus d&#8217;anciennet\u00e9 moyenne inf\u00e9rieure \u00e0 9 ans.<\/p>\n<p>\u00ab Nous transportons plus de 1 100 000 passagers par an pour un total de 40 millions de voyageurs par km que nos bus parcourent sur plus de 2 000 000 kilom\u00e8tres.<\/p>\n<p>D\u00e9tails du contact<\/p>\n<p>Bureau d&#8217;Agrigente<br \/>\nVia Pindaro, 3 &#8211; 92100 Agrigente<br \/>\nT\u00e9l (+39) 0922 20414<\/p>\n<p>Bureau Sciacca<br \/>\nVia Lioni, 11 &#8211; 92019 Sciacca (AG)<br \/>\nT\u00e9l (+39) 0925 21135<\/p>\n","protected":false},"excerpt":{"rendered":"<div class=\"slide-text-bg2\"><span>Nouveaux horaires en vigueur \u00e0 partir du 01\/01\/2026 \u00e0 partir de : Agrigento Burgio Calamonaci Caltabellotta Cattolica Gibellina Lucca Menfi Montallegro M<\/span><\/div>\n<div class=\"slide-btn-area-sm\"><a href=\"https:\/\/autolineelumia.com\/index.php\/fr\/homepage-3\/\" class=\"slide-btn-sm\">Leggi tutto<\/a><\/div>\n","protected":false},"author":1,"featured_media":0,"parent":0,"menu_order":0,"comment_status":"closed","ping_status":"closed","template":"","meta":{"footnotes":""},"class_list":["post-1146","page","type-page","status-publish","hentry"],"yoast_head":"<!-- This site is optimized with the Yoast SEO plugin v26.9 - https:\/\/yoast.com\/product\/yoast-seo-wordpress\/ -->\n<title>Homepage &#8212; Autolinee Salvatore Lumia<\/title>\n<meta name=\"robots\" content=\"index, follow, max-snippet:-1, max-image-preview:large, max-video-preview:-1\" \/>\n<link rel=\"canonical\" href=\"https:\/\/autolineelumia.com\/index.php\/fr\/homepage-3\/\" \/>\n<meta property=\"og:locale\" content=\"it_IT\" \/>\n<meta property=\"og:type\" content=\"article\" \/>\n<meta property=\"og:title\" content=\"Homepage &#8212; Autolinee Salvatore Lumia\" \/>\n<meta property=\"og:description\" content=\"Nouveaux horaires en vigueur \u00e0 partir du 01\/01\/2026 \u00e0 partir de : Agrigento Burgio Calamonaci Caltabellotta Cattolica Gibellina Lucca Menfi Montallegro MLeggi tutto\" \/>\n<meta property=\"og:url\" content=\"https:\/\/autolineelumia.com\/index.php\/fr\/homepage-3\/\" \/>\n<meta property=\"og:site_name\" content=\"Autolinee Salvatore Lumia\" \/>\n<meta property=\"article:modified_time\" content=\"2026-04-02T23:57:44+00:00\" \/>\n<meta name=\"twitter:card\" content=\"summary_large_image\" \/>\n<meta name=\"twitter:label1\" content=\"Tempo di lettura stimato\" \/>\n\t<meta name=\"twitter:data1\" content=\"1 minuto\" \/>\n<script type=\"application\/ld+json\" class=\"yoast-schema-graph\">{\"@context\":\"https:\/\/schema.org\",\"@graph\":[{\"@type\":\"WebPage\",\"@id\":\"https:\/\/autolineelumia.com\/index.php\/fr\/homepage-3\/\",\"url\":\"https:\/\/autolineelumia.com\/index.php\/fr\/homepage-3\/\",\"name\":\"Homepage &#8212; Autolinee Salvatore Lumia\",\"isPartOf\":{\"@id\":\"https:\/\/autolineelumia.com\/#website\"},\"primaryImageOfPage\":{\"@id\":\"https:\/\/autolineelumia.com\/index.php\/fr\/homepage-3\/#primaryimage\"},\"image\":{\"@id\":\"https:\/\/autolineelumia.com\/index.php\/fr\/homepage-3\/#primaryimage\"},\"thumbnailUrl\":\"https:\/\/autolineelumia.com\/wp-content\/uploads\/2026\/01\/Agrigento-Trapani-Homepage.jpg\",\"datePublished\":\"2022-08-18T13:33:52+00:00\",\"dateModified\":\"2026-04-02T23:57:44+00:00\",\"breadcrumb\":{\"@id\":\"https:\/\/autolineelumia.com\/index.php\/fr\/homepage-3\/#breadcrumb\"},\"inLanguage\":\"it-IT\",\"potentialAction\":[{\"@type\":\"ReadAction\",\"target\":[\"https:\/\/autolineelumia.com\/index.php\/fr\/homepage-3\/\"]}]},{\"@type\":\"ImageObject\",\"inLanguage\":\"it-IT\",\"@id\":\"https:\/\/autolineelumia.com\/index.php\/fr\/homepage-3\/#primaryimage\",\"url\":\"\",\"contentUrl\":\"\"},{\"@type\":\"BreadcrumbList\",\"@id\":\"https:\/\/autolineelumia.com\/index.php\/fr\/homepage-3\/#breadcrumb\",\"itemListElement\":[{\"@type\":\"ListItem\",\"position\":1,\"name\":\"Home\",\"item\":\"https:\/\/autolineelumia.com\/\"},{\"@type\":\"ListItem\",\"position\":2,\"name\":\"Homepage\"}]},{\"@type\":\"WebSite\",\"@id\":\"https:\/\/autolineelumia.com\/#website\",\"url\":\"https:\/\/autolineelumia.com\/\",\"name\":\"Autolinee Salvatore Lumia\",\"description\":\"\",\"publisher\":{\"@id\":\"https:\/\/autolineelumia.com\/#organization\"},\"potentialAction\":[{\"@type\":\"SearchAction\",\"target\":{\"@type\":\"EntryPoint\",\"urlTemplate\":\"https:\/\/autolineelumia.com\/?s={search_term_string}\"},\"query-input\":{\"@type\":\"PropertyValueSpecification\",\"valueRequired\":true,\"valueName\":\"search_term_string\"}}],\"inLanguage\":\"it-IT\"},{\"@type\":\"Organization\",\"@id\":\"https:\/\/autolineelumia.com\/#organization\",\"name\":\"Salvatore Lumia Autolinee\",\"url\":\"https:\/\/autolineelumia.com\/\",\"logo\":{\"@type\":\"ImageObject\",\"inLanguage\":\"it-IT\",\"@id\":\"https:\/\/autolineelumia.com\/#\/schema\/logo\/image\/\",\"url\":\"https:\/\/autolineelumia.com\/wp-content\/uploads\/2018\/06\/r2_c4.gif\",\"contentUrl\":\"https:\/\/autolineelumia.com\/wp-content\/uploads\/2018\/06\/r2_c4.gif\",\"width\":193,\"height\":70,\"caption\":\"Salvatore Lumia Autolinee\"},\"image\":{\"@id\":\"https:\/\/autolineelumia.com\/#\/schema\/logo\/image\/\"}}]}<\/script>\n<!-- \/ Yoast SEO plugin. -->","yoast_head_json":{"title":"Homepage &#8212; Autolinee Salvatore Lumia","robots":{"index":"index","follow":"follow","max-snippet":"max-snippet:-1","max-image-preview":"max-image-preview:large","max-video-preview":"max-video-preview:-1"},"canonical":"https:\/\/autolineelumia.com\/index.php\/fr\/homepage-3\/","og_locale":"it_IT","og_type":"article","og_title":"Homepage &#8212; Autolinee Salvatore Lumia","og_description":"Nouveaux horaires en vigueur \u00e0 partir du 01\/01\/2026 \u00e0 partir de : Agrigento Burgio Calamonaci Caltabellotta Cattolica Gibellina Lucca Menfi Montallegro MLeggi tutto","og_url":"https:\/\/autolineelumia.com\/index.php\/fr\/homepage-3\/","og_site_name":"Autolinee Salvatore Lumia","article_modified_time":"2026-04-02T23:57:44+00:00","twitter_card":"summary_large_image","twitter_misc":{"Tempo di lettura stimato":"1 minuto"},"schema":{"@context":"https:\/\/schema.org","@graph":[{"@type":"WebPage","@id":"https:\/\/autolineelumia.com\/index.php\/fr\/homepage-3\/","url":"https:\/\/autolineelumia.com\/index.php\/fr\/homepage-3\/","name":"Homepage &#8212; Autolinee Salvatore Lumia","isPartOf":{"@id":"https:\/\/autolineelumia.com\/#website"},"primaryImageOfPage":{"@id":"https:\/\/autolineelumia.com\/index.php\/fr\/homepage-3\/#primaryimage"},"image":{"@id":"https:\/\/autolineelumia.com\/index.php\/fr\/homepage-3\/#primaryimage"},"thumbnailUrl":"https:\/\/autolineelumia.com\/wp-content\/uploads\/2026\/01\/Agrigento-Trapani-Homepage.jpg","datePublished":"2022-08-18T13:33:52+00:00","dateModified":"2026-04-02T23:57:44+00:00","breadcrumb":{"@id":"https:\/\/autolineelumia.com\/index.php\/fr\/homepage-3\/#breadcrumb"},"inLanguage":"it-IT","potentialAction":[{"@type":"ReadAction","target":["https:\/\/autolineelumia.com\/index.php\/fr\/homepage-3\/"]}]},{"@type":"ImageObject","inLanguage":"it-IT","@id":"https:\/\/autolineelumia.com\/index.php\/fr\/homepage-3\/#primaryimage","url":"","contentUrl":""},{"@type":"BreadcrumbList","@id":"https:\/\/autolineelumia.com\/index.php\/fr\/homepage-3\/#breadcrumb","itemListElement":[{"@type":"ListItem","position":1,"name":"Home","item":"https:\/\/autolineelumia.com\/"},{"@type":"ListItem","position":2,"name":"Homepage"}]},{"@type":"WebSite","@id":"https:\/\/autolineelumia.com\/#website","url":"https:\/\/autolineelumia.com\/","name":"Autolinee Salvatore Lumia","description":"","publisher":{"@id":"https:\/\/autolineelumia.com\/#organization"},"potentialAction":[{"@type":"SearchAction","target":{"@type":"EntryPoint","urlTemplate":"https:\/\/autolineelumia.com\/?s={search_term_string}"},"query-input":{"@type":"PropertyValueSpecification","valueRequired":true,"valueName":"search_term_string"}}],"inLanguage":"it-IT"},{"@type":"Organization","@id":"https:\/\/autolineelumia.com\/#organization","name":"Salvatore Lumia Autolinee","url":"https:\/\/autolineelumia.com\/","logo":{"@type":"ImageObject","inLanguage":"it-IT","@id":"https:\/\/autolineelumia.com\/#\/schema\/logo\/image\/","url":"https:\/\/autolineelumia.com\/wp-content\/uploads\/2018\/06\/r2_c4.gif","contentUrl":"https:\/\/autolineelumia.com\/wp-content\/uploads\/2018\/06\/r2_c4.gif","width":193,"height":70,"caption":"Salvatore Lumia Autolinee"},"image":{"@id":"https:\/\/autolineelumia.com\/#\/schema\/logo\/image\/"}}]}},"_links":{"self":[{"href":"https:\/\/autolineelumia.com\/index.php\/wp-json\/wp\/v2\/pages\/1146","targetHints":{"allow":["GET"]}}],"collection":[{"href":"https:\/\/autolineelumia.com\/index.php\/wp-json\/wp\/v2\/pages"}],"about":[{"href":"https:\/\/autolineelumia.com\/index.php\/wp-json\/wp\/v2\/types\/page"}],"author":[{"embeddable":true,"href":"https:\/\/autolineelumia.com\/index.php\/wp-json\/wp\/v2\/users\/1"}],"replies":[{"embeddable":true,"href":"https:\/\/autolineelumia.com\/index.php\/wp-json\/wp\/v2\/comments?post=1146"}],"version-history":[{"count":68,"href":"https:\/\/autolineelumia.com\/index.php\/wp-json\/wp\/v2\/pages\/1146\/revisions"}],"predecessor-version":[{"id":5746,"href":"https:\/\/autolineelumia.com\/index.php\/wp-json\/wp\/v2\/pages\/1146\/revisions\/5746"}],"wp:attachment":[{"href":"https:\/\/autolineelumia.com\/index.php\/wp-json\/wp\/v2\/media?parent=1146"}],"curies":[{"name":"wp","href":"https:\/\/api.w.org\/{rel}","templated":true}]}}